{"id":707,"date":"2011-07-29T07:51:06","date_gmt":"2011-07-29T07:51:06","guid":{"rendered":"http:\/\/www.komedija.hr\/web\/?page_id=707"},"modified":"2015-10-06T14:27:49","modified_gmt":"2015-10-06T12:27:49","slug":"sluga-dvaju-gospodara","status":"publish","type":"page","link":"https:\/\/www.komedija.hr\/www\/arhiva-predstava\/sluga-dvaju-gospodara\/","title":{"rendered":"Sluga dvaju gospodara"},"content":{"rendered":"<blockquote><p>Komedija u tri \u010dina<br \/>\n<strong>Carlo Goldoni<\/strong>, Naslov originala: Il servitore di due padroni (Arlecchino, il servitore di due padroni)<\/p><\/blockquote>\n<p>Komediju Il servitore di due padroni \u2013 Sluga dvaju gospodara Carlo Goldoni (1707\u20131793) napisao je 1745. U njoj je sa\u017eeo sve \u0161to treba postojati u dobroj commediji del arte. Pojavljuju se svi tipi\u010dni likovi; Pantalone, Doktor, Kapetan, Ljubavnici, Brighella, likovi slugu i, na kraju, Arlecchino. Ipak, za razliku tipi\u010dnog renesansnog lika Arlecchina \u010dijom lukavo\u0161\u0107u svi ostali dobiju po zasluzi, naj\u010de\u0161\u0107e batina, Goldonijev Arlecchino je ne\u0161to druga\u010dijeg kova.<\/p>\n<p><code><code><div class='catablog-catalog'><div class=\"catablog-row catablog-gallery\">\r\n\t<a href=\"https:\/\/www.komedija.hr\/www\/wp-content\/uploads\/catablog\/originals\/foto3-9.jpg\" class=\"catablog-image\"  >\r\n\t\t<img decoding=\"async\" src=\"https:\/\/www.komedija.hr\/www\/wp-content\/uploads\/catablog\/thumbnails\/foto3-9.jpg\" alt=\"\" \/>\r\n\t\t<strong class=\"catablog-title\">foto3<\/strong>\t\r\n\t<\/a>\r\n\t<div class=\"catablog-description\"><\/div>\r\n<\/div><div class=\"catablog-row catablog-gallery\">\r\n\t<a href=\"https:\/\/www.komedija.hr\/www\/wp-content\/uploads\/catablog\/originals\/foto1-8.jpg\" class=\"catablog-image\"  >\r\n\t\t<img decoding=\"async\" src=\"https:\/\/www.komedija.hr\/www\/wp-content\/uploads\/catablog\/thumbnails\/foto1-8.jpg\" alt=\"\" \/>\r\n\t\t<strong class=\"catablog-title\">foto1<\/strong>\t\r\n\t<\/a>\r\n\t<div class=\"catablog-description\"><\/div>\r\n<\/div><div class=\"catablog-row catablog-gallery\">\r\n\t<a href=\"https:\/\/www.komedija.hr\/www\/wp-content\/uploads\/catablog\/originals\/foto2-8.jpg\" class=\"catablog-image\"  >\r\n\t\t<img decoding=\"async\" src=\"https:\/\/www.komedija.hr\/www\/wp-content\/uploads\/catablog\/thumbnails\/foto2-8.jpg\" alt=\"\" \/>\r\n\t\t<strong class=\"catablog-title\">foto2<\/strong>\t\r\n\t<\/a>\r\n\t<div class=\"catablog-description\"><\/div>\r\n<\/div><\/div><div class='catablog-navigation'><span class='catablog-navigation-link catablog-first-page-link catablog-disabled'><\/span> <\/div><\/code><\/code><\/p>\n<p>Goldonijeva komedija je komedija zabuna i vje\u0161to slo\u017eena drama krivoga trenutka. I kao \u0161to renesansna komedija improvizacije, na temelju koje je Goldoni (uz Moli\u010dreov utjecaj, dakako) poduzeo vlastitu veliku reformu talijanskog kazali\u0161ta, u sredi\u0161tu intrige ima spretnog i poduzetnog Arlecchina, tako je i ovdje u zametku svake spletke i nesporazuma po jedna Arlecchinova velika la\u017e. Ne \u010dudi da je ova komedija poznatija pod imenom Arlecchino, il servitore di due padroni, a zacijelo najpoznatije njezino uprizorenje jest ono u re\u017eiji Giorgia Strehlera u Piccolo Teatro di Milano, kojim je Strehler spasio od zaborava jo\u0161 jednu u nizu velikih i rado izvo\u0111enih Goldonijevih drama. Strehler je to u\u010dinio i s Trilogijom o ljetovanju.<\/p>\n<p>Uprizorenje komedije Sluga dvaju gospodara u novom prijevodu Borisa B. Hrovata i u re\u017eiji Nine Kleflin doprinos je Kazali\u0161ta Komedija proslavi tristote obljetnice ro\u0111enja velikog talijanskog dramati\u010dara. Jasno, dobar komediografski predlo\u017eak bez dobrih komi\u010dara ne mo\u017ee za\u017eivjeti punim \u017eivotom! I zbog toga je ansambl Kazali\u0161ta Komedija pravo mjesto gdje mo\u017eete prona\u0107i Goldonijeva Arlecchina \u2013 Ronalda \u017dlabura, vrsnog Pantalonea \u2013 Damira Lon\u010dara, nje\u017enu Clarice \u2013 Vandu Winter, umjerenog u\u010denog Doktora \u2013 Vinka Kraljevi\u0107a, vatrenog Silvia (Kapetan) \u2013 Adama Kon\u010di\u0107a, snala\u017eljivu i hrabru Beatrice (Ljubavnica) \u2013 Renatu Sabljak, tu\u017enog i strasnog Florinda (Ljubavnik) \u2013 Dra\u017eena \u010cu\u010deka, smirenog Brighellu \u2013 Ljubu Ze\u010devi\u0107a kojemu poma\u017ee Manuelle \u2013 Ranko Tihomirovi\u0107.<\/p>\n<p>Djela Carla Goldonija \u010desto su i rado izvo\u0111ena na hrvatskim pozornicama, no naj\u010de\u0161\u0107e je izvo\u0111ena komedija Kr\u010dmarica Mirandolina i to u raznim ina\u010dicama i preradbama. I Kazali\u0161te Komedija nekoliko je puta imalo na repertoaru Kr\u010dmaricu Mirandolinu. Svaka je postava bila posje\u0107ena i igrana, stoga \u0107e i premijera komedije Sluga dvaju gospodara biti odli\u010dan na\u010din, ne samo da se Gradsko kazali\u0161te Komedija pridru\u017ei obilje\u017eavanju tristogodi\u0161njice ro\u0111enja, ve\u0107 i prilika vjernoj publici da do\u0111e na svoje \u2013 jasno, ne \u0161to se ti\u010de batina kao Arlecchino, ve\u0107 \u0161to se ti\u010de smijeha!<\/p>\n<p><em>Lidija Zozoli<\/em><\/p>\n<blockquote><p>Prijevod:\u00a0 Boris B. Hrovat<br \/>\nRedateljica: Nina Kleflin<br \/>\nScenograf:\u00a0 Osman Arslanagi\u0107<br \/>\nKostimografkinja:\u00a0 Doris Kristi\u0107<br \/>\nDizajner svjetla:\u00a0 Aleksandar Mondecar<br \/>\nScenski pokret:\u00a0 Velimir Velev<br \/>\nSuradnica za scenski pokret: Andreja \u0160iroki<br \/>\nGlazba : Du\u0161ko Zubalj<\/p>\n<p>Uloge:<br \/>\nPantalone, trgovac <a title=\"Damir Lon\u010dar\" href=\"http:\/\/www.komedija.hr\/web\/?page_id=1004\">Damir Lon\u010dar<\/a><br \/>\nClarice, njegova k\u0107i <a title=\"Vanda Winter\" href=\"http:\/\/www.komedija.hr\/web\/?page_id=1399\">Vanda Winter<\/a><br \/>\nDoktor Lombardi <a title=\"Vinko Kraljevi\u0107\" href=\"http:\/\/www.komedija.hr\/web\/?page_id=1002\">Vinko Kraljevi\u0107<\/a><br \/>\nSilvio, njegov sin <a title=\"Adam Kon\u010di\u0107\" href=\"http:\/\/www.komedija.hr\/web\/?page_id=958\">Adam Kon\u010di\u0107<\/a><br \/>\nBeatrice Rasponi iz Torina, u mu\u0161kom odijelu pod imenom Federigo Rasponi <a title=\"Renata Sabljak\" href=\"http:\/\/www.komedija.hr\/web\/?page_id=1122\">Renata Sabljak <\/a>\/ <a title=\"Nina Kai\u0107 Madi\u0107\" href=\"http:\/\/www.komedija.hr\/web\/?page_id=956\">Nina Kai\u0107<\/a>,<br \/>\nFlorindo Aretusi, iz Torina, njezin zarucnik <a title=\"Dra\u017een \u010cu\u010dek\" href=\"http:\/\/www.komedija.hr\/web\/?page_id=937\">Dra\u017een \u010cu\u010dek<\/a><br \/>\nBrighella, krcmar <a title=\"Ljubo Ze\u010devi\u0107\" href=\"http:\/\/www.komedija.hr\/web\/?page_id=1395\">Ljubo Ze\u010devi\u0107<\/a><br \/>\nSmeraldina, Claricina slu\u017eavka <a href=\"http:\/\/www.komedija.hr\/web\/ansambl-2\/kraljevic-ana\/\">Ana Kraljevi\u0107<\/a><br \/>\nArlechino, sluga dvaju gospodara <a title=\"Ronald \u017dlabur\" href=\"http:\/\/www.komedija.hr\/web\/?page_id=1397\">Ronald \u017dlabur<\/a><br \/>\nManuelle, poslu\u017eitelj u gostionici <a title=\"Ranko Tihomirovi\u0107\" href=\"http:\/\/www.komedija.hr\/web\/?page_id=1391\">Ranko Tihomirovi\u0107<\/a><br \/>\nNosac <span style=\"text-decoration: underline;\">Du\u0161ko Modrini\u0107<\/span><br \/>\nProlaznici, nosa\u010di, gosti u gostionici<br \/>\nInspicijentica:\u00a0 Dijana Daj\u010di\u0107<br \/>\n\u0160aptacica: Dorotea Krivec<\/p>\n<p>Praizvedba 4. svibnja 2007.<br \/>\nSve\u010dana premijera 10. svibnja 2007.<br \/>\nPredstava je primjerena za sve uzraste.<br \/>\nPremijera: 12. svibnja 2006.<br \/>\nPune cijene ulaznica: 50, 40, 30 kuna.<br \/>\nTrajanje: oko 120 minuta (stanka uklju\u010dena).<\/p><\/blockquote>\n","protected":false},"excerpt":{"rendered":"<p>Komedija u tri \u010dina Carlo Goldoni, Naslov originala: Il servitore di due padroni (Arlecchino, il servitore di due padroni) Komediju Il servitore di due padroni \u2013 Sluga dvaju gospodara Carlo Goldoni (1707\u20131793) napisao je 1745. U njoj je sa\u017eeo sve \u0161to treba postojati u dobroj commediji del arte. Pojavljuju se svi tipi\u010dni likovi; Pantalone, Doktor, [&hellip;]<\/p>\n","protected":false},"author":4,"featured_media":0,"parent":1659,"menu_order":0,"comment_status":"closed","ping_status":"closed","template":"","meta":{"ngg_post_thumbnail":0,"footnotes":""},"class_list":["post-707","page","type-page","status-publish","hentry"],"yoast_head":"<!-- This site is optimized with the Yoast SEO plugin v27.6 - https:\/\/yoast.com\/product\/yoast-seo-wordpress\/ -->\n<title>Sluga dvaju gospodara - Kazali\u0161te Komedija<\/title>\n<meta name=\"robots\" content=\"index, follow, max-snippet:-1, max-image-preview:large, max-video-preview:-1\" \/>\n<link rel=\"canonical\" href=\"https:\/\/www.komedija.hr\/www\/arhiva-predstava\/sluga-dvaju-gospodara\/\" \/>\n<meta property=\"og:locale\" content=\"hr_HR\" \/>\n<meta property=\"og:type\" content=\"article\" \/>\n<meta property=\"og:title\" content=\"Sluga dvaju gospodara - Kazali\u0161te Komedija\" \/>\n<meta property=\"og:description\" content=\"Komedija u tri \u010dina Carlo Goldoni, Naslov originala: Il servitore di due padroni (Arlecchino, il servitore di due padroni) Komediju Il servitore di due padroni \u2013 Sluga dvaju gospodara Carlo Goldoni (1707\u20131793) napisao je 1745. U njoj je sa\u017eeo sve \u0161to treba postojati u dobroj commediji del arte. Pojavljuju se svi tipi\u010dni likovi; Pantalone, Doktor, [&hellip;]\" \/>\n<meta property=\"og:url\" content=\"https:\/\/www.komedija.hr\/www\/arhiva-predstava\/sluga-dvaju-gospodara\/\" \/>\n<meta property=\"og:site_name\" content=\"Kazali\u0161te Komedija\" \/>\n<meta property=\"article:publisher\" content=\"https:\/\/www.facebook.com\/kazaliste.komedija\/\" \/>\n<meta property=\"article:modified_time\" content=\"2015-10-06T12:27:49+00:00\" \/>\n<meta name=\"twitter:card\" content=\"summary_large_image\" \/>\n<meta name=\"twitter:site\" content=\"@KKomedija\" \/>\n<meta name=\"twitter:label1\" content=\"Procijenjeno vrijeme \u010ditanja\" \/>\n\t<meta name=\"twitter:data1\" content=\"3 minute\" \/>\n<script type=\"application\/ld+json\" class=\"yoast-schema-graph\">{\"@context\":\"https:\\\/\\\/schema.org\",\"@graph\":[{\"@type\":\"WebPage\",\"@id\":\"https:\\\/\\\/www.komedija.hr\\\/www\\\/arhiva-predstava\\\/sluga-dvaju-gospodara\\\/\",\"url\":\"https:\\\/\\\/www.komedija.hr\\\/www\\\/arhiva-predstava\\\/sluga-dvaju-gospodara\\\/\",\"name\":\"Sluga dvaju gospodara - Kazali\u0161te Komedija\",\"isPartOf\":{\"@id\":\"http:\\\/\\\/www.komedija.hr\\\/www\\\/#website\"},\"datePublished\":\"2011-07-29T07:51:06+00:00\",\"dateModified\":\"2015-10-06T12:27:49+00:00\",\"breadcrumb\":{\"@id\":\"https:\\\/\\\/www.komedija.hr\\\/www\\\/arhiva-predstava\\\/sluga-dvaju-gospodara\\\/#breadcrumb\"},\"inLanguage\":\"hr\",\"potentialAction\":[{\"@type\":\"ReadAction\",\"target\":[\"https:\\\/\\\/www.komedija.hr\\\/www\\\/arhiva-predstava\\\/sluga-dvaju-gospodara\\\/\"]}]},{\"@type\":\"BreadcrumbList\",\"@id\":\"https:\\\/\\\/www.komedija.hr\\\/www\\\/arhiva-predstava\\\/sluga-dvaju-gospodara\\\/#breadcrumb\",\"itemListElement\":[{\"@type\":\"ListItem\",\"position\":1,\"name\":\"Po\u010detna stranica\",\"item\":\"http:\\\/\\\/www.komedija.hr\\\/www\\\/\"},{\"@type\":\"ListItem\",\"position\":2,\"name\":\"Arhiva predstava\",\"item\":\"https:\\\/\\\/www.komedija.hr\\\/www\\\/arhiva-predstava\\\/\"},{\"@type\":\"ListItem\",\"position\":3,\"name\":\"Sluga dvaju gospodara\"}]},{\"@type\":\"WebSite\",\"@id\":\"http:\\\/\\\/www.komedija.hr\\\/www\\\/#website\",\"url\":\"http:\\\/\\\/www.komedija.hr\\\/www\\\/\",\"name\":\"Kazali\u0161te Komedija\",\"description\":\"\",\"publisher\":{\"@id\":\"http:\\\/\\\/www.komedija.hr\\\/www\\\/#organization\"},\"potentialAction\":[{\"@type\":\"SearchAction\",\"target\":{\"@type\":\"EntryPoint\",\"urlTemplate\":\"http:\\\/\\\/www.komedija.hr\\\/www\\\/?s={search_term_string}\"},\"query-input\":{\"@type\":\"PropertyValueSpecification\",\"valueRequired\":true,\"valueName\":\"search_term_string\"}}],\"inLanguage\":\"hr\"},{\"@type\":\"Organization\",\"@id\":\"http:\\\/\\\/www.komedija.hr\\\/www\\\/#organization\",\"name\":\"Zagreba\u010dko gradsko Kazali\u0161ta Komedija\",\"url\":\"http:\\\/\\\/www.komedija.hr\\\/www\\\/\",\"logo\":{\"@type\":\"ImageObject\",\"inLanguage\":\"hr\",\"@id\":\"http:\\\/\\\/www.komedija.hr\\\/www\\\/#\\\/schema\\\/logo\\\/image\\\/\",\"url\":\"https:\\\/\\\/www.komedija.hr\\\/www\\\/wp-content\\\/uploads\\\/2020\\\/02\\\/cropped-Kazaliste_Komedija_logo_2.png\",\"contentUrl\":\"https:\\\/\\\/www.komedija.hr\\\/www\\\/wp-content\\\/uploads\\\/2020\\\/02\\\/cropped-Kazaliste_Komedija_logo_2.png\",\"width\":512,\"height\":512,\"caption\":\"Zagreba\u010dko gradsko Kazali\u0161ta Komedija\"},\"image\":{\"@id\":\"http:\\\/\\\/www.komedija.hr\\\/www\\\/#\\\/schema\\\/logo\\\/image\\\/\"},\"sameAs\":[\"https:\\\/\\\/www.facebook.com\\\/kazaliste.komedija\\\/\",\"https:\\\/\\\/x.com\\\/KKomedija\",\"https:\\\/\\\/www.instagram.com\\\/kazaliste_komedija\\\/\",\"https:\\\/\\\/www.youtube.com\\\/channel\\\/UC1NcapMYUXJW3miW_oPxT5w\\\/videos\"]}]}<\/script>\n<!-- \/ Yoast SEO plugin. -->","yoast_head_json":{"title":"Sluga dvaju gospodara - Kazali\u0161te Komedija","robots":{"index":"index","follow":"follow","max-snippet":"max-snippet:-1","max-image-preview":"max-image-preview:large","max-video-preview":"max-video-preview:-1"},"canonical":"https:\/\/www.komedija.hr\/www\/arhiva-predstava\/sluga-dvaju-gospodara\/","og_locale":"hr_HR","og_type":"article","og_title":"Sluga dvaju gospodara - Kazali\u0161te Komedija","og_description":"Komedija u tri \u010dina Carlo Goldoni, Naslov originala: Il servitore di due padroni (Arlecchino, il servitore di due padroni) Komediju Il servitore di due padroni \u2013 Sluga dvaju gospodara Carlo Goldoni (1707\u20131793) napisao je 1745. U njoj je sa\u017eeo sve \u0161to treba postojati u dobroj commediji del arte. Pojavljuju se svi tipi\u010dni likovi; Pantalone, Doktor, [&hellip;]","og_url":"https:\/\/www.komedija.hr\/www\/arhiva-predstava\/sluga-dvaju-gospodara\/","og_site_name":"Kazali\u0161te Komedija","article_publisher":"https:\/\/www.facebook.com\/kazaliste.komedija\/","article_modified_time":"2015-10-06T12:27:49+00:00","twitter_card":"summary_large_image","twitter_site":"@KKomedija","twitter_misc":{"Procijenjeno vrijeme \u010ditanja":"3 minute"},"schema":{"@context":"https:\/\/schema.org","@graph":[{"@type":"WebPage","@id":"https:\/\/www.komedija.hr\/www\/arhiva-predstava\/sluga-dvaju-gospodara\/","url":"https:\/\/www.komedija.hr\/www\/arhiva-predstava\/sluga-dvaju-gospodara\/","name":"Sluga dvaju gospodara - Kazali\u0161te Komedija","isPartOf":{"@id":"http:\/\/www.komedija.hr\/www\/#website"},"datePublished":"2011-07-29T07:51:06+00:00","dateModified":"2015-10-06T12:27:49+00:00","breadcrumb":{"@id":"https:\/\/www.komedija.hr\/www\/arhiva-predstava\/sluga-dvaju-gospodara\/#breadcrumb"},"inLanguage":"hr","potentialAction":[{"@type":"ReadAction","target":["https:\/\/www.komedija.hr\/www\/arhiva-predstava\/sluga-dvaju-gospodara\/"]}]},{"@type":"BreadcrumbList","@id":"https:\/\/www.komedija.hr\/www\/arhiva-predstava\/sluga-dvaju-gospodara\/#breadcrumb","itemListElement":[{"@type":"ListItem","position":1,"name":"Po\u010detna stranica","item":"http:\/\/www.komedija.hr\/www\/"},{"@type":"ListItem","position":2,"name":"Arhiva predstava","item":"https:\/\/www.komedija.hr\/www\/arhiva-predstava\/"},{"@type":"ListItem","position":3,"name":"Sluga dvaju gospodara"}]},{"@type":"WebSite","@id":"http:\/\/www.komedija.hr\/www\/#website","url":"http:\/\/www.komedija.hr\/www\/","name":"Kazali\u0161te Komedija","description":"","publisher":{"@id":"http:\/\/www.komedija.hr\/www\/#organization"},"potentialAction":[{"@type":"SearchAction","target":{"@type":"EntryPoint","urlTemplate":"http:\/\/www.komedija.hr\/www\/?s={search_term_string}"},"query-input":{"@type":"PropertyValueSpecification","valueRequired":true,"valueName":"search_term_string"}}],"inLanguage":"hr"},{"@type":"Organization","@id":"http:\/\/www.komedija.hr\/www\/#organization","name":"Zagreba\u010dko gradsko Kazali\u0161ta Komedija","url":"http:\/\/www.komedija.hr\/www\/","logo":{"@type":"ImageObject","inLanguage":"hr","@id":"http:\/\/www.komedija.hr\/www\/#\/schema\/logo\/image\/","url":"https:\/\/www.komedija.hr\/www\/wp-content\/uploads\/2020\/02\/cropped-Kazaliste_Komedija_logo_2.png","contentUrl":"https:\/\/www.komedija.hr\/www\/wp-content\/uploads\/2020\/02\/cropped-Kazaliste_Komedija_logo_2.png","width":512,"height":512,"caption":"Zagreba\u010dko gradsko Kazali\u0161ta Komedija"},"image":{"@id":"http:\/\/www.komedija.hr\/www\/#\/schema\/logo\/image\/"},"sameAs":["https:\/\/www.facebook.com\/kazaliste.komedija\/","https:\/\/x.com\/KKomedija","https:\/\/www.instagram.com\/kazaliste_komedija\/","https:\/\/www.youtube.com\/channel\/UC1NcapMYUXJW3miW_oPxT5w\/videos"]}]}},"_links":{"self":[{"href":"https:\/\/www.komedija.hr\/www\/wp-json\/wp\/v2\/pages\/707","targetHints":{"allow":["GET"]}}],"collection":[{"href":"https:\/\/www.komedija.hr\/www\/wp-json\/wp\/v2\/pages"}],"about":[{"href":"https:\/\/www.komedija.hr\/www\/wp-json\/wp\/v2\/types\/page"}],"author":[{"embeddable":true,"href":"https:\/\/www.komedija.hr\/www\/wp-json\/wp\/v2\/users\/4"}],"replies":[{"embeddable":true,"href":"https:\/\/www.komedija.hr\/www\/wp-json\/wp\/v2\/comments?post=707"}],"version-history":[{"count":0,"href":"https:\/\/www.komedija.hr\/www\/wp-json\/wp\/v2\/pages\/707\/revisions"}],"up":[{"embeddable":true,"href":"https:\/\/www.komedija.hr\/www\/wp-json\/wp\/v2\/pages\/1659"}],"wp:attachment":[{"href":"https:\/\/www.komedija.hr\/www\/wp-json\/wp\/v2\/media?parent=707"}],"curies":[{"name":"wp","href":"https:\/\/api.w.org\/{rel}","templated":true}]}}