{"id":7948,"date":"2016-11-23T12:47:48","date_gmt":"2016-11-23T11:47:48","guid":{"rendered":"http:\/\/www.komedija.hr\/www\/?page_id=7948"},"modified":"2018-10-18T13:25:42","modified_gmt":"2018-10-18T11:25:42","slug":"v-balog-t-uhlik-narodil-se-mladi-kralj","status":"publish","type":"page","link":"https:\/\/www.komedija.hr\/www\/arhiva-predstava\/v-balog-t-uhlik-narodil-se-mladi-kralj\/","title":{"rendered":"NARODIL SE MLADI KRALJ (2016.)"},"content":{"rendered":"<p><em><a href=\"http:\/\/www.ulaznice.hr\/web\/ctl_evt.jsp?act=priredbe&amp;p=t&amp;t=8\"><img decoding=\"async\" src=\"http:\/\/www.komedija.hr\/www\/images\/button_kupi.gif\" \/><\/a><\/em><\/p>\n<p>Vid Balog \u2013 Tomislav Uhlik: <strong>NARODIL SE MLADI KRALJ<br \/>\n<\/strong>veselo bo\u017ei\u0107no prikazanje s pjevanjem i kolom<\/p>\n<div style=\"text-algn:left\"><span style=\"display:inline-block;text-align:center;\"><iframe allow=\"autoplay\" class=\"youtube_embed_iframe\"    allowFullScreen=\"true\" style=\"width:640px; height:360px\" src=\"https:\/\/www.youtube.com\/embed\/1TqGLDBHvcg?autoplay=0&theme=dark&loop=0&fs=1&showinfo=1&modestbranding=0&iv_load_policy=3&color=red&autohide=1&disablekb=0&enablejsapi=1&version=3\"><\/iframe><\/span><\/div>\n<p>Redatelj i autor teksta: <a href=\"http:\/\/www.komedija.hr\/www\/ansambl-2\/glumci\/balog-vid\/\">Vid Balog<\/a><br \/>\nSkladatelj: Tomislav Uhlik<br \/>\nDirigent: <a href=\"http:\/\/www.komedija.hr\/www\/ansambl-2\/dirigenti\/kresimir-batinic\/\">Kre\u0161imir Batini\u0107 <\/a><br \/>\nZborovo\u0111a: Branko Starc<br \/>\nScenograf: Tomislav Ruszkowski<\/p>\n<p>Igraju\u010di<\/p>\n<p>Vl\u010d. Juraj pl. Benekovi\u0107: <a href=\"http:\/\/www.komedija.hr\/www\/ansambl-2\/glumci\/loncar-damir\/\">Damir Lon\u010dar<\/a><br \/>\nGa\u0161par: <a href=\"http:\/\/www.komedija.hr\/www\/ansambl-2\/glumci\/ivica-zadro\/\">Ivica Zadro <\/a><br \/>\nBolti\u017ear alias Boltek: <a href=\"http:\/\/www.komedija.hr\/www\/ansambl-2\/glumci\/ljubo-zecevic\/\">Ljubo Ze\u010devi\u0107 <\/a><br \/>\nTeca, Herodijada: <a href=\"http:\/\/www.komedija.hr\/www\/ansambl-2\/glumci\/ostojic-dubravka\/\">Dubravka Ostoji\u0107 <\/a><br \/>\nTetec, Herode\u017e. <a href=\"http:\/\/www.komedija.hr\/www\/ansambl-2\/glumci\/balog-vid\/\">Vid Balog<\/a><br \/>\nNe\u010dak Ivek: <a href=\"http:\/\/www.komedija.hr\/www\/ansambl-2\/glumci\/ivan-magud\/\">Ivan Magud <\/a><br \/>\nPobo\u017ena pastirica: <a href=\"http:\/\/www.komedija.hr\/www\/ansambl-2\/glumci\/palic-picukaric-jasna\/\">Jasna Pali\u0107 Picukari\u0107 <\/a><br \/>\nPobo\u017eni pastir: <a href=\"http:\/\/www.komedija.hr\/www\/ansambl-2\/glumci\/buneta-sasa\/\">Sa\u0161a Buneta <\/a><br \/>\nPobo\u017eni pastir II: Adnan Prohi\u0107<br \/>\nZvezda Repa\u010da: <a href=\"http:\/\/www.komedija.hr\/www\/ansambl-2\/glumci\/cucek-drazen\/\">Dra\u017een \u010cu\u010dek <\/a><br \/>\nPripoveda\u010d: <a href=\"http:\/\/www.komedija.hr\/www\/ansambl-2\/glumci\/goran-malus\/\">Goran Malus<\/a><\/p>\n<p><span style=\"color: #000000;\">Zbor i orkestar Kazali\u0161ta Komedija<\/span><\/p>\n<p><span style=\"color: #000000;\">ter<\/span><\/p>\n<p><a href=\"http:\/\/www.igk.hr\/index.php?option=com_content&amp;view=category&amp;layout=blog&amp;id=77&amp;Itemid=419&amp;lang=hr\">Folklorni ansambl \u201eIvan Goran Kova\u010di\u0107\u201c<\/a><\/p>\n<p>Umjetni\u010dki voditelj i scenski pokret: Dubravko Radi\u0107<br \/>\nGlazbeni voditelj: Tomislav Habulin<br \/>\nVoditelj orkestra: Mario Ple\u0161e<\/p>\n<p>Solisti:<\/p>\n<p>Marija: Tea Stani\u0161ak \/ Nikolina Banek<br \/>\nJo\u017eef: Filip Brlekovi\u0107 \/ Matija \u010cabrajec<br \/>\nPosel: Ivana Kljaji\u0107<br \/>\nInspicijentica: Dijana Daj\u010di\u0107<br \/>\n\u0160apta\u010dica: Stela \u017dingerlin<\/p>\n<p>U selu Mu\u010dnome Potoku vlada velika u\u017eurbanost i posvema\u0161nja briga koje je uzrok ne tako davno izna\u0161astje staroga Bo\u017ei\u0107noga prikazanja o kojem se svojedobno pisalo u listu \u201eZvon\u010deg horvatskoga glasa\u201c, a koje je potom zagubljeno. Da bi se staroslavna starina obnovila, \u017eupnik Juraj pl. Banekovi\u0107, otev\u0161i prikazanje mi\u0161evimah, potjera svoje ov\u010dice kulturnu uzdignu\u0107u i seljane prisili k u\u010denju teksta i oku\u0161avanju gluma\u010dkih vje\u0161tina \u0161to su Oni vite\u017eki podnijeli i glavni pokus samo \u0161to nije po\u010deo&#8230; Veselje i diku cielom ubavom Mu\u010dnomu Potoku dobavi\u0161e i vesele viesti u kojimah se se doznalo da <em>Goranovci<\/em> svojim nastupom \u017eeli uveli\u010dati cieli taj nemali doga\u0111aj obnavljanja ponosne starine&#8230;<\/p>\n<p>******<\/p>\n<p>Najdra\u017ei doga\u0111aj kr\u0161\u0107anskoga svijeta \u2013 Kristovo ro\u0111enje, siroma\u0161ni me\u0111imurski seljak opjevao je na sebi svojstven melankoli\u010dan, gdjekad i duhovit na\u010din. Neumorni sakuplja\u010d narodnih napjeva dr. Vinko \u017dganec prikupio je tu jednostavnu a toliko osebujnu i neposrednu poeziju u zbirci \u201eHrvatske pu\u010dke popijevke iz Me\u0111imurja\u201c. Premda je to zapravo melografska zbirka, skladatelj Tomislav Uhlik nije se slu\u017eio notnim zapisima, ve\u0107 je njima pridru\u017een tekst uglazbio po vlastitoj volji i nadahnu\u0107u. Kroz pet stavaka, koji \u010dine krajnje slobodnu stitlizaciju me\u0111imursko-podravskoga glazbenog izri\u010daja, pjeva\u010di i glazbenici Ansambla \u201eIvan Goran Kova\u010di\u0107\u201c te glumci Kazali\u0161ta \u201eKomedija\u201c vode nas od Navje\u0161tenja, preko Marijina i Josipova lutanja u potrazi za prikladnim mjestom za porod, do Tri mudraca koji, slijede\u0107i zvijezde, nalaze malog Isusa, od uspavanke koju Marija nje\u017eno pjeva svome djete\u0161cu do velikoga zavr\u0161nog veselja u Betlehemu koji gori u svjetlosti.<\/p>\n<p>******<\/p>\n<p>Oslanjaju\u0107i se na bogatu tradiciju kajkavskih bo\u017ei\u0107nih prikazanja, koje je jo\u0161 prvi biskup zagreba\u010dki \u010ceh Duch donio u Zagreb u 11. stolje\u0107u (Tractus stelae) na latinskom izvorniku, \u201eKomedija\u201c nastavlja taj sjajni niz s ovom bo\u017ei\u0107nom predstavom. Radost Bo\u017ei\u0107a potaknulo nas je na humoristi\u010dan prikaz \u017eivljenja Isusova ro\u0111enja u na\u0161im selima. Naivnost i oporost sjeverozapadne Hrvatske omogu\u0107avaju i takav pogled na prikazbe koje su se o Bo\u017ei\u0107u \u201espelavale\u201c unatrag nekoliko stolje\u0107a po mnogim na\u0161im crkvama.<\/p>\n<p>Potvrda kako je i humor potreban upravo u ove blagdanske dane jest srednjoeuropska tradicija \u010de\u0161ke i poljske \u201evesele pri\u010de\u201c, a i nama bli\u017ei uzor \u2013 Isusova\u010dko kazali\u0161te; naime, i dandanas sjemeni\u0161tarci upravo o Bo\u017ei\u0107u izvode razne komedije kao obvezni dio \u0161kolovanja, a o Uskrsu se izvodi \u201eozbiljan\u201c moralno \u2013 didakti\u010dki komad iz bogate crkvene dramske pro\u0161losti.<\/p>\n<p>Nadamo se da \u0107e ovakva bo\u017ei\u0107na \u010destitka, u duhu \u201eKomedije\u201c, razveseliti svakoga koji je spreman otvorena srca primiti duh Bo\u017ei\u0107a.<\/p>\n<p>&nbsp;<\/p>\n<p>\u201eNa tom Mladom letu<\/p>\n<p>Zdravi i veseli,<\/p>\n<p>Tusti i debeli<\/p>\n<p>Kak jeni jeleni!<\/p>\n<p>Dej Vam Bog<\/p>\n<p>Go\u0161i\u010d, ra\u010di\u010d, puri\u010d, teli\u010d,<\/p>\n<p>Konjov i volov,<\/p>\n<p>Pune lagve vina,<\/p>\n<p>Pune hombare \u017eita,<\/p>\n","protected":false},"excerpt":{"rendered":"<p>Vid Balog \u2013 Tomislav Uhlik: NARODIL SE MLADI KRALJ veselo bo\u017ei\u0107no prikazanje s pjevanjem i kolom Redatelj i autor teksta: Vid Balog Skladatelj: Tomislav Uhlik Dirigent: Kre\u0161imir Batini\u0107 Zborovo\u0111a: Branko Starc Scenograf: Tomislav Ruszkowski Igraju\u010di Vl\u010d. Juraj pl. Benekovi\u0107: Damir Lon\u010dar Ga\u0161par: Ivica Zadro Bolti\u017ear alias Boltek: Ljubo Ze\u010devi\u0107 Teca, Herodijada: Dubravka Ostoji\u0107 Tetec, Herode\u017e. [&hellip;]<\/p>\n","protected":false},"author":3,"featured_media":8006,"parent":1659,"menu_order":0,"comment_status":"closed","ping_status":"closed","template":"","meta":{"ngg_post_thumbnail":0,"footnotes":""},"class_list":["post-7948","page","type-page","status-publish","has-post-thumbnail","hentry"],"yoast_head":"<!-- This site is optimized with the Yoast SEO plugin v27.5 - https:\/\/yoast.com\/product\/yoast-seo-wordpress\/ -->\n<title>NARODIL SE MLADI KRALJ (2016.) - Kazali\u0161te Komedija<\/title>\n<meta name=\"robots\" content=\"index, follow, max-snippet:-1, max-image-preview:large, max-video-preview:-1\" \/>\n<link rel=\"canonical\" href=\"https:\/\/www.komedija.hr\/www\/arhiva-predstava\/v-balog-t-uhlik-narodil-se-mladi-kralj\/\" \/>\n<meta property=\"og:locale\" content=\"hr_HR\" \/>\n<meta property=\"og:type\" content=\"article\" \/>\n<meta property=\"og:title\" content=\"NARODIL SE MLADI KRALJ (2016.) - Kazali\u0161te Komedija\" \/>\n<meta property=\"og:description\" content=\"Vid Balog \u2013 Tomislav Uhlik: NARODIL SE MLADI KRALJ veselo bo\u017ei\u0107no prikazanje s pjevanjem i kolom Redatelj i autor teksta: Vid Balog Skladatelj: Tomislav Uhlik Dirigent: Kre\u0161imir Batini\u0107 Zborovo\u0111a: Branko Starc Scenograf: Tomislav Ruszkowski Igraju\u010di Vl\u010d. Juraj pl. Benekovi\u0107: Damir Lon\u010dar Ga\u0161par: Ivica Zadro Bolti\u017ear alias Boltek: Ljubo Ze\u010devi\u0107 Teca, Herodijada: Dubravka Ostoji\u0107 Tetec, Herode\u017e. [&hellip;]\" \/>\n<meta property=\"og:url\" content=\"https:\/\/www.komedija.hr\/www\/arhiva-predstava\/v-balog-t-uhlik-narodil-se-mladi-kralj\/\" \/>\n<meta property=\"og:site_name\" content=\"Kazali\u0161te Komedija\" \/>\n<meta property=\"article:publisher\" content=\"https:\/\/www.facebook.com\/kazaliste.komedija\/\" \/>\n<meta property=\"article:modified_time\" content=\"2018-10-18T11:25:42+00:00\" \/>\n<meta property=\"og:image\" content=\"https:\/\/www.komedija.hr\/www\/wp-content\/uploads\/2016\/09\/narodil_cover.jpg\" \/>\n\t<meta property=\"og:image:width\" content=\"2464\" \/>\n\t<meta property=\"og:image:height\" content=\"1368\" \/>\n\t<meta property=\"og:image:type\" content=\"image\/jpeg\" \/>\n<meta name=\"twitter:card\" content=\"summary_large_image\" \/>\n<meta name=\"twitter:site\" content=\"@KKomedija\" \/>\n<meta name=\"twitter:label1\" content=\"Procijenjeno vrijeme \u010ditanja\" \/>\n\t<meta name=\"twitter:data1\" content=\"3 minute\" \/>\n<script type=\"application\/ld+json\" class=\"yoast-schema-graph\">{\"@context\":\"https:\\\/\\\/schema.org\",\"@graph\":[{\"@type\":\"WebPage\",\"@id\":\"https:\\\/\\\/www.komedija.hr\\\/www\\\/arhiva-predstava\\\/v-balog-t-uhlik-narodil-se-mladi-kralj\\\/\",\"url\":\"https:\\\/\\\/www.komedija.hr\\\/www\\\/arhiva-predstava\\\/v-balog-t-uhlik-narodil-se-mladi-kralj\\\/\",\"name\":\"NARODIL SE MLADI KRALJ (2016.) - Kazali\u0161te Komedija\",\"isPartOf\":{\"@id\":\"http:\\\/\\\/www.komedija.hr\\\/www\\\/#website\"},\"primaryImageOfPage\":{\"@id\":\"https:\\\/\\\/www.komedija.hr\\\/www\\\/arhiva-predstava\\\/v-balog-t-uhlik-narodil-se-mladi-kralj\\\/#primaryimage\"},\"image\":{\"@id\":\"https:\\\/\\\/www.komedija.hr\\\/www\\\/arhiva-predstava\\\/v-balog-t-uhlik-narodil-se-mladi-kralj\\\/#primaryimage\"},\"thumbnailUrl\":\"https:\\\/\\\/www.komedija.hr\\\/www\\\/wp-content\\\/uploads\\\/2016\\\/09\\\/narodil_cover.jpg\",\"datePublished\":\"2016-11-23T11:47:48+00:00\",\"dateModified\":\"2018-10-18T11:25:42+00:00\",\"breadcrumb\":{\"@id\":\"https:\\\/\\\/www.komedija.hr\\\/www\\\/arhiva-predstava\\\/v-balog-t-uhlik-narodil-se-mladi-kralj\\\/#breadcrumb\"},\"inLanguage\":\"hr\",\"potentialAction\":[{\"@type\":\"ReadAction\",\"target\":[\"https:\\\/\\\/www.komedija.hr\\\/www\\\/arhiva-predstava\\\/v-balog-t-uhlik-narodil-se-mladi-kralj\\\/\"]}]},{\"@type\":\"ImageObject\",\"inLanguage\":\"hr\",\"@id\":\"https:\\\/\\\/www.komedija.hr\\\/www\\\/arhiva-predstava\\\/v-balog-t-uhlik-narodil-se-mladi-kralj\\\/#primaryimage\",\"url\":\"https:\\\/\\\/www.komedija.hr\\\/www\\\/wp-content\\\/uploads\\\/2016\\\/09\\\/narodil_cover.jpg\",\"contentUrl\":\"https:\\\/\\\/www.komedija.hr\\\/www\\\/wp-content\\\/uploads\\\/2016\\\/09\\\/narodil_cover.jpg\",\"width\":2464,\"height\":1368},{\"@type\":\"BreadcrumbList\",\"@id\":\"https:\\\/\\\/www.komedija.hr\\\/www\\\/arhiva-predstava\\\/v-balog-t-uhlik-narodil-se-mladi-kralj\\\/#breadcrumb\",\"itemListElement\":[{\"@type\":\"ListItem\",\"position\":1,\"name\":\"Po\u010detna stranica\",\"item\":\"http:\\\/\\\/www.komedija.hr\\\/www\\\/\"},{\"@type\":\"ListItem\",\"position\":2,\"name\":\"Arhiva predstava\",\"item\":\"https:\\\/\\\/www.komedija.hr\\\/www\\\/arhiva-predstava\\\/\"},{\"@type\":\"ListItem\",\"position\":3,\"name\":\"NARODIL SE MLADI KRALJ (2016.)\"}]},{\"@type\":\"WebSite\",\"@id\":\"http:\\\/\\\/www.komedija.hr\\\/www\\\/#website\",\"url\":\"http:\\\/\\\/www.komedija.hr\\\/www\\\/\",\"name\":\"Kazali\u0161te Komedija\",\"description\":\"\",\"publisher\":{\"@id\":\"http:\\\/\\\/www.komedija.hr\\\/www\\\/#organization\"},\"potentialAction\":[{\"@type\":\"SearchAction\",\"target\":{\"@type\":\"EntryPoint\",\"urlTemplate\":\"http:\\\/\\\/www.komedija.hr\\\/www\\\/?s={search_term_string}\"},\"query-input\":{\"@type\":\"PropertyValueSpecification\",\"valueRequired\":true,\"valueName\":\"search_term_string\"}}],\"inLanguage\":\"hr\"},{\"@type\":\"Organization\",\"@id\":\"http:\\\/\\\/www.komedija.hr\\\/www\\\/#organization\",\"name\":\"Zagreba\u010dko gradsko Kazali\u0161ta Komedija\",\"url\":\"http:\\\/\\\/www.komedija.hr\\\/www\\\/\",\"logo\":{\"@type\":\"ImageObject\",\"inLanguage\":\"hr\",\"@id\":\"http:\\\/\\\/www.komedija.hr\\\/www\\\/#\\\/schema\\\/logo\\\/image\\\/\",\"url\":\"https:\\\/\\\/www.komedija.hr\\\/www\\\/wp-content\\\/uploads\\\/2020\\\/02\\\/cropped-Kazaliste_Komedija_logo_2.png\",\"contentUrl\":\"https:\\\/\\\/www.komedija.hr\\\/www\\\/wp-content\\\/uploads\\\/2020\\\/02\\\/cropped-Kazaliste_Komedija_logo_2.png\",\"width\":512,\"height\":512,\"caption\":\"Zagreba\u010dko gradsko Kazali\u0161ta Komedija\"},\"image\":{\"@id\":\"http:\\\/\\\/www.komedija.hr\\\/www\\\/#\\\/schema\\\/logo\\\/image\\\/\"},\"sameAs\":[\"https:\\\/\\\/www.facebook.com\\\/kazaliste.komedija\\\/\",\"https:\\\/\\\/x.com\\\/KKomedija\",\"https:\\\/\\\/www.instagram.com\\\/kazaliste_komedija\\\/\",\"https:\\\/\\\/www.youtube.com\\\/channel\\\/UC1NcapMYUXJW3miW_oPxT5w\\\/videos\"]}]}<\/script>\n<!-- \/ Yoast SEO plugin. -->","yoast_head_json":{"title":"NARODIL SE MLADI KRALJ (2016.) - Kazali\u0161te Komedija","robots":{"index":"index","follow":"follow","max-snippet":"max-snippet:-1","max-image-preview":"max-image-preview:large","max-video-preview":"max-video-preview:-1"},"canonical":"https:\/\/www.komedija.hr\/www\/arhiva-predstava\/v-balog-t-uhlik-narodil-se-mladi-kralj\/","og_locale":"hr_HR","og_type":"article","og_title":"NARODIL SE MLADI KRALJ (2016.) - Kazali\u0161te Komedija","og_description":"Vid Balog \u2013 Tomislav Uhlik: NARODIL SE MLADI KRALJ veselo bo\u017ei\u0107no prikazanje s pjevanjem i kolom Redatelj i autor teksta: Vid Balog Skladatelj: Tomislav Uhlik Dirigent: Kre\u0161imir Batini\u0107 Zborovo\u0111a: Branko Starc Scenograf: Tomislav Ruszkowski Igraju\u010di Vl\u010d. Juraj pl. Benekovi\u0107: Damir Lon\u010dar Ga\u0161par: Ivica Zadro Bolti\u017ear alias Boltek: Ljubo Ze\u010devi\u0107 Teca, Herodijada: Dubravka Ostoji\u0107 Tetec, Herode\u017e. [&hellip;]","og_url":"https:\/\/www.komedija.hr\/www\/arhiva-predstava\/v-balog-t-uhlik-narodil-se-mladi-kralj\/","og_site_name":"Kazali\u0161te Komedija","article_publisher":"https:\/\/www.facebook.com\/kazaliste.komedija\/","article_modified_time":"2018-10-18T11:25:42+00:00","og_image":[{"width":2464,"height":1368,"url":"https:\/\/www.komedija.hr\/www\/wp-content\/uploads\/2016\/09\/narodil_cover.jpg","type":"image\/jpeg"}],"twitter_card":"summary_large_image","twitter_site":"@KKomedija","twitter_misc":{"Procijenjeno vrijeme \u010ditanja":"3 minute"},"schema":{"@context":"https:\/\/schema.org","@graph":[{"@type":"WebPage","@id":"https:\/\/www.komedija.hr\/www\/arhiva-predstava\/v-balog-t-uhlik-narodil-se-mladi-kralj\/","url":"https:\/\/www.komedija.hr\/www\/arhiva-predstava\/v-balog-t-uhlik-narodil-se-mladi-kralj\/","name":"NARODIL SE MLADI KRALJ (2016.) - Kazali\u0161te Komedija","isPartOf":{"@id":"http:\/\/www.komedija.hr\/www\/#website"},"primaryImageOfPage":{"@id":"https:\/\/www.komedija.hr\/www\/arhiva-predstava\/v-balog-t-uhlik-narodil-se-mladi-kralj\/#primaryimage"},"image":{"@id":"https:\/\/www.komedija.hr\/www\/arhiva-predstava\/v-balog-t-uhlik-narodil-se-mladi-kralj\/#primaryimage"},"thumbnailUrl":"https:\/\/www.komedija.hr\/www\/wp-content\/uploads\/2016\/09\/narodil_cover.jpg","datePublished":"2016-11-23T11:47:48+00:00","dateModified":"2018-10-18T11:25:42+00:00","breadcrumb":{"@id":"https:\/\/www.komedija.hr\/www\/arhiva-predstava\/v-balog-t-uhlik-narodil-se-mladi-kralj\/#breadcrumb"},"inLanguage":"hr","potentialAction":[{"@type":"ReadAction","target":["https:\/\/www.komedija.hr\/www\/arhiva-predstava\/v-balog-t-uhlik-narodil-se-mladi-kralj\/"]}]},{"@type":"ImageObject","inLanguage":"hr","@id":"https:\/\/www.komedija.hr\/www\/arhiva-predstava\/v-balog-t-uhlik-narodil-se-mladi-kralj\/#primaryimage","url":"https:\/\/www.komedija.hr\/www\/wp-content\/uploads\/2016\/09\/narodil_cover.jpg","contentUrl":"https:\/\/www.komedija.hr\/www\/wp-content\/uploads\/2016\/09\/narodil_cover.jpg","width":2464,"height":1368},{"@type":"BreadcrumbList","@id":"https:\/\/www.komedija.hr\/www\/arhiva-predstava\/v-balog-t-uhlik-narodil-se-mladi-kralj\/#breadcrumb","itemListElement":[{"@type":"ListItem","position":1,"name":"Po\u010detna stranica","item":"http:\/\/www.komedija.hr\/www\/"},{"@type":"ListItem","position":2,"name":"Arhiva predstava","item":"https:\/\/www.komedija.hr\/www\/arhiva-predstava\/"},{"@type":"ListItem","position":3,"name":"NARODIL SE MLADI KRALJ (2016.)"}]},{"@type":"WebSite","@id":"http:\/\/www.komedija.hr\/www\/#website","url":"http:\/\/www.komedija.hr\/www\/","name":"Kazali\u0161te Komedija","description":"","publisher":{"@id":"http:\/\/www.komedija.hr\/www\/#organization"},"potentialAction":[{"@type":"SearchAction","target":{"@type":"EntryPoint","urlTemplate":"http:\/\/www.komedija.hr\/www\/?s={search_term_string}"},"query-input":{"@type":"PropertyValueSpecification","valueRequired":true,"valueName":"search_term_string"}}],"inLanguage":"hr"},{"@type":"Organization","@id":"http:\/\/www.komedija.hr\/www\/#organization","name":"Zagreba\u010dko gradsko Kazali\u0161ta Komedija","url":"http:\/\/www.komedija.hr\/www\/","logo":{"@type":"ImageObject","inLanguage":"hr","@id":"http:\/\/www.komedija.hr\/www\/#\/schema\/logo\/image\/","url":"https:\/\/www.komedija.hr\/www\/wp-content\/uploads\/2020\/02\/cropped-Kazaliste_Komedija_logo_2.png","contentUrl":"https:\/\/www.komedija.hr\/www\/wp-content\/uploads\/2020\/02\/cropped-Kazaliste_Komedija_logo_2.png","width":512,"height":512,"caption":"Zagreba\u010dko gradsko Kazali\u0161ta Komedija"},"image":{"@id":"http:\/\/www.komedija.hr\/www\/#\/schema\/logo\/image\/"},"sameAs":["https:\/\/www.facebook.com\/kazaliste.komedija\/","https:\/\/x.com\/KKomedija","https:\/\/www.instagram.com\/kazaliste_komedija\/","https:\/\/www.youtube.com\/channel\/UC1NcapMYUXJW3miW_oPxT5w\/videos"]}]}},"_links":{"self":[{"href":"https:\/\/www.komedija.hr\/www\/wp-json\/wp\/v2\/pages\/7948","targetHints":{"allow":["GET"]}}],"collection":[{"href":"https:\/\/www.komedija.hr\/www\/wp-json\/wp\/v2\/pages"}],"about":[{"href":"https:\/\/www.komedija.hr\/www\/wp-json\/wp\/v2\/types\/page"}],"author":[{"embeddable":true,"href":"https:\/\/www.komedija.hr\/www\/wp-json\/wp\/v2\/users\/3"}],"replies":[{"embeddable":true,"href":"https:\/\/www.komedija.hr\/www\/wp-json\/wp\/v2\/comments?post=7948"}],"version-history":[{"count":0,"href":"https:\/\/www.komedija.hr\/www\/wp-json\/wp\/v2\/pages\/7948\/revisions"}],"up":[{"embeddable":true,"href":"https:\/\/www.komedija.hr\/www\/wp-json\/wp\/v2\/pages\/1659"}],"wp:featuredmedia":[{"embeddable":true,"href":"https:\/\/www.komedija.hr\/www\/wp-json\/wp\/v2\/media\/8006"}],"wp:attachment":[{"href":"https:\/\/www.komedija.hr\/www\/wp-json\/wp\/v2\/media?parent=7948"}],"curies":[{"name":"wp","href":"https:\/\/api.w.org\/{rel}","templated":true}]}}