{"id":8592,"date":"2017-05-24T11:58:37","date_gmt":"2017-05-24T09:58:37","guid":{"rendered":"http:\/\/www.komedija.hr\/www\/?page_id=8592"},"modified":"2019-06-19T12:16:02","modified_gmt":"2019-06-19T10:16:02","slug":"umirovljeni-i-bivsi-clanovi-ansambla","status":"publish","type":"page","link":"https:\/\/www.komedija.hr\/www\/umirovljeni-i-bivsi-clanovi-ansambla\/","title":{"rendered":"Umirovljeni i biv\u0161i \u010dlanovi ansambla"},"content":{"rendered":"<table style=\"height: 52px;\" border=\"0\" width=\"376\" cellspacing=\"0\" cellpadding=\"0\">\n<tbody>\n<tr>\n<td valign=\"top\" width=\"266\"><strong>Umirovljeni i biv\u0161i \u010dlanovi ansambla<\/strong><\/td>\n<\/tr>\n<\/tbody>\n<\/table>\n\n<!-- Page-list plugin v.5.9 wordpress.org\/plugins\/page-list\/ -->\n<div class=\"page-list page-list-ext \">\n<div class=\"page-list-ext-item\"><div class=\"page-list-ext-image\"><a href=\"https:\/\/www.komedija.hr\/www\/umirovljeni-i-bivsi-clanovi-ansambla\/blazenka-blazinic\/\" title=\"Bla\u017eenka Bla\u017eini\u0107\"><img decoding=\"async\" src=\"http:\/\/www.komedija.hr\/www\/wp-content\/uploads\/2012\/03\/blazenka_blazinic2-200x300.jpg\" width=\"70\" alt=\"Bla\u017eenka Bla\u017eini\u0107\" \/><\/a><\/div> <h3 class=\"page-list-ext-title\"><a href=\"https:\/\/www.komedija.hr\/www\/umirovljeni-i-bivsi-clanovi-ansambla\/blazenka-blazinic\/\" title=\"Bla\u017eenka Bla\u017eini\u0107\">Bla\u017eenka Bla\u017eini\u0107<\/a><\/h3><\/div>\n<div class=\"page-list-ext-item\"><div class=\"page-list-ext-image\"><a href=\"https:\/\/www.komedija.hr\/www\/umirovljeni-i-bivsi-clanovi-ansambla\/cucek-drazen\/\" title=\"Dra\u017een \u010cu\u010dek\"><img decoding=\"async\" src=\"http:\/\/www.komedija.hr\/www\/wp-content\/uploads\/2011\/08\/drazen_cucek-1-200x300.jpg\" width=\"70\" alt=\"Dra\u017een \u010cu\u010dek\" \/><\/a><\/div> <h3 class=\"page-list-ext-title\"><a href=\"https:\/\/www.komedija.hr\/www\/umirovljeni-i-bivsi-clanovi-ansambla\/cucek-drazen\/\" title=\"Dra\u017een \u010cu\u010dek\">Dra\u017een \u010cu\u010dek<\/a><\/h3><\/div>\n<div class=\"page-list-ext-item\"><div class=\"page-list-ext-image\"><a href=\"https:\/\/www.komedija.hr\/www\/umirovljeni-i-bivsi-clanovi-ansambla\/ivan-cuic\/\" title=\"Ivan \u010cui\u0107\"><img decoding=\"async\" src=\"http:\/\/www.komedija.hr\/www\/wp-content\/uploads\/2018\/07\/Ivan-Cuic1-203x300.jpg\" width=\"70\" alt=\"Ivan \u010cui\u0107\" \/><\/a><\/div> <h3 class=\"page-list-ext-title\"><a href=\"https:\/\/www.komedija.hr\/www\/umirovljeni-i-bivsi-clanovi-ansambla\/ivan-cuic\/\" title=\"Ivan \u010cui\u0107\">Ivan \u010cui\u0107<\/a><\/h3><\/div>\n<div class=\"page-list-ext-item\"><div class=\"page-list-ext-image\"><a href=\"https:\/\/www.komedija.hr\/www\/umirovljeni-i-bivsi-clanovi-ansambla\/ivica-zadro\/\" title=\"Ivica Zadro\"><img decoding=\"async\" src=\"http:\/\/www.komedija.hr\/www\/wp-content\/uploads\/2011\/09\/ivica_zadro-200x300.jpg\" width=\"70\" alt=\"Ivica Zadro\" \/><\/a><\/div> <h3 class=\"page-list-ext-title\"><a href=\"https:\/\/www.komedija.hr\/www\/umirovljeni-i-bivsi-clanovi-ansambla\/ivica-zadro\/\" title=\"Ivica Zadro\">Ivica Zadro<\/a><\/h3><\/div>\n<div class=\"page-list-ext-item\"><div class=\"page-list-ext-image\"><a href=\"https:\/\/www.komedija.hr\/www\/umirovljeni-i-bivsi-clanovi-ansambla\/ljubo-zecevic\/\" title=\"Ljubo Ze\u010devi\u0107\"><img decoding=\"async\" src=\"http:\/\/www.komedija.hr\/www\/wp-content\/uploads\/2011\/09\/ljubo_zecevic-1-200x300.jpg\" width=\"70\" alt=\"Ljubo Ze\u010devi\u0107\" \/><\/a><\/div> <h3 class=\"page-list-ext-title\"><a href=\"https:\/\/www.komedija.hr\/www\/umirovljeni-i-bivsi-clanovi-ansambla\/ljubo-zecevic\/\" title=\"Ljubo Ze\u010devi\u0107\">Ljubo Ze\u010devi\u0107<\/a><\/h3><\/div>\n<div class=\"page-list-ext-item\"><div class=\"page-list-ext-image\"><a href=\"https:\/\/www.komedija.hr\/www\/umirovljeni-i-bivsi-clanovi-ansambla\/brekalo-popovic-mirela\/\" title=\"Mirela Brekalo Popovi\u0107\"><img decoding=\"async\" src=\"http:\/\/www.komedija.hr\/www\/wp-content\/uploads\/2011\/08\/mirela_bpopovic-200x300.jpg\" width=\"70\" alt=\"Mirela Brekalo Popovi\u0107\" \/><\/a><\/div> <h3 class=\"page-list-ext-title\"><a href=\"https:\/\/www.komedija.hr\/www\/umirovljeni-i-bivsi-clanovi-ansambla\/brekalo-popovic-mirela\/\" title=\"Mirela Brekalo Popovi\u0107\">Mirela Brekalo Popovi\u0107<\/a><\/h3><\/div>\n<div class=\"page-list-ext-item\"><div class=\"page-list-ext-image\"><a href=\"https:\/\/www.komedija.hr\/www\/umirovljeni-i-bivsi-clanovi-ansambla\/abrus-nada\/\" title=\"Nada Abrus\"><img decoding=\"async\" src=\"http:\/\/www.komedija.hr\/www\/wp-content\/uploads\/2011\/08\/nada_abrus-200x300.jpg\" width=\"70\" alt=\"Nada Abrus\" \/><\/a><\/div> <h3 class=\"page-list-ext-title\"><a href=\"https:\/\/www.komedija.hr\/www\/umirovljeni-i-bivsi-clanovi-ansambla\/abrus-nada\/\" title=\"Nada Abrus\">Nada Abrus<\/a><\/h3><\/div>\n<div class=\"page-list-ext-item\"><div class=\"page-list-ext-image\"><a href=\"https:\/\/www.komedija.hr\/www\/umirovljeni-i-bivsi-clanovi-ansambla\/prohic-nedim\/\" title=\"Nedim Prohi\u0107\"><img decoding=\"async\" src=\"http:\/\/www.komedija.hr\/www\/wp-content\/uploads\/2011\/08\/nedim_prohic-200x300.jpg\" width=\"70\" alt=\"Nedim Prohi\u0107\" \/><\/a><\/div> <h3 class=\"page-list-ext-title\"><a href=\"https:\/\/www.komedija.hr\/www\/umirovljeni-i-bivsi-clanovi-ansambla\/prohic-nedim\/\" title=\"Nedim Prohi\u0107\">Nedim Prohi\u0107<\/a><\/h3><\/div>\n<div class=\"page-list-ext-item\"><div class=\"page-list-ext-image\"><a href=\"https:\/\/www.komedija.hr\/www\/umirovljeni-i-bivsi-clanovi-ansambla\/niko-pavlovic\/\" title=\"Niko Pavlovi\u0107\"><img decoding=\"async\" src=\"http:\/\/www.komedija.hr\/www\/wp-content\/uploads\/2013\/04\/niko-pavlovic-200x300.jpg\" width=\"70\" alt=\"Niko Pavlovi\u0107\" \/><\/a><\/div> <h3 class=\"page-list-ext-title\"><a href=\"https:\/\/www.komedija.hr\/www\/umirovljeni-i-bivsi-clanovi-ansambla\/niko-pavlovic\/\" title=\"Niko Pavlovi\u0107\">Niko Pavlovi\u0107<\/a><\/h3><\/div>\n<div class=\"page-list-ext-item\"><div class=\"page-list-ext-image\"><a href=\"https:\/\/www.komedija.hr\/www\/umirovljeni-i-bivsi-clanovi-ansambla\/ranko-tihomirovic\/\" title=\"Ranko Tihomirovi\u0107\"><img decoding=\"async\" src=\"http:\/\/www.komedija.hr\/www\/wp-content\/uploads\/2011\/09\/Ranko_tihomirovic-200x300.jpg\" width=\"70\" alt=\"Ranko Tihomirovi\u0107\" \/><\/a><\/div> <h3 class=\"page-list-ext-title\"><a href=\"https:\/\/www.komedija.hr\/www\/umirovljeni-i-bivsi-clanovi-ansambla\/ranko-tihomirovic\/\" title=\"Ranko Tihomirovi\u0107\">Ranko Tihomirovi\u0107<\/a><\/h3><\/div>\n<div class=\"page-list-ext-item\"><div class=\"page-list-ext-image\"><a href=\"https:\/\/www.komedija.hr\/www\/umirovljeni-i-bivsi-clanovi-ansambla\/tomislav-martic\/\" title=\"Tomislav Marti\u0107\"><img decoding=\"async\" src=\"http:\/\/www.komedija.hr\/www\/wp-content\/uploads\/2012\/03\/Tomislav-Martic-231x300.jpg\" width=\"70\" alt=\"Tomislav Marti\u0107\" \/><\/a><\/div> <h3 class=\"page-list-ext-title\"><a href=\"https:\/\/www.komedija.hr\/www\/umirovljeni-i-bivsi-clanovi-ansambla\/tomislav-martic\/\" title=\"Tomislav Marti\u0107\">Tomislav Marti\u0107<\/a><\/h3><\/div>\n<div class=\"page-list-ext-item\"><div class=\"page-list-ext-image\"><a href=\"https:\/\/www.komedija.hr\/www\/umirovljeni-i-bivsi-clanovi-ansambla\/veseljko-baresic\/\" title=\"Veseljko Bare\u0161i\u0107\"><img decoding=\"async\" src=\"http:\/\/www.komedija.hr\/www\/wp-content\/uploads\/2018\/01\/veseljko_baresic_m-199x300.jpg\" width=\"70\" alt=\"Veseljko Bare\u0161i\u0107\" \/><\/a><\/div> <h3 class=\"page-list-ext-title\"><a href=\"https:\/\/www.komedija.hr\/www\/umirovljeni-i-bivsi-clanovi-ansambla\/veseljko-baresic\/\" title=\"Veseljko Bare\u0161i\u0107\">Veseljko Bare\u0161i\u0107<\/a><\/h3><\/div>\n<div class=\"page-list-ext-item\"><div class=\"page-list-ext-image\"><a href=\"https:\/\/www.komedija.hr\/www\/umirovljeni-i-bivsi-clanovi-ansambla\/kraljevic-vinko\/\" title=\"Vinko Kraljevi\u0107\"><img decoding=\"async\" src=\"http:\/\/www.komedija.hr\/www\/wp-content\/uploads\/2011\/08\/vinko_kraljevic-1-200x300.jpg\" width=\"70\" alt=\"Vinko Kraljevi\u0107\" \/><\/a><\/div> <h3 class=\"page-list-ext-title\"><a href=\"https:\/\/www.komedija.hr\/www\/umirovljeni-i-bivsi-clanovi-ansambla\/kraljevic-vinko\/\" title=\"Vinko Kraljevi\u0107\">Vinko Kraljevi\u0107<\/a><\/h3><\/div>\n\n<\/div>\n","protected":false},"excerpt":{"rendered":"<p>Umirovljeni i biv\u0161i \u010dlanovi ansambla<\/p>\n","protected":false},"author":4,"featured_media":0,"parent":0,"menu_order":0,"comment_status":"closed","ping_status":"closed","template":"","meta":{"ngg_post_thumbnail":0,"footnotes":""},"class_list":["post-8592","page","type-page","status-publish","hentry"],"yoast_head":"<!-- This site is optimized with the Yoast SEO plugin v27.4 - https:\/\/yoast.com\/product\/yoast-seo-wordpress\/ -->\n<title>Umirovljeni i biv\u0161i \u010dlanovi ansambla - Kazali\u0161te Komedija<\/title>\n<meta name=\"robots\" content=\"index, follow, max-snippet:-1, max-image-preview:large, max-video-preview:-1\" \/>\n<link rel=\"canonical\" href=\"https:\/\/www.komedija.hr\/www\/umirovljeni-i-bivsi-clanovi-ansambla\/\" \/>\n<meta property=\"og:locale\" content=\"hr_HR\" \/>\n<meta property=\"og:type\" content=\"article\" \/>\n<meta property=\"og:title\" content=\"Umirovljeni i biv\u0161i \u010dlanovi ansambla - Kazali\u0161te Komedija\" \/>\n<meta property=\"og:description\" content=\"Umirovljeni i biv\u0161i \u010dlanovi ansambla\" \/>\n<meta property=\"og:url\" content=\"https:\/\/www.komedija.hr\/www\/umirovljeni-i-bivsi-clanovi-ansambla\/\" \/>\n<meta property=\"og:site_name\" content=\"Kazali\u0161te Komedija\" \/>\n<meta property=\"article:publisher\" content=\"https:\/\/www.facebook.com\/kazaliste.komedija\/\" \/>\n<meta property=\"article:modified_time\" content=\"2019-06-19T10:16:02+00:00\" \/>\n<meta name=\"twitter:card\" content=\"summary_large_image\" \/>\n<meta name=\"twitter:site\" content=\"@KKomedija\" \/>\n<script type=\"application\/ld+json\" class=\"yoast-schema-graph\">{\"@context\":\"https:\\\/\\\/schema.org\",\"@graph\":[{\"@type\":\"WebPage\",\"@id\":\"https:\\\/\\\/www.komedija.hr\\\/www\\\/umirovljeni-i-bivsi-clanovi-ansambla\\\/\",\"url\":\"https:\\\/\\\/www.komedija.hr\\\/www\\\/umirovljeni-i-bivsi-clanovi-ansambla\\\/\",\"name\":\"Umirovljeni i biv\u0161i \u010dlanovi ansambla - Kazali\u0161te Komedija\",\"isPartOf\":{\"@id\":\"http:\\\/\\\/www.komedija.hr\\\/www\\\/#website\"},\"datePublished\":\"2017-05-24T09:58:37+00:00\",\"dateModified\":\"2019-06-19T10:16:02+00:00\",\"breadcrumb\":{\"@id\":\"https:\\\/\\\/www.komedija.hr\\\/www\\\/umirovljeni-i-bivsi-clanovi-ansambla\\\/#breadcrumb\"},\"inLanguage\":\"hr\",\"potentialAction\":[{\"@type\":\"ReadAction\",\"target\":[\"https:\\\/\\\/www.komedija.hr\\\/www\\\/umirovljeni-i-bivsi-clanovi-ansambla\\\/\"]}]},{\"@type\":\"BreadcrumbList\",\"@id\":\"https:\\\/\\\/www.komedija.hr\\\/www\\\/umirovljeni-i-bivsi-clanovi-ansambla\\\/#breadcrumb\",\"itemListElement\":[{\"@type\":\"ListItem\",\"position\":1,\"name\":\"Po\u010detna stranica\",\"item\":\"http:\\\/\\\/www.komedija.hr\\\/www\\\/\"},{\"@type\":\"ListItem\",\"position\":2,\"name\":\"Umirovljeni i biv\u0161i \u010dlanovi ansambla\"}]},{\"@type\":\"WebSite\",\"@id\":\"http:\\\/\\\/www.komedija.hr\\\/www\\\/#website\",\"url\":\"http:\\\/\\\/www.komedija.hr\\\/www\\\/\",\"name\":\"Kazali\u0161te Komedija\",\"description\":\"\",\"publisher\":{\"@id\":\"http:\\\/\\\/www.komedija.hr\\\/www\\\/#organization\"},\"potentialAction\":[{\"@type\":\"SearchAction\",\"target\":{\"@type\":\"EntryPoint\",\"urlTemplate\":\"http:\\\/\\\/www.komedija.hr\\\/www\\\/?s={search_term_string}\"},\"query-input\":{\"@type\":\"PropertyValueSpecification\",\"valueRequired\":true,\"valueName\":\"search_term_string\"}}],\"inLanguage\":\"hr\"},{\"@type\":\"Organization\",\"@id\":\"http:\\\/\\\/www.komedija.hr\\\/www\\\/#organization\",\"name\":\"Zagreba\u010dko gradsko Kazali\u0161ta Komedija\",\"url\":\"http:\\\/\\\/www.komedija.hr\\\/www\\\/\",\"logo\":{\"@type\":\"ImageObject\",\"inLanguage\":\"hr\",\"@id\":\"http:\\\/\\\/www.komedija.hr\\\/www\\\/#\\\/schema\\\/logo\\\/image\\\/\",\"url\":\"https:\\\/\\\/www.komedija.hr\\\/www\\\/wp-content\\\/uploads\\\/2020\\\/02\\\/cropped-Kazaliste_Komedija_logo_2.png\",\"contentUrl\":\"https:\\\/\\\/www.komedija.hr\\\/www\\\/wp-content\\\/uploads\\\/2020\\\/02\\\/cropped-Kazaliste_Komedija_logo_2.png\",\"width\":512,\"height\":512,\"caption\":\"Zagreba\u010dko gradsko Kazali\u0161ta Komedija\"},\"image\":{\"@id\":\"http:\\\/\\\/www.komedija.hr\\\/www\\\/#\\\/schema\\\/logo\\\/image\\\/\"},\"sameAs\":[\"https:\\\/\\\/www.facebook.com\\\/kazaliste.komedija\\\/\",\"https:\\\/\\\/x.com\\\/KKomedija\",\"https:\\\/\\\/www.instagram.com\\\/kazaliste_komedija\\\/\",\"https:\\\/\\\/www.youtube.com\\\/channel\\\/UC1NcapMYUXJW3miW_oPxT5w\\\/videos\"]}]}<\/script>\n<!-- \/ Yoast SEO plugin. -->","yoast_head_json":{"title":"Umirovljeni i biv\u0161i \u010dlanovi ansambla - Kazali\u0161te Komedija","robots":{"index":"index","follow":"follow","max-snippet":"max-snippet:-1","max-image-preview":"max-image-preview:large","max-video-preview":"max-video-preview:-1"},"canonical":"https:\/\/www.komedija.hr\/www\/umirovljeni-i-bivsi-clanovi-ansambla\/","og_locale":"hr_HR","og_type":"article","og_title":"Umirovljeni i biv\u0161i \u010dlanovi ansambla - Kazali\u0161te Komedija","og_description":"Umirovljeni i biv\u0161i \u010dlanovi ansambla","og_url":"https:\/\/www.komedija.hr\/www\/umirovljeni-i-bivsi-clanovi-ansambla\/","og_site_name":"Kazali\u0161te Komedija","article_publisher":"https:\/\/www.facebook.com\/kazaliste.komedija\/","article_modified_time":"2019-06-19T10:16:02+00:00","twitter_card":"summary_large_image","twitter_site":"@KKomedija","schema":{"@context":"https:\/\/schema.org","@graph":[{"@type":"WebPage","@id":"https:\/\/www.komedija.hr\/www\/umirovljeni-i-bivsi-clanovi-ansambla\/","url":"https:\/\/www.komedija.hr\/www\/umirovljeni-i-bivsi-clanovi-ansambla\/","name":"Umirovljeni i biv\u0161i \u010dlanovi ansambla - Kazali\u0161te Komedija","isPartOf":{"@id":"http:\/\/www.komedija.hr\/www\/#website"},"datePublished":"2017-05-24T09:58:37+00:00","dateModified":"2019-06-19T10:16:02+00:00","breadcrumb":{"@id":"https:\/\/www.komedija.hr\/www\/umirovljeni-i-bivsi-clanovi-ansambla\/#breadcrumb"},"inLanguage":"hr","potentialAction":[{"@type":"ReadAction","target":["https:\/\/www.komedija.hr\/www\/umirovljeni-i-bivsi-clanovi-ansambla\/"]}]},{"@type":"BreadcrumbList","@id":"https:\/\/www.komedija.hr\/www\/umirovljeni-i-bivsi-clanovi-ansambla\/#breadcrumb","itemListElement":[{"@type":"ListItem","position":1,"name":"Po\u010detna stranica","item":"http:\/\/www.komedija.hr\/www\/"},{"@type":"ListItem","position":2,"name":"Umirovljeni i biv\u0161i \u010dlanovi ansambla"}]},{"@type":"WebSite","@id":"http:\/\/www.komedija.hr\/www\/#website","url":"http:\/\/www.komedija.hr\/www\/","name":"Kazali\u0161te Komedija","description":"","publisher":{"@id":"http:\/\/www.komedija.hr\/www\/#organization"},"potentialAction":[{"@type":"SearchAction","target":{"@type":"EntryPoint","urlTemplate":"http:\/\/www.komedija.hr\/www\/?s={search_term_string}"},"query-input":{"@type":"PropertyValueSpecification","valueRequired":true,"valueName":"search_term_string"}}],"inLanguage":"hr"},{"@type":"Organization","@id":"http:\/\/www.komedija.hr\/www\/#organization","name":"Zagreba\u010dko gradsko Kazali\u0161ta Komedija","url":"http:\/\/www.komedija.hr\/www\/","logo":{"@type":"ImageObject","inLanguage":"hr","@id":"http:\/\/www.komedija.hr\/www\/#\/schema\/logo\/image\/","url":"https:\/\/www.komedija.hr\/www\/wp-content\/uploads\/2020\/02\/cropped-Kazaliste_Komedija_logo_2.png","contentUrl":"https:\/\/www.komedija.hr\/www\/wp-content\/uploads\/2020\/02\/cropped-Kazaliste_Komedija_logo_2.png","width":512,"height":512,"caption":"Zagreba\u010dko gradsko Kazali\u0161ta Komedija"},"image":{"@id":"http:\/\/www.komedija.hr\/www\/#\/schema\/logo\/image\/"},"sameAs":["https:\/\/www.facebook.com\/kazaliste.komedija\/","https:\/\/x.com\/KKomedija","https:\/\/www.instagram.com\/kazaliste_komedija\/","https:\/\/www.youtube.com\/channel\/UC1NcapMYUXJW3miW_oPxT5w\/videos"]}]}},"_links":{"self":[{"href":"https:\/\/www.komedija.hr\/www\/wp-json\/wp\/v2\/pages\/8592","targetHints":{"allow":["GET"]}}],"collection":[{"href":"https:\/\/www.komedija.hr\/www\/wp-json\/wp\/v2\/pages"}],"about":[{"href":"https:\/\/www.komedija.hr\/www\/wp-json\/wp\/v2\/types\/page"}],"author":[{"embeddable":true,"href":"https:\/\/www.komedija.hr\/www\/wp-json\/wp\/v2\/users\/4"}],"replies":[{"embeddable":true,"href":"https:\/\/www.komedija.hr\/www\/wp-json\/wp\/v2\/comments?post=8592"}],"version-history":[{"count":0,"href":"https:\/\/www.komedija.hr\/www\/wp-json\/wp\/v2\/pages\/8592\/revisions"}],"wp:attachment":[{"href":"https:\/\/www.komedija.hr\/www\/wp-json\/wp\/v2\/media?parent=8592"}],"curies":[{"name":"wp","href":"https:\/\/api.w.org\/{rel}","templated":true}]}}