{"id":8746,"date":"2017-07-19T22:25:09","date_gmt":"2017-07-19T20:25:09","guid":{"rendered":"http:\/\/www.komedija.hr\/www\/?page_id=8746"},"modified":"2022-07-14T14:35:32","modified_gmt":"2022-07-14T12:35:32","slug":"faraon-iz-ilice-je-mrtav","status":"publish","type":"page","link":"https:\/\/www.komedija.hr\/www\/arhiva-predstava\/faraon-iz-ilice-je-mrtav\/","title":{"rendered":"FARAON IZ ILICE JE MRTAV!"},"content":{"rendered":"<div style=\"text-algn:left\"><span style=\"display:inline-block;text-align:center;\"><iframe allow=\"autoplay\" class=\"youtube_embed_iframe\"    allowFullScreen=\"true\" style=\"width:640px; height:360px\" src=\"https:\/\/www.youtube.com\/embed\/bS40kptqqPs?autoplay=0&theme=dark&loop=0&fs=1&showinfo=1&modestbranding=0&iv_load_policy=3&color=red&autohide=1&disablekb=0&enablejsapi=1&version=3\"><\/iframe><\/span><\/div>\n<p>Milana Vukovi\u0107 Runji\u0107 \/ Ana Tonkovi\u0107 Dolen\u010di\u0107 &#8211; Ivan Josip Skender: FARAON IZ ILICE JE MRTAV!, glazbeni krimi\u0107<\/p>\n<p>Redatelj:<strong> Kre\u0161imir Dolen\u010di\u0107<br \/>\n<\/strong>Dirigent: <strong>Kre\u0161imir Batini\u0107<\/strong><br \/>\nDramaturginja:<strong> Ana Tonkovi\u0107 Dolen\u010di\u0107<\/strong><br \/>\nAutor glazbe:<strong> Ivan Josip Skender<\/strong><br \/>\nScenografkinja: <strong>Dinka Jeri\u010devi\u0107<\/strong><br \/>\nKostimografkinja:<strong> Tea Ba\u0161i\u0107<\/strong><br \/>\nKoreograf:<strong> Igor Barberi\u0107<br \/>\n<\/strong>Koncert-majstor: <strong>Melita \u0160afran<br \/>\n<\/strong>Suradnica scenografkinje:<strong> Marta Crnobrnja<\/strong><\/p>\n<p>&nbsp;<\/p>\n<p>Uloge:<\/p>\n<p>\u0160lager pjeva\u010d: <strong><a href=\"http:\/\/www.komedija.hr\/www\/ansambl-2\/glumci\/buneta-sasa\/\">Sa\u0161a Buneta<br \/>\n<\/a><\/strong>Edvina pl. Podolsky: <strong><a href=\"http:\/\/www.komedija.hr\/www\/ansambl-2\/glumci\/dajana-culjak\/\">Dajana \u010culjak<\/a><br \/>\n<\/strong>Sascha Ackerman: <strong><a href=\"http:\/\/www.komedija.hr\/www\/umirovljeni-i-bivsi-clanovi-ansambla\/ivan-cuic\/\">Ivan \u010cui\u0107<\/a> (do 28.11.2019.) \/ <a href=\"http:\/\/www.komedija.hr\/www\/ansambl-2\/glumci\/ivan-glowatzky\/\">Ivan Glowatzky<\/a> (od 20.1.2020.)<br \/>\n<\/strong>Teta Micika: <strong><a href=\"http:\/\/www.komedija.hr\/www\/ansambl-2\/glumci\/palic-picukaric-jasna\/\">Jasna Pali\u0107 Picukari\u0107<br \/>\n<\/a><\/strong>Sofija Vondelar, udovica Podolsky: <strong><a href=\"http:\/\/www.komedija.hr\/www\/ansambl-2\/glumci\/elegovic-mila\/\">Mila Elegovi\u0107<br \/>\n<\/a><\/strong>Gregor pl. Podolsky, zvan stric Gigi: <strong><a href=\"http:\/\/www.komedija.hr\/www\/ansambl-2\/glumci\/drazen-bratulic\/\">Dra\u017een Bratuli\u0107<br \/>\n<\/a><\/strong>Franc Keop\u010dek alias Faraon Keops Ra: <a href=\"http:\/\/www.komedija.hr\/www\/ansambl-2\/glumci\/goran-malus\/\"><b>Goran Malus<br \/>\n<\/b><\/a>Alfred Makajec, patuljak, Faraonov asistent: <strong><a href=\"http:\/\/www.komedija.hr\/www\/ansambl-2\/glumci\/fabijan-pavao-medvesek\/\">Fabijan Pavao Medve\u0161ek<\/a><br \/>\n<\/strong>Dimitrije Lap\u010devi\u0107, detektiv: <a href=\"http:\/\/www.komedija.hr\/www\/ansambl-2\/glumci\/ozbolt-zlatko\/\"><b>Zlatko O\u017ebolt<br \/>\n<\/b><\/a>Veronika Skerlecz, Edvinina najbolja prijateljica: <strong><a href=\"http:\/\/www.komedija.hr\/www\/ansambl-2\/glumci\/kraljevic-ana\/\">Ana Magud<br \/>\n<\/a><\/strong>Inga, lije\u010dnica: <strong><a href=\"http:\/\/www.komedija.hr\/www\/ansambl-2\/glumci\/nera-stipicevic\/\">Nera Stipi\u010devi\u0107<br \/>\n<\/a><\/strong>Jakob Ackerman, Saschin otac: <strong><a href=\"http:\/\/www.komedija.hr\/www\/ansambl-2\/glumci\/balog-vid\/\">Vid Balog<br \/>\n<\/a><\/strong>Lepa Pepa: <strong><a href=\"http:\/\/www.komedija.hr\/www\/ansambl-2\/glumci\/kaic-nina\/\">Nina Kai\u0107 Madi\u0107<\/a>, <a href=\"http:\/\/www.komedija.hr\/www\/ansambl-2\/glumci\/ciric-vanja\/\">Vanja \u0106iri\u0107 <\/a><\/strong>(od 19. 1. 2019.)<strong><a href=\"http:\/\/www.komedija.hr\/www\/ansambl-2\/glumci\/kaic-nina\/\"><br \/>\n<\/a><\/strong>Rozana Rozental Ra: <strong>Lana Bla\u0107e<br \/>\n<\/strong>Hermina \u010coh: <strong>J<\/strong><b>adranka Gospodneti\u0107 <\/b>\/ <strong>Ana Zebi\u0107 Kostel<br \/>\n<\/strong>Adela Gajer: <strong><a href=\"http:\/\/www.komedija.hr\/www\/ansambl-2\/pjevaci\/larisa-marak\/\">Larisa Marak<\/a>, <a href=\"http:\/\/www.komedija.hr\/www\/ansambl-2\/glumci\/ivona-kundert\/\">Ivona Kundert<\/a><\/strong>(od 19. 1. 2019.)<br \/>\nGrofica Bacciani Danielli: <strong>Tamara Masnjak<\/strong><br \/>\nAaron Rosental: <strong>Bo\u017eidar Peri\u010di\u0107<\/strong><br \/>\nIgnjat \u010coh: <strong>Dario Do\u0161li\u0107<\/strong><\/p>\n<p>Sudjeluju orkestar, zbor i baletni ansambl Kazali\u0161ta &#8220;Komedija&#8221;<\/p>\n<p>Premijera: 1. 12. 2017.<br \/>\nTrajanje:oko 2,5 sata sa jednom stankom<\/p>\n<p>[supsystic-gallery id=9 position=center]<\/p>\n<p>Na \u0161arenoj pozornici Zagreba 1929., na kojoj se isprepli\u0107u <em>jazz<\/em>-era i plesnjaci, varijeteii i \u0161arene naslovnice <em>Svijeta<\/em> Otta Antoninija, istodobno se pojavljuju tamne sjene \u0161estjanuarske diktature: politi\u010dki neistomi\u0161ljenici se progone i zatvaraju, zloglasni \u0161ef policije ih premla\u0107uje u podrumu Petrinjske ulice&#8230;.<\/p>\n<p>Ipak, i dalje je to Zagreb kavana, restorana, ve\u010dernjih izlazaka, gradskih pri\u010da o bogatima i slavnima. Kada u takvom gradu slavni vidovnjak i zavodnik koji se, zbog svoje osebujnog, \u00abfaraonskog\u00bb stila odijevanja prozvao Keops-Ra bude bude prona\u0111en mrtav, taj doga\u0111aj odmah osvane na svim novinskim naslovnicama: samozvanog je proroka doista mogao ubiti bilo koji od brojnih ljubomornih mu\u017eeva. Mlada i lijepa Edvina Podolsky sasvim slu\u010dajno se na\u0111e umije\u0161anom u taj doga\u0111aj te nema nekog izbora nego krenuti u potragu za ubojicom, bu\u010dnim ulicama metropole tog sparnog ljeta, obalom Save na kojoj se upravo bira miss, izlo\u017ebom automobila, ali i siroma\u0161nim i zaba\u010denim krajevima iza hotela <em>Esplanade<\/em>, dok se u pozadini neprekidno \u010duju \u0161lageri i saksofon Oktavijana Mileti\u0107a&#8230;. Rije\u010d je o kriminalisti\u010dkom romanu koji je istodobno dru\u0161tvena kronika te podsjetnik na neka vremena koja mo\u017eda nisu bila bolja, ali nam se iz dana\u0161nje perspektive \u010dine \u2013 nevinijima.<\/p>\n<p>Edvina je dvadesetgodi\u0161nja bogata djevojka koja u\u017eiva u svim pogodnostima koje pru\u017ea metropola: plesu, zabavama, <em>jazzu<\/em>, a jedino \u0161to je mu\u010di jest zaljubljenost u jednog od vi\u0111enijih gradskih plejboja, Saschu Ackermanna. Edvina i Sascha, zajedno s Edvininim ujakom Gigijem pripadaju bogatom sloju gra\u0111ana, za razliku od detektiva Lap\u010devi\u0107a, koji ne vodi takav glamurozni \u017eivot u gradu u kojeg je stigao iz Beograda, s vi\u0161e-manje jasnom direktivom da prou\u010di \u017eivot raznih \u00absumnjivih lica\u00bb, pa tako i Edvininog ujaka. No, umjesto da se bavi svojom misijom, on uranja duboko u slu\u010daj ubojstva vidovnjaka, iznimno popularnog i me\u0111u nje\u017enijim spolom omiljenog, Keopsa-Ra. Taj \u0161armantni \u0161arlatan uglavnom je bio ljubavnik ve\u0107ine svojih klijentica, pa su mnogi prevareni mu\u017eevi odjednom sumnjivi. Me\u0111utim, Edvina \u0107e nekim drugim putem krenuti u potragu za po\u010diniteljem, a podr\u0161ku i prijatelje u toj misiji prona\u0107i \u0107e u Lap\u010devi\u0107u i Gigiju. Premda \u0107e u pri\u010di biti jo\u0161 poneki kostur, upravo \u0107e \u0161lageri onog vremena radnju \u010diniti so\u010dnom, napetom i prije svega \u2013 zabavnom.<\/p>\n<p>&nbsp;<\/p>\n<p>MEDIJSKI POKROVITELJ PREDSTAVE:<br \/>\n<a class=\"noopener noreferrer\" href=\"http:\/\/www.jutarnji.hr\" target=\"_blank\" rel=\"noopener noreferrer\"><img decoding=\"async\" class=\"alignnone wp-image-9132 size-full\" src=\"http:\/\/www.komedija.hr\/www\/wp-content\/uploads\/2017\/12\/jutarnji_m.jpg\" alt=\"\" width=\"200\" height=\"54\" \/><\/a><\/p>\n<p>Kritike:<\/p>\n<p><a href=\"https:\/\/www.jutarnji.hr\/kultura\/kazaliste\/kazalisni-kriticar-jutarnjeg-o-predstavi-po-romanu-milane-vukovic-runjic-faraon-u-komediji-dinamicno-duhovito-i-pomalo-nadrealno\/6811293\/\">JUTARNJI LIST<\/a><\/p>\n<p><a href=\"https:\/\/www.zagrebacki.hr\/2017\/12\/04\/kazaliste-komedija-premijera-predstave-faraon-iz-ilice-mrtav-milane-vukovic-runjic\/\">ZAGREBA\u010cKI LIST <\/a><\/p>\n<p><a href=\"http:\/\/www.ziher.hr\/faraon-iz-ilice-mrtav-komedija\/\">ZIHER.HR<\/a><\/p>\n","protected":false},"excerpt":{"rendered":"<p>Milana Vukovi\u0107 Runji\u0107 \/ Ana Tonkovi\u0107 Dolen\u010di\u0107 &#8211; Ivan Josip Skender: FARAON IZ ILICE JE MRTAV!, glazbeni krimi\u0107 Redatelj: Kre\u0161imir Dolen\u010di\u0107 Dirigent: Kre\u0161imir Batini\u0107 Dramaturginja: Ana Tonkovi\u0107 Dolen\u010di\u0107 Autor glazbe: Ivan Josip Skender Scenografkinja: Dinka Jeri\u010devi\u0107 Kostimografkinja: Tea Ba\u0161i\u0107 Koreograf: Igor Barberi\u0107 Koncert-majstor: Melita \u0160afran Suradnica scenografkinje: Marta Crnobrnja &nbsp; Uloge: \u0160lager pjeva\u010d: Sa\u0161a Buneta [&hellip;]<\/p>\n","protected":false},"author":3,"featured_media":9080,"parent":1659,"menu_order":0,"comment_status":"closed","ping_status":"closed","template":"","meta":{"ngg_post_thumbnail":0,"footnotes":""},"class_list":["post-8746","page","type-page","status-publish","has-post-thumbnail","hentry"],"yoast_head":"<!-- This site is optimized with the Yoast SEO plugin v27.4 - https:\/\/yoast.com\/product\/yoast-seo-wordpress\/ -->\n<title>FARAON IZ ILICE JE MRTAV! - Kazali\u0161te Komedija<\/title>\n<meta name=\"robots\" content=\"index, follow, max-snippet:-1, max-image-preview:large, max-video-preview:-1\" \/>\n<link rel=\"canonical\" href=\"https:\/\/www.komedija.hr\/www\/arhiva-predstava\/faraon-iz-ilice-je-mrtav\/\" \/>\n<meta property=\"og:locale\" content=\"hr_HR\" \/>\n<meta property=\"og:type\" content=\"article\" \/>\n<meta property=\"og:title\" content=\"FARAON IZ ILICE JE MRTAV! - Kazali\u0161te Komedija\" \/>\n<meta property=\"og:description\" content=\"Milana Vukovi\u0107 Runji\u0107 \/ Ana Tonkovi\u0107 Dolen\u010di\u0107 &#8211; Ivan Josip Skender: FARAON IZ ILICE JE MRTAV!, glazbeni krimi\u0107 Redatelj: Kre\u0161imir Dolen\u010di\u0107 Dirigent: Kre\u0161imir Batini\u0107 Dramaturginja: Ana Tonkovi\u0107 Dolen\u010di\u0107 Autor glazbe: Ivan Josip Skender Scenografkinja: Dinka Jeri\u010devi\u0107 Kostimografkinja: Tea Ba\u0161i\u0107 Koreograf: Igor Barberi\u0107 Koncert-majstor: Melita \u0160afran Suradnica scenografkinje: Marta Crnobrnja &nbsp; Uloge: \u0160lager pjeva\u010d: Sa\u0161a Buneta [&hellip;]\" \/>\n<meta property=\"og:url\" content=\"https:\/\/www.komedija.hr\/www\/arhiva-predstava\/faraon-iz-ilice-je-mrtav\/\" \/>\n<meta property=\"og:site_name\" content=\"Kazali\u0161te Komedija\" \/>\n<meta property=\"article:publisher\" content=\"https:\/\/www.facebook.com\/kazaliste.komedija\/\" \/>\n<meta property=\"article:modified_time\" content=\"2022-07-14T12:35:32+00:00\" \/>\n<meta property=\"og:image\" content=\"https:\/\/www.komedija.hr\/www\/wp-content\/uploads\/2017\/10\/B2-jpg_m.jpg\" \/>\n\t<meta property=\"og:image:width\" content=\"448\" \/>\n\t<meta property=\"og:image:height\" content=\"640\" \/>\n\t<meta property=\"og:image:type\" content=\"image\/jpeg\" \/>\n<meta name=\"twitter:card\" content=\"summary_large_image\" \/>\n<meta name=\"twitter:site\" content=\"@KKomedija\" \/>\n<meta name=\"twitter:label1\" content=\"Procijenjeno vrijeme \u010ditanja\" \/>\n\t<meta name=\"twitter:data1\" content=\"4 minute\" \/>\n<script type=\"application\/ld+json\" class=\"yoast-schema-graph\">{\"@context\":\"https:\\\/\\\/schema.org\",\"@graph\":[{\"@type\":\"WebPage\",\"@id\":\"https:\\\/\\\/www.komedija.hr\\\/www\\\/arhiva-predstava\\\/faraon-iz-ilice-je-mrtav\\\/\",\"url\":\"https:\\\/\\\/www.komedija.hr\\\/www\\\/arhiva-predstava\\\/faraon-iz-ilice-je-mrtav\\\/\",\"name\":\"FARAON IZ ILICE JE MRTAV! - Kazali\u0161te Komedija\",\"isPartOf\":{\"@id\":\"http:\\\/\\\/www.komedija.hr\\\/www\\\/#website\"},\"primaryImageOfPage\":{\"@id\":\"https:\\\/\\\/www.komedija.hr\\\/www\\\/arhiva-predstava\\\/faraon-iz-ilice-je-mrtav\\\/#primaryimage\"},\"image\":{\"@id\":\"https:\\\/\\\/www.komedija.hr\\\/www\\\/arhiva-predstava\\\/faraon-iz-ilice-je-mrtav\\\/#primaryimage\"},\"thumbnailUrl\":\"https:\\\/\\\/www.komedija.hr\\\/www\\\/wp-content\\\/uploads\\\/2017\\\/10\\\/B2-jpg_m.jpg\",\"datePublished\":\"2017-07-19T20:25:09+00:00\",\"dateModified\":\"2022-07-14T12:35:32+00:00\",\"breadcrumb\":{\"@id\":\"https:\\\/\\\/www.komedija.hr\\\/www\\\/arhiva-predstava\\\/faraon-iz-ilice-je-mrtav\\\/#breadcrumb\"},\"inLanguage\":\"hr\",\"potentialAction\":[{\"@type\":\"ReadAction\",\"target\":[\"https:\\\/\\\/www.komedija.hr\\\/www\\\/arhiva-predstava\\\/faraon-iz-ilice-je-mrtav\\\/\"]}]},{\"@type\":\"ImageObject\",\"inLanguage\":\"hr\",\"@id\":\"https:\\\/\\\/www.komedija.hr\\\/www\\\/arhiva-predstava\\\/faraon-iz-ilice-je-mrtav\\\/#primaryimage\",\"url\":\"https:\\\/\\\/www.komedija.hr\\\/www\\\/wp-content\\\/uploads\\\/2017\\\/10\\\/B2-jpg_m.jpg\",\"contentUrl\":\"https:\\\/\\\/www.komedija.hr\\\/www\\\/wp-content\\\/uploads\\\/2017\\\/10\\\/B2-jpg_m.jpg\",\"width\":448,\"height\":640},{\"@type\":\"BreadcrumbList\",\"@id\":\"https:\\\/\\\/www.komedija.hr\\\/www\\\/arhiva-predstava\\\/faraon-iz-ilice-je-mrtav\\\/#breadcrumb\",\"itemListElement\":[{\"@type\":\"ListItem\",\"position\":1,\"name\":\"Po\u010detna stranica\",\"item\":\"http:\\\/\\\/www.komedija.hr\\\/www\\\/\"},{\"@type\":\"ListItem\",\"position\":2,\"name\":\"Arhiva predstava\",\"item\":\"https:\\\/\\\/www.komedija.hr\\\/www\\\/arhiva-predstava\\\/\"},{\"@type\":\"ListItem\",\"position\":3,\"name\":\"FARAON IZ ILICE JE MRTAV!\"}]},{\"@type\":\"WebSite\",\"@id\":\"http:\\\/\\\/www.komedija.hr\\\/www\\\/#website\",\"url\":\"http:\\\/\\\/www.komedija.hr\\\/www\\\/\",\"name\":\"Kazali\u0161te Komedija\",\"description\":\"\",\"publisher\":{\"@id\":\"http:\\\/\\\/www.komedija.hr\\\/www\\\/#organization\"},\"potentialAction\":[{\"@type\":\"SearchAction\",\"target\":{\"@type\":\"EntryPoint\",\"urlTemplate\":\"http:\\\/\\\/www.komedija.hr\\\/www\\\/?s={search_term_string}\"},\"query-input\":{\"@type\":\"PropertyValueSpecification\",\"valueRequired\":true,\"valueName\":\"search_term_string\"}}],\"inLanguage\":\"hr\"},{\"@type\":\"Organization\",\"@id\":\"http:\\\/\\\/www.komedija.hr\\\/www\\\/#organization\",\"name\":\"Zagreba\u010dko gradsko Kazali\u0161ta Komedija\",\"url\":\"http:\\\/\\\/www.komedija.hr\\\/www\\\/\",\"logo\":{\"@type\":\"ImageObject\",\"inLanguage\":\"hr\",\"@id\":\"http:\\\/\\\/www.komedija.hr\\\/www\\\/#\\\/schema\\\/logo\\\/image\\\/\",\"url\":\"https:\\\/\\\/www.komedija.hr\\\/www\\\/wp-content\\\/uploads\\\/2020\\\/02\\\/cropped-Kazaliste_Komedija_logo_2.png\",\"contentUrl\":\"https:\\\/\\\/www.komedija.hr\\\/www\\\/wp-content\\\/uploads\\\/2020\\\/02\\\/cropped-Kazaliste_Komedija_logo_2.png\",\"width\":512,\"height\":512,\"caption\":\"Zagreba\u010dko gradsko Kazali\u0161ta Komedija\"},\"image\":{\"@id\":\"http:\\\/\\\/www.komedija.hr\\\/www\\\/#\\\/schema\\\/logo\\\/image\\\/\"},\"sameAs\":[\"https:\\\/\\\/www.facebook.com\\\/kazaliste.komedija\\\/\",\"https:\\\/\\\/x.com\\\/KKomedija\",\"https:\\\/\\\/www.instagram.com\\\/kazaliste_komedija\\\/\",\"https:\\\/\\\/www.youtube.com\\\/channel\\\/UC1NcapMYUXJW3miW_oPxT5w\\\/videos\"]}]}<\/script>\n<!-- \/ Yoast SEO plugin. -->","yoast_head_json":{"title":"FARAON IZ ILICE JE MRTAV! - Kazali\u0161te Komedija","robots":{"index":"index","follow":"follow","max-snippet":"max-snippet:-1","max-image-preview":"max-image-preview:large","max-video-preview":"max-video-preview:-1"},"canonical":"https:\/\/www.komedija.hr\/www\/arhiva-predstava\/faraon-iz-ilice-je-mrtav\/","og_locale":"hr_HR","og_type":"article","og_title":"FARAON IZ ILICE JE MRTAV! - Kazali\u0161te Komedija","og_description":"Milana Vukovi\u0107 Runji\u0107 \/ Ana Tonkovi\u0107 Dolen\u010di\u0107 &#8211; Ivan Josip Skender: FARAON IZ ILICE JE MRTAV!, glazbeni krimi\u0107 Redatelj: Kre\u0161imir Dolen\u010di\u0107 Dirigent: Kre\u0161imir Batini\u0107 Dramaturginja: Ana Tonkovi\u0107 Dolen\u010di\u0107 Autor glazbe: Ivan Josip Skender Scenografkinja: Dinka Jeri\u010devi\u0107 Kostimografkinja: Tea Ba\u0161i\u0107 Koreograf: Igor Barberi\u0107 Koncert-majstor: Melita \u0160afran Suradnica scenografkinje: Marta Crnobrnja &nbsp; Uloge: \u0160lager pjeva\u010d: Sa\u0161a Buneta [&hellip;]","og_url":"https:\/\/www.komedija.hr\/www\/arhiva-predstava\/faraon-iz-ilice-je-mrtav\/","og_site_name":"Kazali\u0161te Komedija","article_publisher":"https:\/\/www.facebook.com\/kazaliste.komedija\/","article_modified_time":"2022-07-14T12:35:32+00:00","og_image":[{"width":448,"height":640,"url":"https:\/\/www.komedija.hr\/www\/wp-content\/uploads\/2017\/10\/B2-jpg_m.jpg","type":"image\/jpeg"}],"twitter_card":"summary_large_image","twitter_site":"@KKomedija","twitter_misc":{"Procijenjeno vrijeme \u010ditanja":"4 minute"},"schema":{"@context":"https:\/\/schema.org","@graph":[{"@type":"WebPage","@id":"https:\/\/www.komedija.hr\/www\/arhiva-predstava\/faraon-iz-ilice-je-mrtav\/","url":"https:\/\/www.komedija.hr\/www\/arhiva-predstava\/faraon-iz-ilice-je-mrtav\/","name":"FARAON IZ ILICE JE MRTAV! - Kazali\u0161te Komedija","isPartOf":{"@id":"http:\/\/www.komedija.hr\/www\/#website"},"primaryImageOfPage":{"@id":"https:\/\/www.komedija.hr\/www\/arhiva-predstava\/faraon-iz-ilice-je-mrtav\/#primaryimage"},"image":{"@id":"https:\/\/www.komedija.hr\/www\/arhiva-predstava\/faraon-iz-ilice-je-mrtav\/#primaryimage"},"thumbnailUrl":"https:\/\/www.komedija.hr\/www\/wp-content\/uploads\/2017\/10\/B2-jpg_m.jpg","datePublished":"2017-07-19T20:25:09+00:00","dateModified":"2022-07-14T12:35:32+00:00","breadcrumb":{"@id":"https:\/\/www.komedija.hr\/www\/arhiva-predstava\/faraon-iz-ilice-je-mrtav\/#breadcrumb"},"inLanguage":"hr","potentialAction":[{"@type":"ReadAction","target":["https:\/\/www.komedija.hr\/www\/arhiva-predstava\/faraon-iz-ilice-je-mrtav\/"]}]},{"@type":"ImageObject","inLanguage":"hr","@id":"https:\/\/www.komedija.hr\/www\/arhiva-predstava\/faraon-iz-ilice-je-mrtav\/#primaryimage","url":"https:\/\/www.komedija.hr\/www\/wp-content\/uploads\/2017\/10\/B2-jpg_m.jpg","contentUrl":"https:\/\/www.komedija.hr\/www\/wp-content\/uploads\/2017\/10\/B2-jpg_m.jpg","width":448,"height":640},{"@type":"BreadcrumbList","@id":"https:\/\/www.komedija.hr\/www\/arhiva-predstava\/faraon-iz-ilice-je-mrtav\/#breadcrumb","itemListElement":[{"@type":"ListItem","position":1,"name":"Po\u010detna stranica","item":"http:\/\/www.komedija.hr\/www\/"},{"@type":"ListItem","position":2,"name":"Arhiva predstava","item":"https:\/\/www.komedija.hr\/www\/arhiva-predstava\/"},{"@type":"ListItem","position":3,"name":"FARAON IZ ILICE JE MRTAV!"}]},{"@type":"WebSite","@id":"http:\/\/www.komedija.hr\/www\/#website","url":"http:\/\/www.komedija.hr\/www\/","name":"Kazali\u0161te Komedija","description":"","publisher":{"@id":"http:\/\/www.komedija.hr\/www\/#organization"},"potentialAction":[{"@type":"SearchAction","target":{"@type":"EntryPoint","urlTemplate":"http:\/\/www.komedija.hr\/www\/?s={search_term_string}"},"query-input":{"@type":"PropertyValueSpecification","valueRequired":true,"valueName":"search_term_string"}}],"inLanguage":"hr"},{"@type":"Organization","@id":"http:\/\/www.komedija.hr\/www\/#organization","name":"Zagreba\u010dko gradsko Kazali\u0161ta Komedija","url":"http:\/\/www.komedija.hr\/www\/","logo":{"@type":"ImageObject","inLanguage":"hr","@id":"http:\/\/www.komedija.hr\/www\/#\/schema\/logo\/image\/","url":"https:\/\/www.komedija.hr\/www\/wp-content\/uploads\/2020\/02\/cropped-Kazaliste_Komedija_logo_2.png","contentUrl":"https:\/\/www.komedija.hr\/www\/wp-content\/uploads\/2020\/02\/cropped-Kazaliste_Komedija_logo_2.png","width":512,"height":512,"caption":"Zagreba\u010dko gradsko Kazali\u0161ta Komedija"},"image":{"@id":"http:\/\/www.komedija.hr\/www\/#\/schema\/logo\/image\/"},"sameAs":["https:\/\/www.facebook.com\/kazaliste.komedija\/","https:\/\/x.com\/KKomedija","https:\/\/www.instagram.com\/kazaliste_komedija\/","https:\/\/www.youtube.com\/channel\/UC1NcapMYUXJW3miW_oPxT5w\/videos"]}]}},"_links":{"self":[{"href":"https:\/\/www.komedija.hr\/www\/wp-json\/wp\/v2\/pages\/8746","targetHints":{"allow":["GET"]}}],"collection":[{"href":"https:\/\/www.komedija.hr\/www\/wp-json\/wp\/v2\/pages"}],"about":[{"href":"https:\/\/www.komedija.hr\/www\/wp-json\/wp\/v2\/types\/page"}],"author":[{"embeddable":true,"href":"https:\/\/www.komedija.hr\/www\/wp-json\/wp\/v2\/users\/3"}],"replies":[{"embeddable":true,"href":"https:\/\/www.komedija.hr\/www\/wp-json\/wp\/v2\/comments?post=8746"}],"version-history":[{"count":0,"href":"https:\/\/www.komedija.hr\/www\/wp-json\/wp\/v2\/pages\/8746\/revisions"}],"up":[{"embeddable":true,"href":"https:\/\/www.komedija.hr\/www\/wp-json\/wp\/v2\/pages\/1659"}],"wp:featuredmedia":[{"embeddable":true,"href":"https:\/\/www.komedija.hr\/www\/wp-json\/wp\/v2\/media\/9080"}],"wp:attachment":[{"href":"https:\/\/www.komedija.hr\/www\/wp-json\/wp\/v2\/media?parent=8746"}],"curies":[{"name":"wp","href":"https:\/\/api.w.org\/{rel}","templated":true}]}}