{"id":8749,"date":"2017-07-19T22:39:30","date_gmt":"2017-07-19T20:39:30","guid":{"rendered":"http:\/\/www.komedija.hr\/www\/?page_id=8749"},"modified":"2020-09-17T12:59:11","modified_gmt":"2020-09-17T10:59:11","slug":"opet-on","status":"publish","type":"page","link":"https:\/\/www.komedija.hr\/www\/arhiva-predstava\/opet-on\/","title":{"rendered":"OPET ON"},"content":{"rendered":"<p>Timur Vermes: <strong>OPET ON<\/strong>, satiri\u010dna komedija<br \/>\nNaslov originala: Timur Vermes: Er is wieder da<br \/>\nAutor adaptacije: Marko Juraga<\/p>\n<p>Redatelj:<strong> Marko Juraga<\/strong><br \/>\nDramaturginja:<strong> Jelena Velja\u010da<\/strong><br \/>\nScenograf: <strong>Darko Petrovi\u0107<\/strong><br \/>\nKostimografkinja: <strong>Elvira Ulip<\/strong><br \/>\nAutorica glazbe: <strong>Anita Andreis \u017dganec<\/strong><br \/>\nOblikovatelj rasvjete: <strong>Igor \u0160eler<\/strong><br \/>\nScenski pokret: <strong>Morana Pa\u0161kievi\u0107<\/strong><br \/>\nSuradnik redatelja: <strong>Luka Rukavina<\/strong><\/p>\n<div style=\"text-algn:left\"><span style=\"display:inline-block;text-align:center;\"><iframe allow=\"autoplay\" class=\"youtube_embed_iframe\"    allowFullScreen=\"true\" style=\"width:640px; height:360px\" src=\"https:\/\/www.youtube.com\/embed\/PaKKq0d-uSU?autoplay=0&theme=dark&loop=0&fs=1&showinfo=1&modestbranding=0&iv_load_policy=3&color=red&autohide=1&disablekb=0&enablejsapi=1&version=3\"><\/iframe><\/span><\/div>\n<p>Osobe:<\/p>\n<p>On: <a href=\"http:\/\/www.komedija.hr\/www\/umirovljeni-i-bivsi-clanovi-ansambla\/cucek-drazen\/\"><strong>Dra\u017een \u010cu\u010dek<\/strong><\/a><br \/>\nMomak 1: <strong><a href=\"http:\/\/www.komedija.hr\/www\/ansambl-2\/glumci\/ivan-magud\/\">Ivan Magud<\/a><\/strong><br \/>\nMomak 2: <a href=\"http:\/\/www.komedija.hr\/www\/ansambl-2\/glumci\/adnan-prohic\/\"><strong>Adnan Prohi\u0107<\/strong><\/a><br \/>\nTrafikant: <a href=\"http:\/\/www.komedija.hr\/www\/ansambl-2\/glumci\/goran-malus\/\"><strong>Goran Malus<\/strong><\/a><br \/>\nFrank Sawatzki, redatelj i producent: <a href=\"http:\/\/www.komedija.hr\/www\/ansambl-2\/glumci\/fabijan-pavao-medvesek\/\"><strong>Fabijan Pavao Medve\u0161ek<\/strong><\/a><br \/>\nJochim Sensenbrink, urednik i producent: <a href=\"http:\/\/www.komedija.hr\/www\/ansambl-2\/glumci\/davor-svedruzic\/\"><strong>Davor Svedru\u017ei\u0107<\/strong><\/a><br \/>\nWalter Richter, pravnik produkcije: <strong><a href=\"http:\/\/www.komedija.hr\/www\/ansambl-2\/glumci\/mesin-igor\/\">Igor Me\u0161in<\/a><\/strong><br \/>\nDoma\u0107ica u hotelu: <a href=\"http:\/\/www.komedija.hr\/www\/ansambl-2\/glumci\/brekalo-popovic-mirela\/\"><strong>Mirela Brekalo Popovi\u0107<\/strong><\/a><br \/>\nVoza\u010d: <a href=\"http:\/\/www.komedija.hr\/www\/ansambl-2\/glumci\/filip-juricic\/\"><strong>Filip Juri\u010di\u0107<\/strong><\/a><br \/>\n\u00d6zlem, tajnica urednice: <b>Vini Jur\u010di\u0107<\/b><br \/>\nBellini, glavna urednica: <a href=\"http:\/\/www.komedija.hr\/www\/ansambl-2\/glumci\/sanja-marin-ozbolt\/\"><strong>Sanja Marin<\/strong><\/a><br \/>\nKrwtsczyk, asistentica produkcije (Krf\u010dk &#8211; Kroja\u010di\u0107): <a href=\"http:\/\/www.komedija.hr\/www\/ansambl-2\/glumci\/dajana-culjak\/\"><b>Dajana \u010culjak<\/b><\/a><br \/>\nVera Kr\u00f6meier, studentica \u2013 tajnica: <a href=\"http:\/\/www.komedija.hr\/www\/ansambl-2\/glumci\/kraljevic-ana\/\"><strong>Ana Magud<\/strong><\/a><br \/>\nHans, glumac: <a href=\"http:\/\/www.komedija.hr\/www\/umirovljeni-i-bivsi-clanovi-ansambla\/ivan-cuic\/\"><strong>Ivan \u010cui\u0107<\/strong><\/a><br \/>\nAli Wizg\u00fcr, komi\u010dar, TV-voditelj: <a href=\"http:\/\/www.komedija.hr\/www\/ansambl-2\/glumci\/ronald-zlabur\/\"><strong>Ronald \u017dlabur<\/strong><\/a><br \/>\nUte Kessler, novinarka Bilda: <a href=\"http:\/\/www.komedija.hr\/www\/ansambl-2\/glumci\/bilusic-jasna\/\"><strong>Jasna Bilu\u0161i\u0107<\/strong><\/a><br \/>\nK\u00e4rrner, predsjednik Flashlighta: <a href=\"http:\/\/www.komedija.hr\/www\/ansambl-2\/glumci\/ozbolt-zlatko\/\"><strong>Zlatko O\u017ebolt<\/strong><\/a><br \/>\nTajnik ureda nacisti\u010dke stranke: <strong><a href=\"http:\/\/www.komedija.hr\/www\/ansambl-2\/glumci\/adnan-prohic\/\">Adnan Prohi\u0107<\/a><br \/>\n<\/strong>Brigitte: <strong>Vini Jur\u010di\u0107<br \/>\n<\/strong>Manekenka:<strong> Morana Pa\u0161kievi\u0107<br \/>\n<\/strong>Holger Apfel*, predsjednik nacisti\u010dke stranke: <strong><a href=\"http:\/\/www.komedija.hr\/www\/ansambl-2\/glumci\/ivan-magud\/\">Ivan Magud<br \/>\n<\/a><\/strong>Renate K\u00fcnast*, stranka Zelenih politi\u010darka: <strong><a href=\"http:\/\/www.komedija.hr\/www\/ansambl-2\/glumci\/nera-stipicevic\/\">Nera Stipi\u010devi\u0107<br \/>\n<\/a><\/strong>Neo-naci 1: <strong>Adnan Prohi\u0107<br \/>\n<\/strong>Neo-naci 2: <strong><a href=\"http:\/\/www.komedija.hr\/www\/ansambl-2\/glumci\/ivan-magud\/\">Ivan Magud<br \/>\n<\/a><\/strong>Neo-naci 3: <strong>Boris Barberi\u0107<br \/>\n<\/strong>Neo-naci 4: <strong>Bo\u017eidar Peri\u010di\u0107<\/strong><\/p>\n<p><strong><u>TV ekipa (snimka)<\/u><\/strong><\/p>\n<p>Spiker <a href=\"http:\/\/www.komedija.hr\/www\/ansambl-2\/glumci\/buneta-sasa\/\"><strong>Sa\u0161a Buneta<\/strong><\/a><br \/>\nMendi <a href=\"http:\/\/www.komedija.hr\/www\/ansambl-2\/glumci\/dajana-culjak\/\"><strong>Dajana \u010culjak<\/strong><\/a><br \/>\nMama <a href=\"http:\/\/www.komedija.hr\/www\/ansambl-2\/glumci\/palic-picukaric-jasna\/\"><strong>Jasna Pali\u0107 Picukari\u0107<\/strong><\/a><br \/>\nKuhar 1 <a href=\"http:\/\/www.komedija.hr\/www\/ansambl-2\/glumci\/ivica-zadro\/\"><strong>Ivica Zadro<\/strong><\/a><br \/>\nKuhar 2 <a href=\"http:\/\/www.komedija.hr\/www\/ansambl-2\/glumci\/balog-vid\/\"><strong>Vid Balog<\/strong><\/a><br \/>\nKuhar 3 <a href=\"http:\/\/www.komedija.hr\/www\/ansambl-2\/glumci\/drazen-bratulic\/\"><strong>Dra\u017een Bratuli\u0107<\/strong><\/a><\/p>\n<p>[supsystic-gallery id=33]<\/p>\n<p>Premijera: 9. 3. 2018.<br \/>\nTrajanje: oko 2 sata i 45 minuta, sa jednom stankom<\/p>\n<p>Godine 2012. Timur Vermes izdao je svoj debitantski roman \u201cEr ist wieder da\u201d. U tom satiri\u010dnom romanu Adolf Hitler se budi na proplanku u Berlinu 2011.g., prespavav\u0161i tako od \u201945 do danas te malo pomalo postaje medijska zvijezda &#8211; u po\u010detku kao gost raznim humoristi\u010dnim emisijama da bi na kraju ponovno postao politi\u010dki aktivan. Knjiga je ubrzo nakon izlaska postala hit te je prevedena je na 27 jezika, snimljen je film po romanu te su mnoga europska kazali\u0161ta adaptirala roman- svako kazali\u0161te je radilo \u201csvoju\u201d adaptaciju &#8211; svoje vi\u0111enje (svojeg) Hitlera. Roman postavlja \u010ditatelja u poziciju da satiri\u010dno kroz Hitlerovo promatranje promatra dana\u0161nju politiku, dana\u0161nje medije i \u201csuvremenog\u201d \u010dovjeka op\u0107enito. Paradoks do kojeg nas pisac dovodi da u jednom trenutku, ne stajemo na stranu Hitlera ali postajemo itekako svjesni da se uvelike po\u010dinjemo slagati s najve\u0107im zlo\u010dincem 20 stolje\u0107a. Za\u0161to? Zato \u0161to jesmo puni mr\u017enje. Zato \u0161to ne \u017eelimo slu\u0161ati kako netko lijepo pjeva ve\u0107 se \u017eelimo smijati onome tko ne zna. Slijedom doga\u0111aja \u201conaj tko ne zna\u201d ubrzo, uz pomo\u0107 medija, postaje \u201conaj koji jest, odnosno zna\u201d. Upravo kroz te i takve \u201csuvremene paradokse\u201d Vermes provla\u010di Hitlera ne bi li nam pokazao tko smo \u201cmi\u201d. Adaptacija romana pru\u017ea sve elemente suvremene \u201cozbiljne\u201d komedije; satiri\u010dni pristup dana\u0161njem vremenu, neposredno preispitivanje \u201cistine\u201d ali i nebrojene duhovite situacije u kojima u ve\u0107ini komika proizlazi u prepoznavanju ne samo u gegovima i vicevima. Dakle, ukratko \u201ckomedija prepoznavanja\u201d koja postavlja pred ansambl zbilja veliki zadatak &#8211; ne raditi komediju. Dramske scene, koje svojom istinito\u0161\u0107u i ozbiljno\u0161\u0107u publiku dovode do smijeha, od glumaca iziskuju da liku prilaze kao \u201cdramskoj osobi\u201d a ne kao karakteru ili karikaturi. Iako je cijeli \u201ctelevizijski\u201d svijet u kojem se dobar dio komedije nalazi jest karikaturalan i povi\u0161en \u201cpred kamerama\u201d, ali kad se svjetla ugase ostaje svijet koji je svojom tragedijom duhovit u kojem fokalizator komike postaje najve\u0107i negativac u recentnoj povijesti &#8211; Adolf Hitler, glavom, brkom, i svastikom.<\/p>\n<p>Redateljska \/ Adaptatorska opaska: Ova komedija ne tematizira zlo\u010dine 2. svjetskog rata niti brani postupke nacisti\u010dke vladavine Adolfa Hitlera. Ova komedija je satira o suvremenom \u010dovjeku; po\u010desto neukom, provincijalnom, koji je politi\u010dki nepismen i nerijetko zaveden medijima i PR-om. Na vi\u0161e se mjesta u \u201ckomadu\u201d postavlja pitanje mo\u017ee li suvremeni intelektualac pobjediti i probiti se kroz silinu politi\u010dke korektnosti te u kona\u010dnici do\u0107i do pobjede nad neznanjem i\/ili ignorancijom. Za kraj, sve gore navedeno zvu\u010di ozbiljno, kako u kona\u010dnici i jest kada se nakon pro\u010ditanog romana ili odgledane predstave saberete s mislima. No, ovaj roman je jedan od naboljih satiri\u010dnih romana posljednjih deset godina te su njegove scenske adaptacije s velikim uspjehom postavljane na mnoge europske pozornice. Njegov sadr\u017eaj pru\u017ea \u201cpunokrvnu komediju\u201d &#8211; dodao bih pametnu komediju.<\/p>\n<p>&nbsp;<\/p>\n<p>Nagrade:<\/p>\n<p>Nagrada hrvatskoga glumi\u0161ta 2018. <a href=\"http:\/\/www.komedija.hr\/www\/ansambl-2\/glumci\/cucek-drazen\/\"><strong>DRA\u017dENU \u010cU\u010cEKU<\/strong><\/a> za najbolju glavnu mu\u0161ku ulogu<\/p>\n","protected":false},"excerpt":{"rendered":"<p>Timur Vermes: OPET ON, satiri\u010dna komedija Naslov originala: Timur Vermes: Er is wieder da Autor adaptacije: Marko Juraga Redatelj: Marko Juraga Dramaturginja: Jelena Velja\u010da Scenograf: Darko Petrovi\u0107 Kostimografkinja: Elvira Ulip Autorica glazbe: Anita Andreis \u017dganec Oblikovatelj rasvjete: Igor \u0160eler Scenski pokret: Morana Pa\u0161kievi\u0107 Suradnik redatelja: Luka Rukavina Osobe: On: Dra\u017een \u010cu\u010dek Momak 1: Ivan Magud [&hellip;]<\/p>\n","protected":false},"author":3,"featured_media":10424,"parent":1659,"menu_order":0,"comment_status":"closed","ping_status":"closed","template":"","meta":{"ngg_post_thumbnail":0,"footnotes":""},"class_list":["post-8749","page","type-page","status-publish","has-post-thumbnail","hentry"],"yoast_head":"<!-- This site is optimized with the Yoast SEO plugin v27.4 - https:\/\/yoast.com\/product\/yoast-seo-wordpress\/ -->\n<title>OPET ON - Kazali\u0161te Komedija<\/title>\n<meta name=\"robots\" content=\"index, follow, max-snippet:-1, max-image-preview:large, max-video-preview:-1\" \/>\n<link rel=\"canonical\" href=\"https:\/\/www.komedija.hr\/www\/arhiva-predstava\/opet-on\/\" \/>\n<meta property=\"og:locale\" content=\"hr_HR\" \/>\n<meta property=\"og:type\" content=\"article\" \/>\n<meta property=\"og:title\" content=\"OPET ON - Kazali\u0161te Komedija\" \/>\n<meta property=\"og:description\" content=\"Timur Vermes: OPET ON, satiri\u010dna komedija Naslov originala: Timur Vermes: Er is wieder da Autor adaptacije: Marko Juraga Redatelj: Marko Juraga Dramaturginja: Jelena Velja\u010da Scenograf: Darko Petrovi\u0107 Kostimografkinja: Elvira Ulip Autorica glazbe: Anita Andreis \u017dganec Oblikovatelj rasvjete: Igor \u0160eler Scenski pokret: Morana Pa\u0161kievi\u0107 Suradnik redatelja: Luka Rukavina Osobe: On: Dra\u017een \u010cu\u010dek Momak 1: Ivan Magud [&hellip;]\" \/>\n<meta property=\"og:url\" content=\"https:\/\/www.komedija.hr\/www\/arhiva-predstava\/opet-on\/\" \/>\n<meta property=\"og:site_name\" content=\"Kazali\u0161te Komedija\" \/>\n<meta property=\"article:publisher\" content=\"https:\/\/www.facebook.com\/kazaliste.komedija\/\" \/>\n<meta property=\"article:modified_time\" content=\"2020-09-17T10:59:11+00:00\" \/>\n<meta property=\"og:image\" content=\"https:\/\/www.komedija.hr\/www\/wp-content\/uploads\/2018\/03\/NO5_6732.jpg\" \/>\n\t<meta property=\"og:image:width\" content=\"900\" \/>\n\t<meta property=\"og:image:height\" content=\"600\" \/>\n\t<meta property=\"og:image:type\" content=\"image\/jpeg\" \/>\n<meta name=\"twitter:card\" content=\"summary_large_image\" \/>\n<meta name=\"twitter:site\" content=\"@KKomedija\" \/>\n<meta name=\"twitter:label1\" content=\"Procijenjeno vrijeme \u010ditanja\" \/>\n\t<meta name=\"twitter:data1\" content=\"4 minute\" \/>\n<script type=\"application\/ld+json\" class=\"yoast-schema-graph\">{\"@context\":\"https:\\\/\\\/schema.org\",\"@graph\":[{\"@type\":\"WebPage\",\"@id\":\"https:\\\/\\\/www.komedija.hr\\\/www\\\/arhiva-predstava\\\/opet-on\\\/\",\"url\":\"https:\\\/\\\/www.komedija.hr\\\/www\\\/arhiva-predstava\\\/opet-on\\\/\",\"name\":\"OPET ON - Kazali\u0161te Komedija\",\"isPartOf\":{\"@id\":\"http:\\\/\\\/www.komedija.hr\\\/www\\\/#website\"},\"primaryImageOfPage\":{\"@id\":\"https:\\\/\\\/www.komedija.hr\\\/www\\\/arhiva-predstava\\\/opet-on\\\/#primaryimage\"},\"image\":{\"@id\":\"https:\\\/\\\/www.komedija.hr\\\/www\\\/arhiva-predstava\\\/opet-on\\\/#primaryimage\"},\"thumbnailUrl\":\"https:\\\/\\\/www.komedija.hr\\\/www\\\/wp-content\\\/uploads\\\/2018\\\/03\\\/NO5_6732.jpg\",\"datePublished\":\"2017-07-19T20:39:30+00:00\",\"dateModified\":\"2020-09-17T10:59:11+00:00\",\"breadcrumb\":{\"@id\":\"https:\\\/\\\/www.komedija.hr\\\/www\\\/arhiva-predstava\\\/opet-on\\\/#breadcrumb\"},\"inLanguage\":\"hr\",\"potentialAction\":[{\"@type\":\"ReadAction\",\"target\":[\"https:\\\/\\\/www.komedija.hr\\\/www\\\/arhiva-predstava\\\/opet-on\\\/\"]}]},{\"@type\":\"ImageObject\",\"inLanguage\":\"hr\",\"@id\":\"https:\\\/\\\/www.komedija.hr\\\/www\\\/arhiva-predstava\\\/opet-on\\\/#primaryimage\",\"url\":\"https:\\\/\\\/www.komedija.hr\\\/www\\\/wp-content\\\/uploads\\\/2018\\\/03\\\/NO5_6732.jpg\",\"contentUrl\":\"https:\\\/\\\/www.komedija.hr\\\/www\\\/wp-content\\\/uploads\\\/2018\\\/03\\\/NO5_6732.jpg\",\"width\":900,\"height\":600},{\"@type\":\"BreadcrumbList\",\"@id\":\"https:\\\/\\\/www.komedija.hr\\\/www\\\/arhiva-predstava\\\/opet-on\\\/#breadcrumb\",\"itemListElement\":[{\"@type\":\"ListItem\",\"position\":1,\"name\":\"Po\u010detna stranica\",\"item\":\"http:\\\/\\\/www.komedija.hr\\\/www\\\/\"},{\"@type\":\"ListItem\",\"position\":2,\"name\":\"Arhiva predstava\",\"item\":\"https:\\\/\\\/www.komedija.hr\\\/www\\\/arhiva-predstava\\\/\"},{\"@type\":\"ListItem\",\"position\":3,\"name\":\"OPET ON\"}]},{\"@type\":\"WebSite\",\"@id\":\"http:\\\/\\\/www.komedija.hr\\\/www\\\/#website\",\"url\":\"http:\\\/\\\/www.komedija.hr\\\/www\\\/\",\"name\":\"Kazali\u0161te Komedija\",\"description\":\"\",\"publisher\":{\"@id\":\"http:\\\/\\\/www.komedija.hr\\\/www\\\/#organization\"},\"potentialAction\":[{\"@type\":\"SearchAction\",\"target\":{\"@type\":\"EntryPoint\",\"urlTemplate\":\"http:\\\/\\\/www.komedija.hr\\\/www\\\/?s={search_term_string}\"},\"query-input\":{\"@type\":\"PropertyValueSpecification\",\"valueRequired\":true,\"valueName\":\"search_term_string\"}}],\"inLanguage\":\"hr\"},{\"@type\":\"Organization\",\"@id\":\"http:\\\/\\\/www.komedija.hr\\\/www\\\/#organization\",\"name\":\"Zagreba\u010dko gradsko Kazali\u0161ta Komedija\",\"url\":\"http:\\\/\\\/www.komedija.hr\\\/www\\\/\",\"logo\":{\"@type\":\"ImageObject\",\"inLanguage\":\"hr\",\"@id\":\"http:\\\/\\\/www.komedija.hr\\\/www\\\/#\\\/schema\\\/logo\\\/image\\\/\",\"url\":\"https:\\\/\\\/www.komedija.hr\\\/www\\\/wp-content\\\/uploads\\\/2020\\\/02\\\/cropped-Kazaliste_Komedija_logo_2.png\",\"contentUrl\":\"https:\\\/\\\/www.komedija.hr\\\/www\\\/wp-content\\\/uploads\\\/2020\\\/02\\\/cropped-Kazaliste_Komedija_logo_2.png\",\"width\":512,\"height\":512,\"caption\":\"Zagreba\u010dko gradsko Kazali\u0161ta Komedija\"},\"image\":{\"@id\":\"http:\\\/\\\/www.komedija.hr\\\/www\\\/#\\\/schema\\\/logo\\\/image\\\/\"},\"sameAs\":[\"https:\\\/\\\/www.facebook.com\\\/kazaliste.komedija\\\/\",\"https:\\\/\\\/x.com\\\/KKomedija\",\"https:\\\/\\\/www.instagram.com\\\/kazaliste_komedija\\\/\",\"https:\\\/\\\/www.youtube.com\\\/channel\\\/UC1NcapMYUXJW3miW_oPxT5w\\\/videos\"]}]}<\/script>\n<!-- \/ Yoast SEO plugin. -->","yoast_head_json":{"title":"OPET ON - Kazali\u0161te Komedija","robots":{"index":"index","follow":"follow","max-snippet":"max-snippet:-1","max-image-preview":"max-image-preview:large","max-video-preview":"max-video-preview:-1"},"canonical":"https:\/\/www.komedija.hr\/www\/arhiva-predstava\/opet-on\/","og_locale":"hr_HR","og_type":"article","og_title":"OPET ON - Kazali\u0161te Komedija","og_description":"Timur Vermes: OPET ON, satiri\u010dna komedija Naslov originala: Timur Vermes: Er is wieder da Autor adaptacije: Marko Juraga Redatelj: Marko Juraga Dramaturginja: Jelena Velja\u010da Scenograf: Darko Petrovi\u0107 Kostimografkinja: Elvira Ulip Autorica glazbe: Anita Andreis \u017dganec Oblikovatelj rasvjete: Igor \u0160eler Scenski pokret: Morana Pa\u0161kievi\u0107 Suradnik redatelja: Luka Rukavina Osobe: On: Dra\u017een \u010cu\u010dek Momak 1: Ivan Magud [&hellip;]","og_url":"https:\/\/www.komedija.hr\/www\/arhiva-predstava\/opet-on\/","og_site_name":"Kazali\u0161te Komedija","article_publisher":"https:\/\/www.facebook.com\/kazaliste.komedija\/","article_modified_time":"2020-09-17T10:59:11+00:00","og_image":[{"width":900,"height":600,"url":"https:\/\/www.komedija.hr\/www\/wp-content\/uploads\/2018\/03\/NO5_6732.jpg","type":"image\/jpeg"}],"twitter_card":"summary_large_image","twitter_site":"@KKomedija","twitter_misc":{"Procijenjeno vrijeme \u010ditanja":"4 minute"},"schema":{"@context":"https:\/\/schema.org","@graph":[{"@type":"WebPage","@id":"https:\/\/www.komedija.hr\/www\/arhiva-predstava\/opet-on\/","url":"https:\/\/www.komedija.hr\/www\/arhiva-predstava\/opet-on\/","name":"OPET ON - Kazali\u0161te Komedija","isPartOf":{"@id":"http:\/\/www.komedija.hr\/www\/#website"},"primaryImageOfPage":{"@id":"https:\/\/www.komedija.hr\/www\/arhiva-predstava\/opet-on\/#primaryimage"},"image":{"@id":"https:\/\/www.komedija.hr\/www\/arhiva-predstava\/opet-on\/#primaryimage"},"thumbnailUrl":"https:\/\/www.komedija.hr\/www\/wp-content\/uploads\/2018\/03\/NO5_6732.jpg","datePublished":"2017-07-19T20:39:30+00:00","dateModified":"2020-09-17T10:59:11+00:00","breadcrumb":{"@id":"https:\/\/www.komedija.hr\/www\/arhiva-predstava\/opet-on\/#breadcrumb"},"inLanguage":"hr","potentialAction":[{"@type":"ReadAction","target":["https:\/\/www.komedija.hr\/www\/arhiva-predstava\/opet-on\/"]}]},{"@type":"ImageObject","inLanguage":"hr","@id":"https:\/\/www.komedija.hr\/www\/arhiva-predstava\/opet-on\/#primaryimage","url":"https:\/\/www.komedija.hr\/www\/wp-content\/uploads\/2018\/03\/NO5_6732.jpg","contentUrl":"https:\/\/www.komedija.hr\/www\/wp-content\/uploads\/2018\/03\/NO5_6732.jpg","width":900,"height":600},{"@type":"BreadcrumbList","@id":"https:\/\/www.komedija.hr\/www\/arhiva-predstava\/opet-on\/#breadcrumb","itemListElement":[{"@type":"ListItem","position":1,"name":"Po\u010detna stranica","item":"http:\/\/www.komedija.hr\/www\/"},{"@type":"ListItem","position":2,"name":"Arhiva predstava","item":"https:\/\/www.komedija.hr\/www\/arhiva-predstava\/"},{"@type":"ListItem","position":3,"name":"OPET ON"}]},{"@type":"WebSite","@id":"http:\/\/www.komedija.hr\/www\/#website","url":"http:\/\/www.komedija.hr\/www\/","name":"Kazali\u0161te Komedija","description":"","publisher":{"@id":"http:\/\/www.komedija.hr\/www\/#organization"},"potentialAction":[{"@type":"SearchAction","target":{"@type":"EntryPoint","urlTemplate":"http:\/\/www.komedija.hr\/www\/?s={search_term_string}"},"query-input":{"@type":"PropertyValueSpecification","valueRequired":true,"valueName":"search_term_string"}}],"inLanguage":"hr"},{"@type":"Organization","@id":"http:\/\/www.komedija.hr\/www\/#organization","name":"Zagreba\u010dko gradsko Kazali\u0161ta Komedija","url":"http:\/\/www.komedija.hr\/www\/","logo":{"@type":"ImageObject","inLanguage":"hr","@id":"http:\/\/www.komedija.hr\/www\/#\/schema\/logo\/image\/","url":"https:\/\/www.komedija.hr\/www\/wp-content\/uploads\/2020\/02\/cropped-Kazaliste_Komedija_logo_2.png","contentUrl":"https:\/\/www.komedija.hr\/www\/wp-content\/uploads\/2020\/02\/cropped-Kazaliste_Komedija_logo_2.png","width":512,"height":512,"caption":"Zagreba\u010dko gradsko Kazali\u0161ta Komedija"},"image":{"@id":"http:\/\/www.komedija.hr\/www\/#\/schema\/logo\/image\/"},"sameAs":["https:\/\/www.facebook.com\/kazaliste.komedija\/","https:\/\/x.com\/KKomedija","https:\/\/www.instagram.com\/kazaliste_komedija\/","https:\/\/www.youtube.com\/channel\/UC1NcapMYUXJW3miW_oPxT5w\/videos"]}]}},"_links":{"self":[{"href":"https:\/\/www.komedija.hr\/www\/wp-json\/wp\/v2\/pages\/8749","targetHints":{"allow":["GET"]}}],"collection":[{"href":"https:\/\/www.komedija.hr\/www\/wp-json\/wp\/v2\/pages"}],"about":[{"href":"https:\/\/www.komedija.hr\/www\/wp-json\/wp\/v2\/types\/page"}],"author":[{"embeddable":true,"href":"https:\/\/www.komedija.hr\/www\/wp-json\/wp\/v2\/users\/3"}],"replies":[{"embeddable":true,"href":"https:\/\/www.komedija.hr\/www\/wp-json\/wp\/v2\/comments?post=8749"}],"version-history":[{"count":0,"href":"https:\/\/www.komedija.hr\/www\/wp-json\/wp\/v2\/pages\/8749\/revisions"}],"up":[{"embeddable":true,"href":"https:\/\/www.komedija.hr\/www\/wp-json\/wp\/v2\/pages\/1659"}],"wp:featuredmedia":[{"embeddable":true,"href":"https:\/\/www.komedija.hr\/www\/wp-json\/wp\/v2\/media\/10424"}],"wp:attachment":[{"href":"https:\/\/www.komedija.hr\/www\/wp-json\/wp\/v2\/media?parent=8749"}],"curies":[{"name":"wp","href":"https:\/\/api.w.org\/{rel}","templated":true}]}}