{"id":875,"date":"2011-07-29T11:41:03","date_gmt":"2011-07-29T11:41:03","guid":{"rendered":"http:\/\/www.komedija.hr\/web\/?page_id=875"},"modified":"2012-04-16T11:59:47","modified_gmt":"2012-04-16T11:59:47","slug":"gubec-beg","status":"publish","type":"page","link":"https:\/\/www.komedija.hr\/www\/arhiva-predstava\/gubec-beg\/","title":{"rendered":"Gubec-beg"},"content":{"rendered":"<blockquote><p><span style=\"font-family: Arial, Helvetica, sans-serif;\">Rock opera<\/span><\/p><\/blockquote>\n<p><span style=\"font-family: Arial, Helvetica, sans-serif;\">Prva hrvatska rock-opera (peta u svijetu!), nakon svoje praizvedbe 5. o\u017eujka 1975., do\u017eivjela je nezapam\u0107en uspjeh: pri\u010da o vo\u0111i ustanka hrvatskih i slovenskih kmetova protiv gospodara Susedgrada Franje Tahija, koji zlostavlja kmetove Stubice, ispri\u010dana na dotad u Hrvatskoj nevi\u0111en na\u010din &#8211; u formi rock-opere, u\u0161la je u povijest kazali\u0161ta Komedija kao njegova dosad najgledanija produkcija. U 212 izvedbi gledalo ju je 438.087 gledatelja! Vrijeme je da se, u novom redateljskom ruhu, nove generacije uvjere u herojstvo Matije Gupca, mudrost starca Jurka, ljubav Jane i \u0110ure te nadaleko poznatu okrutnost zloglasnog Franje Tahija.<\/span><\/p>\n<p>&nbsp;<\/p>\n<p><code><code><div class='catablog-catalog'><div class=\"catablog-row catablog-gallery\">\r\n\t<a href=\"https:\/\/www.komedija.hr\/www\/wp-content\/uploads\/catablog\/originals\/gubec1.jpg\" class=\"catablog-image\"  >\r\n\t\t<img decoding=\"async\" src=\"https:\/\/www.komedija.hr\/www\/wp-content\/uploads\/catablog\/thumbnails\/gubec1.jpg\" alt=\"\" \/>\r\n\t\t<strong class=\"catablog-title\">gubec1<\/strong>\t\r\n\t<\/a>\r\n\t<div class=\"catablog-description\"><\/div>\r\n<\/div><div class=\"catablog-row catablog-gallery\">\r\n\t<a href=\"https:\/\/www.komedija.hr\/www\/wp-content\/uploads\/catablog\/originals\/gubec2.jpg\" class=\"catablog-image\"  >\r\n\t\t<img decoding=\"async\" src=\"https:\/\/www.komedija.hr\/www\/wp-content\/uploads\/catablog\/thumbnails\/gubec2.jpg\" alt=\"\" \/>\r\n\t\t<strong class=\"catablog-title\">gubec2<\/strong>\t\r\n\t<\/a>\r\n\t<div class=\"catablog-description\"><\/div>\r\n<\/div><div class=\"catablog-row catablog-gallery\">\r\n\t<a href=\"https:\/\/www.komedija.hr\/www\/wp-content\/uploads\/catablog\/originals\/gubec3.jpg\" class=\"catablog-image\"  >\r\n\t\t<img decoding=\"async\" src=\"https:\/\/www.komedija.hr\/www\/wp-content\/uploads\/catablog\/thumbnails\/gubec3.jpg\" alt=\"\" \/>\r\n\t\t<strong class=\"catablog-title\">gubec3<\/strong>\t\r\n\t<\/a>\r\n\t<div class=\"catablog-description\"><\/div>\r\n<\/div><div class=\"catablog-row catablog-gallery\">\r\n\t<a href=\"https:\/\/www.komedija.hr\/www\/wp-content\/uploads\/catablog\/originals\/gubec4.jpg\" class=\"catablog-image\"  >\r\n\t\t<img decoding=\"async\" src=\"https:\/\/www.komedija.hr\/www\/wp-content\/uploads\/catablog\/thumbnails\/gubec4.jpg\" alt=\"\" \/>\r\n\t\t<strong class=\"catablog-title\">gubec4<\/strong>\t\r\n\t<\/a>\r\n\t<div class=\"catablog-description\"><\/div>\r\n<\/div><div class=\"catablog-row catablog-gallery\">\r\n\t<a href=\"https:\/\/www.komedija.hr\/www\/wp-content\/uploads\/catablog\/originals\/gubec5.jpg\" class=\"catablog-image\"  >\r\n\t\t<img decoding=\"async\" src=\"https:\/\/www.komedija.hr\/www\/wp-content\/uploads\/catablog\/thumbnails\/gubec5.jpg\" alt=\"\" \/>\r\n\t\t<strong class=\"catablog-title\">gubec5<\/strong>\t\r\n\t<\/a>\r\n\t<div class=\"catablog-description\"><\/div>\r\n<\/div><div class=\"catablog-row catablog-gallery\">\r\n\t<a href=\"https:\/\/www.komedija.hr\/www\/wp-content\/uploads\/catablog\/originals\/gubec6.jpg\" class=\"catablog-image\"  >\r\n\t\t<img decoding=\"async\" src=\"https:\/\/www.komedija.hr\/www\/wp-content\/uploads\/catablog\/thumbnails\/gubec6.jpg\" alt=\"\" \/>\r\n\t\t<strong class=\"catablog-title\">gubec6<\/strong>\t\r\n\t<\/a>\r\n\t<div class=\"catablog-description\"><\/div>\r\n<\/div><div class=\"catablog-row catablog-gallery\">\r\n\t<a href=\"https:\/\/www.komedija.hr\/www\/wp-content\/uploads\/catablog\/originals\/gubec7.jpg\" class=\"catablog-image\"  >\r\n\t\t<img decoding=\"async\" src=\"https:\/\/www.komedija.hr\/www\/wp-content\/uploads\/catablog\/thumbnails\/gubec7.jpg\" alt=\"\" \/>\r\n\t\t<strong class=\"catablog-title\">gubec7<\/strong>\t\r\n\t<\/a>\r\n\t<div class=\"catablog-description\"><\/div>\r\n<\/div><div class=\"catablog-row catablog-gallery\">\r\n\t<a href=\"https:\/\/www.komedija.hr\/www\/wp-content\/uploads\/catablog\/originals\/gubec9.jpg\" class=\"catablog-image\"  >\r\n\t\t<img decoding=\"async\" src=\"https:\/\/www.komedija.hr\/www\/wp-content\/uploads\/catablog\/thumbnails\/gubec9.jpg\" alt=\"\" \/>\r\n\t\t<strong class=\"catablog-title\">gubec9<\/strong>\t\r\n\t<\/a>\r\n\t<div class=\"catablog-description\"><\/div>\r\n<\/div><div class=\"catablog-row catablog-gallery\">\r\n\t<a href=\"https:\/\/www.komedija.hr\/www\/wp-content\/uploads\/catablog\/originals\/gubec10.jpg\" class=\"catablog-image\"  >\r\n\t\t<img decoding=\"async\" src=\"https:\/\/www.komedija.hr\/www\/wp-content\/uploads\/catablog\/thumbnails\/gubec10.jpg\" alt=\"\" \/>\r\n\t\t<strong class=\"catablog-title\">gubec10<\/strong>\t\r\n\t<\/a>\r\n\t<div class=\"catablog-description\"><\/div>\r\n<\/div><div class=\"catablog-row catablog-gallery\">\r\n\t<a href=\"https:\/\/www.komedija.hr\/www\/wp-content\/uploads\/catablog\/originals\/gubec11.jpg\" class=\"catablog-image\"  >\r\n\t\t<img decoding=\"async\" src=\"https:\/\/www.komedija.hr\/www\/wp-content\/uploads\/catablog\/thumbnails\/gubec11.jpg\" alt=\"\" \/>\r\n\t\t<strong class=\"catablog-title\">gubec11<\/strong>\t\r\n\t<\/a>\r\n\t<div class=\"catablog-description\"><\/div>\r\n<\/div><div class=\"catablog-row catablog-gallery\">\r\n\t<a href=\"https:\/\/www.komedija.hr\/www\/wp-content\/uploads\/catablog\/originals\/gubec20.jpg\" class=\"catablog-image\"  >\r\n\t\t<img decoding=\"async\" src=\"https:\/\/www.komedija.hr\/www\/wp-content\/uploads\/catablog\/thumbnails\/gubec20.jpg\" alt=\"\" \/>\r\n\t\t<strong class=\"catablog-title\">gubec20<\/strong>\t\r\n\t<\/a>\r\n\t<div class=\"catablog-description\"><\/div>\r\n<\/div><div class=\"catablog-row catablog-gallery\">\r\n\t<a href=\"https:\/\/www.komedija.hr\/www\/wp-content\/uploads\/catablog\/originals\/gubec21.jpg\" class=\"catablog-image\"  >\r\n\t\t<img decoding=\"async\" src=\"https:\/\/www.komedija.hr\/www\/wp-content\/uploads\/catablog\/thumbnails\/gubec21.jpg\" alt=\"\" \/>\r\n\t\t<strong class=\"catablog-title\">gubec21<\/strong>\t\r\n\t<\/a>\r\n\t<div class=\"catablog-description\"><\/div>\r\n<\/div><div class=\"catablog-row catablog-gallery\">\r\n\t<a href=\"https:\/\/www.komedija.hr\/www\/wp-content\/uploads\/catablog\/originals\/gubec22.jpg\" class=\"catablog-image\"  >\r\n\t\t<img decoding=\"async\" src=\"https:\/\/www.komedija.hr\/www\/wp-content\/uploads\/catablog\/thumbnails\/gubec22.jpg\" alt=\"\" \/>\r\n\t\t<strong class=\"catablog-title\">gubec22<\/strong>\t\r\n\t<\/a>\r\n\t<div class=\"catablog-description\"><\/div>\r\n<\/div><div class=\"catablog-row catablog-gallery\">\r\n\t<a href=\"https:\/\/www.komedija.hr\/www\/wp-content\/uploads\/catablog\/originals\/gubec23.jpg\" class=\"catablog-image\"  >\r\n\t\t<img decoding=\"async\" src=\"https:\/\/www.komedija.hr\/www\/wp-content\/uploads\/catablog\/thumbnails\/gubec23.jpg\" alt=\"\" \/>\r\n\t\t<strong class=\"catablog-title\">gubec23<\/strong>\t\r\n\t<\/a>\r\n\t<div class=\"catablog-description\"><\/div>\r\n<\/div><\/div><div class='catablog-navigation'><span class='catablog-navigation-link catablog-first-page-link catablog-disabled'><\/span> <\/div><\/code><\/code><\/p>\n<p>&nbsp;<\/p>\n<p><strong>KRATAK SINOPSIS PREDSTAVE<\/strong><br \/>\n(prema originalnoj produkciji)<\/p>\n<p>1. UVERTIRA (orkestar)<\/p>\n<p>2. PROLOG<br \/>\nFi\u0161kal i hulja \u0160imun Drme\u010di\u0107, nepogre\u0161ivim instinktom hijene, osje\u0107a u zraku smrad strvine, plijena koji \u0107e mu donijeti sre\u0107u: dane razvrata, vina i zlata &#8211; o kojima ve\u0107 dugo sanja.<\/p>\n<p>3. SLIJEP\u010cEVO PRORO\u010cANSTVO<br \/>\nProrok, slijepi starac Jurko, svojim predskazanjem naslu\u0107uje skoru tragediju.<\/p>\n<p>4. JADANJE KMETOVA<br \/>\nKmetovi Stubice ne mogu vi\u0161e podnositi nasilja Franje Tahyja, novog gospodara Susegrada&#8230; On ih zlostavlja, silom im oduzima i ono malo \u0161to je njihovo, siluje njihove \u017eene, sestre i k\u0107eri, pali njihove domove i ka\u017enjava smr\u0107u svakog tko se usudi podi\u0107i svoj glas protiv njega. Mole Matiju Gupca, mudrog i cijenjenog kmeta iz Gornje Stubice, da razgovara s gospodarom, te da ga<br \/>\npodsjeti na njihova kmetska prava.<\/p>\n<p>5. LEGENDA O DORI ARLANDOVOJ<br \/>\nStarac Jurko, jo\u0161 jednom poku\u0161ava sti\u0161ati bijes u njihovima srcima rije\u010dima: &#8220;Djeco, ne naglite&#8230;&#8221; Pri\u010da im legendu o Arlandovoj Dori, lijepoj ali zloj plemkinji, koja je oduvijek donosila nesre\u0107u i zlu kob svima oko sebe.<\/p>\n<p>6. MOGAI\u0106EVA MOLBA<br \/>\nSeoski mladi\u0107 &#8211; slobodnjak, Gjuro Mogai\u0107, moli svog ujaka Matiju Gupca da blagoslovi njegovu \u017eenidbu s lijepom seoskom djevojkom Janom. On ujedno moli Gupca da razgovara s Tahyjem, koji mu prijeti odlaskom u vojsku, iako, po zakonu, nema na to pravo.<\/p>\n<p>7. SUSRET TAHYJA S GUPCEM<br \/>\nU dvori\u0161tu Susedgrada, Franjo Tahy prvi put susre\u0107e Matiju Gupca o kojem su mu ve\u0107 mnogo pri\u010dali&#8230; Gubec ga upozorava na protuzakonito kr\u0161enje kmetskih prava, kao i prava seljaka-slobodnjaka&#8230; O\u010di u o\u010di, dolazi do njihova prvog sukoba.<\/p>\n<p>8. LJUBAVNA PJESMA<br \/>\nJana i \u0110uro susre\u0107u se kraj seoskih ku\u0107ica i pri\u010daju jedno drugome o svojim ma\u0161tanjima, svojoj ljubavi i planovima za skoro vjen\u010danje&#8230; o sre\u0107i koju im vi\u0161e nitko ne mo\u017ee oduzeti&#8230;<\/p>\n<p>9. MOGAI\u0106EVO ODVO\u0110ENJE U ROPSTVO<br \/>\nTahyjevi vojnici, silom odvla\u010de \u0110uru Mogai\u0107a, vezanog, put Susedgrada. Postat \u0107e dio silom oformljene vojske koja se, u ime kralja, bori protiv Turaka na granici kraljevine.<\/p>\n<p>10. U TAHYJEVU ZAMKU<br \/>\nTahyjeva vojska odlazi put Kani\u017ee, a njegovu ljubavnu no\u0107 s lijepom kastelanicom Loli\u0107kom, prekida sluga Petar Bo\u0161njak, koji mu javlja da su kmetovi Stubice, po prvi put odbili da dadu klju\u010deve od svojih klijeti, te da su u sukobu s Tahyjevim vojnicima, \u010dak i ubili vratara Horvata. Tahy se zaklinje na krvavu osvetu.<\/p>\n<p>11. STUBI\u010cKA MISA<br \/>\nUskrsna je nedjelja. Narod tra\u017ei svoje posljednje uto\u010di\u0161te u malenoj seoskoj crkvici. Ali &#8211; u crkvu provaljuje Tahy sa svojom vojskom i dolazi do krvavog pokolja nenaoru\u017eanih i nedu\u017enih seljaka. Ranjen je i sam Matija Gubec.<\/p>\n<p>12. PIJANCI<br \/>\n\u0160imun Drme\u010di\u0107 i Petar Bo\u0161njak obilaze seoske kr\u010dme i uz vino, nastoje izmamiti jedan od drugog poneku tajnu, ne bi li je iskoristili za sebe. Tako Bo\u0161njak doznaje od pijanog fi\u0161kala, kako spava s Tahyjevom ljubovcom &#8211; Loli\u0107kom. To je vijest koju \u0107e njegov gospodar bogato nagraditi.<\/p>\n<p>13. BALADA O NESRETNOJ LJUBAVI<br \/>\nU polju pred Susedgradom, seoske djevojke skupljaju sjeno i pjevaju tu\u017enu baladu o nesretnoj djevojci, koja je umrla uzalud \u010dekaju\u0107i svog dragana, da se vrati iz rata u dalekoj, stranoj zemlji.<\/p>\n<p>14. SILOVANJE<br \/>\nMe\u0111u djevojke bane Petar Bo\u0161njak s ostalim slugama. Silom odvla\u010de Janu u dvorac gospodaru. Iz lo\u017enice, \u010duje se samo nesretni krik silovane djevojke.<\/p>\n<p>15. JANINO LUDILO<br \/>\nJana gubi razum. U gluhoj i tamnoj no\u0107i, seljaci je nalaze pred seoskim kolibama kako pla\u010de nad izgubljenom ljubavi\u2026 njen um je poreme\u0107en\u2026 Svi se zaklinju na osvetu\u2026<\/p>\n<p>16. KONA\u010cNI PLAN I DOGOVOR SELJA\u010cKE VOJSKE<br \/>\nKraj napu\u0161tenog mlina uz rijeku selja\u010dka vojska na \u010delu s Matijom Gupcem i ostalim vojskovo\u0111ama priprema odlu\u010duju\u0107i sukob s velika\u0161kom vojskom.<\/p>\n<p>17. DRME\u010cI\u0106EV DOLAZAK<br \/>\nStra\u017eari hvataju hulju \u0160imuna Drme\u010di\u0107a kako prislu\u0161kuje, ali ih ovaj uspijeva uvjeriti, kako im je do\u0161ao samo da bi se osvetio Tahyju koji ga je dao do krvi izbi\u010devati, do\u010duv\u0161i za njegov tajni odnos s lijepom kastelanicom. Seljaci primaju Drme\u010di\u0107a kao svog. Trebat \u0107e im svaki \u010dovjek&#8230;<\/p>\n<p>18. BRATSKA ZAKLETVA<br \/>\nNailaze grupice seljaka iz svih krajeva Hrvatske i Slovenije. Vojska je sve ve\u0107a i sve njih ve\u017ee isti cilj. Sve\u010dano se zaklinju, da \u0107e se boriti do posljednje kapi krvi.<\/p>\n<p>19. LUDA KMETSKA GLAVO!<br \/>\nOstav\u0161i sam, Drme\u010di\u0107 stvara svoj podli plan o izdaji&#8230; Valja biti mudar i iskoristiti povjerenje ludih kmetskih glava&#8230; jer to \u0161to on sada znade, &#8211; gospoda \u0107e dobro platiti.<\/p>\n<p>20. GUP\u010cEVA MOLITVA MA\u010cU<br \/>\nNo\u0107 je, uo\u010di posljednje odlu\u010duju\u0107e bitke. Vojska spava. I dok pada gusti snijeg, bdije jedino Matija Gubec i molitvom se obra\u0107a svom ma\u010du, kao jedinom koji ih mo\u017ee u ovom trenutku za\u0161titi od nepravde, patnji i o\u010daja, u kojem se nalazi hrvatski kmet. Bude se i ostali kmetovi. Kona\u010dno, svi su spremni za odlu\u010duju\u0107i, krvavi trenutak.<\/p>\n<p>21. VELIKA BITKA KOD STUBICE<br \/>\nJutrom, rano, 5.velja\u010de 1537. godine, zapo\u010dinje velika bitka kod Stubice. Seljaci su se herojski borili protiv znatno sna\u017enijeg protivnika, ali &#8211; bio je to njihov juri\u0161 na daleko i neuhvatljivo &#8211; nebo. Vojska hrvatskih velika\u0161a, brojnija, bolje naoru\u017eana i izvje\u017ebanija, slavila je kona\u010dnu pobjedu. Pomo\u0107 koju su seljaci o\u010dekivali, nije stigla\u2026 Izdaja \u0160imuna Drme\u010di\u0107a odigrala je isto svoju podlu ulogu. Vidjev\u0161i da je sve izgubljeno, Matija Gubec dobrovoljno se predao u ruke velika\u0161kog vojskovo\u0111e Ga\u0161para Alapi\u0107a, kako bi spasio \u017eivote nekolicine svojih drugova, koji su pre\u017eivjeli.<\/p>\n<p>22. GUP\u010cEVO SMAKNU\u0106E I KRUNIDBA<br \/>\nNa veli\u010danstvenom trgu starog Zagreba, Trgu Sv.Marka, 15.velja\u010de 1573. godine, zajedno s Andrijom Pasancem, Matija je Gubec, zvan Gubec-Beg, javno smaknut: okrunjen je u\u017earenom \u017eeljeznom krunom na u\u017earenom \u017eeljeznom prijestolju, a zatim &#8211; \u017eiv spaljen.<\/p>\n<p>23. FINALE<br \/>\nNekoliko mjeseci kasnije&#8230; U malenom seocetu kraj Stubice svi\u0107e. Seljaci polako izlaze iz svojih koliba i kre\u0107u na svoj svakodnevni posao. \u017divot se mora nastaviti dalje&#8230; Izgubili su, ali duboko u svojim srcima osje\u0107aju &#8211; da nije bilo uzalud.<\/p>\n<p>&nbsp;<\/p>\n<p align=\"left\"><strong>MP3 DOWNLOAD:<\/strong><\/p>\n<p><a href=\"http:\/\/www.komedija.hr\/web\/wp-content\/uploads\/2011\/07\/gubec1.mp3\" target=\"_blank\"><strong>UVERTIRA<\/strong><br \/>\n<\/a>Orkestar kazali\u0161ta &#8220;Komedija&#8221;, godina 1975. Dirigent Miljenko Prohaska. Reklamni isje\u010dak. Trajanje 1&#8217;07&#8221;, veli\u010dina datoteke 909k.<\/p>\n<p><a href=\"http:\/\/www.komedija.hr\/web\/wp-content\/uploads\/2011\/07\/gubec2.mp3\" target=\"_blank\"><strong>AVE MARIA<\/strong><br \/>\n<\/a>Josipa Lisac i orkestar kazali\u0161ta &#8220;Komedija&#8221;, godina 1975. Dirigent Miljenko Prohaska. Reklamni isje\u010dak. Trajanje 1&#8217;31&#8221;, veli\u010dina datoteke 1,2M.<\/p>\n<p align=\"left\"><a href=\"http:\/\/www.komedija.hr\/web\/wp-content\/uploads\/2011\/07\/gubec3.mp3\" target=\"_blank\"><strong>GUP\u010cEVA ZAKLETVA MA\u010cU<\/strong><br \/>\n<\/a>Branko Bla\u0107e, zbor i orkestar kazali\u0161ta &#8220;Komedija&#8221;, godina 1975. Dirigent Miljenko Prohaska. Reklamni isje\u010dak. Trajanje 1&#8217;05&#8221;, veli\u010dina datoteke 905k.<\/p>\n","protected":false},"excerpt":{"rendered":"<p>Rock opera Prva hrvatska rock-opera (peta u svijetu!), nakon svoje praizvedbe 5. o\u017eujka 1975., do\u017eivjela je nezapam\u0107en uspjeh: pri\u010da o vo\u0111i ustanka hrvatskih i slovenskih kmetova protiv gospodara Susedgrada Franje Tahija, koji zlostavlja kmetove Stubice, ispri\u010dana na dotad u Hrvatskoj nevi\u0111en na\u010din &#8211; u formi rock-opere, u\u0161la je u povijest kazali\u0161ta Komedija kao njegova dosad [&hellip;]<\/p>\n","protected":false},"author":4,"featured_media":0,"parent":1659,"menu_order":0,"comment_status":"closed","ping_status":"closed","template":"","meta":{"ngg_post_thumbnail":0,"footnotes":""},"class_list":["post-875","page","type-page","status-publish","hentry"],"yoast_head":"<!-- This site is optimized with the Yoast SEO plugin v27.4 - https:\/\/yoast.com\/product\/yoast-seo-wordpress\/ -->\n<title>Gubec-beg - Kazali\u0161te Komedija<\/title>\n<meta name=\"robots\" content=\"index, follow, max-snippet:-1, max-image-preview:large, max-video-preview:-1\" \/>\n<link rel=\"canonical\" href=\"https:\/\/www.komedija.hr\/www\/arhiva-predstava\/gubec-beg\/\" \/>\n<meta property=\"og:locale\" content=\"hr_HR\" \/>\n<meta property=\"og:type\" content=\"article\" \/>\n<meta property=\"og:title\" content=\"Gubec-beg - Kazali\u0161te Komedija\" \/>\n<meta property=\"og:description\" content=\"Rock opera Prva hrvatska rock-opera (peta u svijetu!), nakon svoje praizvedbe 5. o\u017eujka 1975., do\u017eivjela je nezapam\u0107en uspjeh: pri\u010da o vo\u0111i ustanka hrvatskih i slovenskih kmetova protiv gospodara Susedgrada Franje Tahija, koji zlostavlja kmetove Stubice, ispri\u010dana na dotad u Hrvatskoj nevi\u0111en na\u010din &#8211; u formi rock-opere, u\u0161la je u povijest kazali\u0161ta Komedija kao njegova dosad [&hellip;]\" \/>\n<meta property=\"og:url\" content=\"https:\/\/www.komedija.hr\/www\/arhiva-predstava\/gubec-beg\/\" \/>\n<meta property=\"og:site_name\" content=\"Kazali\u0161te Komedija\" \/>\n<meta property=\"article:publisher\" content=\"https:\/\/www.facebook.com\/kazaliste.komedija\/\" \/>\n<meta property=\"article:modified_time\" content=\"2012-04-16T11:59:47+00:00\" \/>\n<meta name=\"twitter:card\" content=\"summary_large_image\" \/>\n<meta name=\"twitter:site\" content=\"@KKomedija\" \/>\n<meta name=\"twitter:label1\" content=\"Procijenjeno vrijeme \u010ditanja\" \/>\n\t<meta name=\"twitter:data1\" content=\"6 minuta\" \/>\n<script type=\"application\/ld+json\" class=\"yoast-schema-graph\">{\"@context\":\"https:\\\/\\\/schema.org\",\"@graph\":[{\"@type\":\"WebPage\",\"@id\":\"https:\\\/\\\/www.komedija.hr\\\/www\\\/arhiva-predstava\\\/gubec-beg\\\/\",\"url\":\"https:\\\/\\\/www.komedija.hr\\\/www\\\/arhiva-predstava\\\/gubec-beg\\\/\",\"name\":\"Gubec-beg - Kazali\u0161te Komedija\",\"isPartOf\":{\"@id\":\"http:\\\/\\\/www.komedija.hr\\\/www\\\/#website\"},\"datePublished\":\"2011-07-29T11:41:03+00:00\",\"dateModified\":\"2012-04-16T11:59:47+00:00\",\"breadcrumb\":{\"@id\":\"https:\\\/\\\/www.komedija.hr\\\/www\\\/arhiva-predstava\\\/gubec-beg\\\/#breadcrumb\"},\"inLanguage\":\"hr\",\"potentialAction\":[{\"@type\":\"ReadAction\",\"target\":[\"https:\\\/\\\/www.komedija.hr\\\/www\\\/arhiva-predstava\\\/gubec-beg\\\/\"]}]},{\"@type\":\"BreadcrumbList\",\"@id\":\"https:\\\/\\\/www.komedija.hr\\\/www\\\/arhiva-predstava\\\/gubec-beg\\\/#breadcrumb\",\"itemListElement\":[{\"@type\":\"ListItem\",\"position\":1,\"name\":\"Po\u010detna stranica\",\"item\":\"http:\\\/\\\/www.komedija.hr\\\/www\\\/\"},{\"@type\":\"ListItem\",\"position\":2,\"name\":\"Arhiva predstava\",\"item\":\"https:\\\/\\\/www.komedija.hr\\\/www\\\/arhiva-predstava\\\/\"},{\"@type\":\"ListItem\",\"position\":3,\"name\":\"Gubec-beg\"}]},{\"@type\":\"WebSite\",\"@id\":\"http:\\\/\\\/www.komedija.hr\\\/www\\\/#website\",\"url\":\"http:\\\/\\\/www.komedija.hr\\\/www\\\/\",\"name\":\"Kazali\u0161te Komedija\",\"description\":\"\",\"publisher\":{\"@id\":\"http:\\\/\\\/www.komedija.hr\\\/www\\\/#organization\"},\"potentialAction\":[{\"@type\":\"SearchAction\",\"target\":{\"@type\":\"EntryPoint\",\"urlTemplate\":\"http:\\\/\\\/www.komedija.hr\\\/www\\\/?s={search_term_string}\"},\"query-input\":{\"@type\":\"PropertyValueSpecification\",\"valueRequired\":true,\"valueName\":\"search_term_string\"}}],\"inLanguage\":\"hr\"},{\"@type\":\"Organization\",\"@id\":\"http:\\\/\\\/www.komedija.hr\\\/www\\\/#organization\",\"name\":\"Zagreba\u010dko gradsko Kazali\u0161ta Komedija\",\"url\":\"http:\\\/\\\/www.komedija.hr\\\/www\\\/\",\"logo\":{\"@type\":\"ImageObject\",\"inLanguage\":\"hr\",\"@id\":\"http:\\\/\\\/www.komedija.hr\\\/www\\\/#\\\/schema\\\/logo\\\/image\\\/\",\"url\":\"https:\\\/\\\/www.komedija.hr\\\/www\\\/wp-content\\\/uploads\\\/2020\\\/02\\\/cropped-Kazaliste_Komedija_logo_2.png\",\"contentUrl\":\"https:\\\/\\\/www.komedija.hr\\\/www\\\/wp-content\\\/uploads\\\/2020\\\/02\\\/cropped-Kazaliste_Komedija_logo_2.png\",\"width\":512,\"height\":512,\"caption\":\"Zagreba\u010dko gradsko Kazali\u0161ta Komedija\"},\"image\":{\"@id\":\"http:\\\/\\\/www.komedija.hr\\\/www\\\/#\\\/schema\\\/logo\\\/image\\\/\"},\"sameAs\":[\"https:\\\/\\\/www.facebook.com\\\/kazaliste.komedija\\\/\",\"https:\\\/\\\/x.com\\\/KKomedija\",\"https:\\\/\\\/www.instagram.com\\\/kazaliste_komedija\\\/\",\"https:\\\/\\\/www.youtube.com\\\/channel\\\/UC1NcapMYUXJW3miW_oPxT5w\\\/videos\"]}]}<\/script>\n<!-- \/ Yoast SEO plugin. -->","yoast_head_json":{"title":"Gubec-beg - Kazali\u0161te Komedija","robots":{"index":"index","follow":"follow","max-snippet":"max-snippet:-1","max-image-preview":"max-image-preview:large","max-video-preview":"max-video-preview:-1"},"canonical":"https:\/\/www.komedija.hr\/www\/arhiva-predstava\/gubec-beg\/","og_locale":"hr_HR","og_type":"article","og_title":"Gubec-beg - Kazali\u0161te Komedija","og_description":"Rock opera Prva hrvatska rock-opera (peta u svijetu!), nakon svoje praizvedbe 5. o\u017eujka 1975., do\u017eivjela je nezapam\u0107en uspjeh: pri\u010da o vo\u0111i ustanka hrvatskih i slovenskih kmetova protiv gospodara Susedgrada Franje Tahija, koji zlostavlja kmetove Stubice, ispri\u010dana na dotad u Hrvatskoj nevi\u0111en na\u010din &#8211; u formi rock-opere, u\u0161la je u povijest kazali\u0161ta Komedija kao njegova dosad [&hellip;]","og_url":"https:\/\/www.komedija.hr\/www\/arhiva-predstava\/gubec-beg\/","og_site_name":"Kazali\u0161te Komedija","article_publisher":"https:\/\/www.facebook.com\/kazaliste.komedija\/","article_modified_time":"2012-04-16T11:59:47+00:00","twitter_card":"summary_large_image","twitter_site":"@KKomedija","twitter_misc":{"Procijenjeno vrijeme \u010ditanja":"6 minuta"},"schema":{"@context":"https:\/\/schema.org","@graph":[{"@type":"WebPage","@id":"https:\/\/www.komedija.hr\/www\/arhiva-predstava\/gubec-beg\/","url":"https:\/\/www.komedija.hr\/www\/arhiva-predstava\/gubec-beg\/","name":"Gubec-beg - Kazali\u0161te Komedija","isPartOf":{"@id":"http:\/\/www.komedija.hr\/www\/#website"},"datePublished":"2011-07-29T11:41:03+00:00","dateModified":"2012-04-16T11:59:47+00:00","breadcrumb":{"@id":"https:\/\/www.komedija.hr\/www\/arhiva-predstava\/gubec-beg\/#breadcrumb"},"inLanguage":"hr","potentialAction":[{"@type":"ReadAction","target":["https:\/\/www.komedija.hr\/www\/arhiva-predstava\/gubec-beg\/"]}]},{"@type":"BreadcrumbList","@id":"https:\/\/www.komedija.hr\/www\/arhiva-predstava\/gubec-beg\/#breadcrumb","itemListElement":[{"@type":"ListItem","position":1,"name":"Po\u010detna stranica","item":"http:\/\/www.komedija.hr\/www\/"},{"@type":"ListItem","position":2,"name":"Arhiva predstava","item":"https:\/\/www.komedija.hr\/www\/arhiva-predstava\/"},{"@type":"ListItem","position":3,"name":"Gubec-beg"}]},{"@type":"WebSite","@id":"http:\/\/www.komedija.hr\/www\/#website","url":"http:\/\/www.komedija.hr\/www\/","name":"Kazali\u0161te Komedija","description":"","publisher":{"@id":"http:\/\/www.komedija.hr\/www\/#organization"},"potentialAction":[{"@type":"SearchAction","target":{"@type":"EntryPoint","urlTemplate":"http:\/\/www.komedija.hr\/www\/?s={search_term_string}"},"query-input":{"@type":"PropertyValueSpecification","valueRequired":true,"valueName":"search_term_string"}}],"inLanguage":"hr"},{"@type":"Organization","@id":"http:\/\/www.komedija.hr\/www\/#organization","name":"Zagreba\u010dko gradsko Kazali\u0161ta Komedija","url":"http:\/\/www.komedija.hr\/www\/","logo":{"@type":"ImageObject","inLanguage":"hr","@id":"http:\/\/www.komedija.hr\/www\/#\/schema\/logo\/image\/","url":"https:\/\/www.komedija.hr\/www\/wp-content\/uploads\/2020\/02\/cropped-Kazaliste_Komedija_logo_2.png","contentUrl":"https:\/\/www.komedija.hr\/www\/wp-content\/uploads\/2020\/02\/cropped-Kazaliste_Komedija_logo_2.png","width":512,"height":512,"caption":"Zagreba\u010dko gradsko Kazali\u0161ta Komedija"},"image":{"@id":"http:\/\/www.komedija.hr\/www\/#\/schema\/logo\/image\/"},"sameAs":["https:\/\/www.facebook.com\/kazaliste.komedija\/","https:\/\/x.com\/KKomedija","https:\/\/www.instagram.com\/kazaliste_komedija\/","https:\/\/www.youtube.com\/channel\/UC1NcapMYUXJW3miW_oPxT5w\/videos"]}]}},"_links":{"self":[{"href":"https:\/\/www.komedija.hr\/www\/wp-json\/wp\/v2\/pages\/875","targetHints":{"allow":["GET"]}}],"collection":[{"href":"https:\/\/www.komedija.hr\/www\/wp-json\/wp\/v2\/pages"}],"about":[{"href":"https:\/\/www.komedija.hr\/www\/wp-json\/wp\/v2\/types\/page"}],"author":[{"embeddable":true,"href":"https:\/\/www.komedija.hr\/www\/wp-json\/wp\/v2\/users\/4"}],"replies":[{"embeddable":true,"href":"https:\/\/www.komedija.hr\/www\/wp-json\/wp\/v2\/comments?post=875"}],"version-history":[{"count":0,"href":"https:\/\/www.komedija.hr\/www\/wp-json\/wp\/v2\/pages\/875\/revisions"}],"up":[{"embeddable":true,"href":"https:\/\/www.komedija.hr\/www\/wp-json\/wp\/v2\/pages\/1659"}],"wp:attachment":[{"href":"https:\/\/www.komedija.hr\/www\/wp-json\/wp\/v2\/media?parent=875"}],"curies":[{"name":"wp","href":"https:\/\/api.w.org\/{rel}","templated":true}]}}