{"id":9027,"date":"2017-11-03T11:05:14","date_gmt":"2017-11-03T10:05:14","guid":{"rendered":"http:\/\/www.komedija.hr\/www\/?page_id=9027"},"modified":"2018-10-01T13:08:34","modified_gmt":"2018-10-01T11:08:34","slug":"v-balog-k-batinic-operetni-express-2-018","status":"publish","type":"page","link":"https:\/\/www.komedija.hr\/www\/arhiva-predstava\/v-balog-k-batinic-operetni-express-2-018\/","title":{"rendered":"OPERETNI EXPRESS 2 018"},"content":{"rendered":"<p>OPERETNI EXPRESS 2 018<br \/>\nAutori: <a href=\"http:\/\/www.komedija.hr\/www\/ansambl-2\/glumci\/balog-vid\/\">Vid Balog<\/a>, <a href=\"http:\/\/www.komedija.hr\/www\/ansambl-2\/glumci\/loncar-damir\/\">Damir Lon\u010dar<\/a> i <a href=\"http:\/\/www.komedija.hr\/www\/ansambl-2\/dirigenti\/kresimir-batinic\/\">Kre\u0161imir Batini\u0107<\/a><\/p>\n<p>Dirigent: Kre\u0161imir Batini\u0107<br \/>\nRedatelj: Damir Lon\u010dar<br \/>\nKoreografija: Lili \u010caki, Sonja Kastl, Dejan Jakovljevi\u0107, Leo Muji\u0107, \u017eenski baletni ansambl<br \/>\nKostimografkinja: Elvira Ulip<br \/>\nKoncert majstor: Melita \u0160afran<br \/>\nZborovo\u0111a: Branko Starc<\/p>\n<p>Sudjeluju: <a href=\"http:\/\/www.komedija.hr\/www\/ansambl-2\/pjevaci\/bagaric-sandra\/\">Sandra Bagari\u0107<\/a>, <a href=\"http:\/\/www.komedija.hr\/www\/ansambl-2\/pjevaci\/buric-vlatka\/\">Vlatka Buri\u0107 Dujmovi\u0107<\/a>, <a href=\"http:\/\/www.komedija.hr\/www\/ansambl-2\/glumci\/marija-boric\/\">Marija Bori\u0107<\/a>, <a href=\"http:\/\/www.komedija.hr\/www\/ansambl-2\/glumci\/palic-picukaric-jasna\/\">Jasna Pali\u0107 Picukari\u0107<\/a>, <a href=\"http:\/\/www.komedija.hr\/www\/ansambl-2\/glumci\/ciric-vanja\/\">Vanja \u0106iri\u0107<\/a>, <a href=\"http:\/\/www.komedija.hr\/www\/ansambl-2\/glumci\/sanja-marin-ozbolt\/\">Sanja Marin<\/a>, <a href=\"http:\/\/www.komedija.hr\/www\/ansambl-2\/pjevaci\/stipanicev-dani\/\">\u0110ani Stipani\u010dev<\/a>, <a href=\"#cmp-8128\">Damir Kla\u010dar<\/a>, <a href=\"http:\/\/www.komedija.hr\/www\/ansambl-2\/pjevaci\/ervin-baucic\/\">Ervin Bau\u010di\u0107<\/a>, <a href=\"http:\/\/www.komedija.hr\/www\/ansambl-2\/pjevaci\/adalbert-turner\/\">Adalbert Turner<\/a>, <a href=\"http:\/\/www.komedija.hr\/www\/ansambl-2\/glumci\/drazen-bratulic\/\">Dra\u017een Bratuli\u0107<\/a>, Domagoj Doroti\u0107, <a href=\"http:\/\/www.komedija.hr\/www\/ansambl-2\/glumci\/balog-vid\/\">Vid Balog<\/a>, <a href=\"http:\/\/www.komedija.hr\/www\/ansambl-2\/glumci\/mesin-igor\/\">Igor Me\u0161in<\/a>, <a href=\"http:\/\/www.komedija.hr\/www\/ansambl-2\/glumci\/loncar-damir\/\">Damir Lon\u010dar<\/a><\/p>\n<p>Orkestar, zbor i balet Kazali\u0161ta \u201eKomedija\u201c<\/p>\n<p>Godinu na izmaku u Kazali\u0161tu &#8220;Komedija&#8221; ispratit \u0107emo radosno i puni o\u010dekivanja i nade ukrcat se na ekspresni vlak te otputovati u novu 2018. godinu. Puna kompozicija operetnih arija, dueta i terceta raspjevanog i rasplesanog ansambla Komedije, punom parom kre\u0107e u nju. Ako ho\u0107ete s nama, ne \u010dasite ni \u010dasa! Putujemo prvim razredom (neg\u00b4 kak\u00b4!) preko Budimpe\u0161te do Be\u010da i dalje po Europi s prvoklasnim operetnim programom! (Radosti i vedrine pri nas v Komediji fala Bogu jo\u0161 uvek ima!). Od srca se preporu\u010duje dobro ohla\u0111en \u0161ampanjac, koji se sa svime sjajno sljubljuje! Vi sa svoje strane, za putovanje koje nam predstoji, trebate pripremiti samo dobru volju i vedar duh. Operetni express 2 018 polazi s kolodvora Kaptol, peron Komedija. Kupite na vrijeme kartu i bezrezervno si rezervirajte \u0161to bolja mjesta za vlak u sretnije i ljep\u0161e novo ljeto 2018.!<\/p>\n<p>&nbsp;<\/p>\n<p>&nbsp;<\/p>\n<p>&nbsp;<\/p>\n","protected":false},"excerpt":{"rendered":"<p>OPERETNI EXPRESS 2 018 Autori: Vid Balog, Damir Lon\u010dar i Kre\u0161imir Batini\u0107 Dirigent: Kre\u0161imir Batini\u0107 Redatelj: Damir Lon\u010dar Koreografija: Lili \u010caki, Sonja Kastl, Dejan Jakovljevi\u0107, Leo Muji\u0107, \u017eenski baletni ansambl Kostimografkinja: Elvira Ulip Koncert majstor: Melita \u0160afran Zborovo\u0111a: Branko Starc Sudjeluju: Sandra Bagari\u0107, Vlatka Buri\u0107 Dujmovi\u0107, Marija Bori\u0107, Jasna Pali\u0107 Picukari\u0107, Vanja \u0106iri\u0107, Sanja Marin, [&hellip;]<\/p>\n","protected":false},"author":5,"featured_media":9028,"parent":1659,"menu_order":0,"comment_status":"closed","ping_status":"closed","template":"","meta":{"ngg_post_thumbnail":0,"footnotes":""},"class_list":["post-9027","page","type-page","status-publish","has-post-thumbnail","hentry"],"yoast_head":"<!-- This site is optimized with the Yoast SEO plugin v27.5 - https:\/\/yoast.com\/product\/yoast-seo-wordpress\/ -->\n<title>OPERETNI EXPRESS 2 018 - Kazali\u0161te Komedija<\/title>\n<meta name=\"robots\" content=\"index, follow, max-snippet:-1, max-image-preview:large, max-video-preview:-1\" \/>\n<link rel=\"canonical\" href=\"https:\/\/www.komedija.hr\/www\/arhiva-predstava\/v-balog-k-batinic-operetni-express-2-018\/\" \/>\n<meta property=\"og:locale\" content=\"hr_HR\" \/>\n<meta property=\"og:type\" content=\"article\" \/>\n<meta property=\"og:title\" content=\"OPERETNI EXPRESS 2 018 - Kazali\u0161te Komedija\" \/>\n<meta property=\"og:description\" content=\"OPERETNI EXPRESS 2 018 Autori: Vid Balog, Damir Lon\u010dar i Kre\u0161imir Batini\u0107 Dirigent: Kre\u0161imir Batini\u0107 Redatelj: Damir Lon\u010dar Koreografija: Lili \u010caki, Sonja Kastl, Dejan Jakovljevi\u0107, Leo Muji\u0107, \u017eenski baletni ansambl Kostimografkinja: Elvira Ulip Koncert majstor: Melita \u0160afran Zborovo\u0111a: Branko Starc Sudjeluju: Sandra Bagari\u0107, Vlatka Buri\u0107 Dujmovi\u0107, Marija Bori\u0107, Jasna Pali\u0107 Picukari\u0107, Vanja \u0106iri\u0107, Sanja Marin, [&hellip;]\" \/>\n<meta property=\"og:url\" content=\"https:\/\/www.komedija.hr\/www\/arhiva-predstava\/v-balog-k-batinic-operetni-express-2-018\/\" \/>\n<meta property=\"og:site_name\" content=\"Kazali\u0161te Komedija\" \/>\n<meta property=\"article:publisher\" content=\"https:\/\/www.facebook.com\/kazaliste.komedija\/\" \/>\n<meta property=\"article:modified_time\" content=\"2018-10-01T11:08:34+00:00\" \/>\n<meta property=\"og:image\" content=\"https:\/\/www.komedija.hr\/www\/wp-content\/uploads\/2017\/11\/11S_0768.jpg\" \/>\n\t<meta property=\"og:image:width\" content=\"2126\" \/>\n\t<meta property=\"og:image:height\" content=\"1417\" \/>\n\t<meta property=\"og:image:type\" content=\"image\/jpeg\" \/>\n<meta name=\"twitter:card\" content=\"summary_large_image\" \/>\n<meta name=\"twitter:site\" content=\"@KKomedija\" \/>\n<meta name=\"twitter:label1\" content=\"Procijenjeno vrijeme \u010ditanja\" \/>\n\t<meta name=\"twitter:data1\" content=\"1 minuta\" \/>\n<script type=\"application\/ld+json\" class=\"yoast-schema-graph\">{\"@context\":\"https:\\\/\\\/schema.org\",\"@graph\":[{\"@type\":\"WebPage\",\"@id\":\"https:\\\/\\\/www.komedija.hr\\\/www\\\/arhiva-predstava\\\/v-balog-k-batinic-operetni-express-2-018\\\/\",\"url\":\"https:\\\/\\\/www.komedija.hr\\\/www\\\/arhiva-predstava\\\/v-balog-k-batinic-operetni-express-2-018\\\/\",\"name\":\"OPERETNI EXPRESS 2 018 - Kazali\u0161te Komedija\",\"isPartOf\":{\"@id\":\"http:\\\/\\\/www.komedija.hr\\\/www\\\/#website\"},\"primaryImageOfPage\":{\"@id\":\"https:\\\/\\\/www.komedija.hr\\\/www\\\/arhiva-predstava\\\/v-balog-k-batinic-operetni-express-2-018\\\/#primaryimage\"},\"image\":{\"@id\":\"https:\\\/\\\/www.komedija.hr\\\/www\\\/arhiva-predstava\\\/v-balog-k-batinic-operetni-express-2-018\\\/#primaryimage\"},\"thumbnailUrl\":\"https:\\\/\\\/www.komedija.hr\\\/www\\\/wp-content\\\/uploads\\\/2017\\\/11\\\/11S_0768.jpg\",\"datePublished\":\"2017-11-03T10:05:14+00:00\",\"dateModified\":\"2018-10-01T11:08:34+00:00\",\"breadcrumb\":{\"@id\":\"https:\\\/\\\/www.komedija.hr\\\/www\\\/arhiva-predstava\\\/v-balog-k-batinic-operetni-express-2-018\\\/#breadcrumb\"},\"inLanguage\":\"hr\",\"potentialAction\":[{\"@type\":\"ReadAction\",\"target\":[\"https:\\\/\\\/www.komedija.hr\\\/www\\\/arhiva-predstava\\\/v-balog-k-batinic-operetni-express-2-018\\\/\"]}]},{\"@type\":\"ImageObject\",\"inLanguage\":\"hr\",\"@id\":\"https:\\\/\\\/www.komedija.hr\\\/www\\\/arhiva-predstava\\\/v-balog-k-batinic-operetni-express-2-018\\\/#primaryimage\",\"url\":\"https:\\\/\\\/www.komedija.hr\\\/www\\\/wp-content\\\/uploads\\\/2017\\\/11\\\/11S_0768.jpg\",\"contentUrl\":\"https:\\\/\\\/www.komedija.hr\\\/www\\\/wp-content\\\/uploads\\\/2017\\\/11\\\/11S_0768.jpg\",\"width\":2126,\"height\":1417},{\"@type\":\"BreadcrumbList\",\"@id\":\"https:\\\/\\\/www.komedija.hr\\\/www\\\/arhiva-predstava\\\/v-balog-k-batinic-operetni-express-2-018\\\/#breadcrumb\",\"itemListElement\":[{\"@type\":\"ListItem\",\"position\":1,\"name\":\"Po\u010detna stranica\",\"item\":\"http:\\\/\\\/www.komedija.hr\\\/www\\\/\"},{\"@type\":\"ListItem\",\"position\":2,\"name\":\"Arhiva predstava\",\"item\":\"https:\\\/\\\/www.komedija.hr\\\/www\\\/arhiva-predstava\\\/\"},{\"@type\":\"ListItem\",\"position\":3,\"name\":\"OPERETNI EXPRESS 2 018\"}]},{\"@type\":\"WebSite\",\"@id\":\"http:\\\/\\\/www.komedija.hr\\\/www\\\/#website\",\"url\":\"http:\\\/\\\/www.komedija.hr\\\/www\\\/\",\"name\":\"Kazali\u0161te Komedija\",\"description\":\"\",\"publisher\":{\"@id\":\"http:\\\/\\\/www.komedija.hr\\\/www\\\/#organization\"},\"potentialAction\":[{\"@type\":\"SearchAction\",\"target\":{\"@type\":\"EntryPoint\",\"urlTemplate\":\"http:\\\/\\\/www.komedija.hr\\\/www\\\/?s={search_term_string}\"},\"query-input\":{\"@type\":\"PropertyValueSpecification\",\"valueRequired\":true,\"valueName\":\"search_term_string\"}}],\"inLanguage\":\"hr\"},{\"@type\":\"Organization\",\"@id\":\"http:\\\/\\\/www.komedija.hr\\\/www\\\/#organization\",\"name\":\"Zagreba\u010dko gradsko Kazali\u0161ta Komedija\",\"url\":\"http:\\\/\\\/www.komedija.hr\\\/www\\\/\",\"logo\":{\"@type\":\"ImageObject\",\"inLanguage\":\"hr\",\"@id\":\"http:\\\/\\\/www.komedija.hr\\\/www\\\/#\\\/schema\\\/logo\\\/image\\\/\",\"url\":\"https:\\\/\\\/www.komedija.hr\\\/www\\\/wp-content\\\/uploads\\\/2020\\\/02\\\/cropped-Kazaliste_Komedija_logo_2.png\",\"contentUrl\":\"https:\\\/\\\/www.komedija.hr\\\/www\\\/wp-content\\\/uploads\\\/2020\\\/02\\\/cropped-Kazaliste_Komedija_logo_2.png\",\"width\":512,\"height\":512,\"caption\":\"Zagreba\u010dko gradsko Kazali\u0161ta Komedija\"},\"image\":{\"@id\":\"http:\\\/\\\/www.komedija.hr\\\/www\\\/#\\\/schema\\\/logo\\\/image\\\/\"},\"sameAs\":[\"https:\\\/\\\/www.facebook.com\\\/kazaliste.komedija\\\/\",\"https:\\\/\\\/x.com\\\/KKomedija\",\"https:\\\/\\\/www.instagram.com\\\/kazaliste_komedija\\\/\",\"https:\\\/\\\/www.youtube.com\\\/channel\\\/UC1NcapMYUXJW3miW_oPxT5w\\\/videos\"]}]}<\/script>\n<!-- \/ Yoast SEO plugin. -->","yoast_head_json":{"title":"OPERETNI EXPRESS 2 018 - Kazali\u0161te Komedija","robots":{"index":"index","follow":"follow","max-snippet":"max-snippet:-1","max-image-preview":"max-image-preview:large","max-video-preview":"max-video-preview:-1"},"canonical":"https:\/\/www.komedija.hr\/www\/arhiva-predstava\/v-balog-k-batinic-operetni-express-2-018\/","og_locale":"hr_HR","og_type":"article","og_title":"OPERETNI EXPRESS 2 018 - Kazali\u0161te Komedija","og_description":"OPERETNI EXPRESS 2 018 Autori: Vid Balog, Damir Lon\u010dar i Kre\u0161imir Batini\u0107 Dirigent: Kre\u0161imir Batini\u0107 Redatelj: Damir Lon\u010dar Koreografija: Lili \u010caki, Sonja Kastl, Dejan Jakovljevi\u0107, Leo Muji\u0107, \u017eenski baletni ansambl Kostimografkinja: Elvira Ulip Koncert majstor: Melita \u0160afran Zborovo\u0111a: Branko Starc Sudjeluju: Sandra Bagari\u0107, Vlatka Buri\u0107 Dujmovi\u0107, Marija Bori\u0107, Jasna Pali\u0107 Picukari\u0107, Vanja \u0106iri\u0107, Sanja Marin, [&hellip;]","og_url":"https:\/\/www.komedija.hr\/www\/arhiva-predstava\/v-balog-k-batinic-operetni-express-2-018\/","og_site_name":"Kazali\u0161te Komedija","article_publisher":"https:\/\/www.facebook.com\/kazaliste.komedija\/","article_modified_time":"2018-10-01T11:08:34+00:00","og_image":[{"width":2126,"height":1417,"url":"https:\/\/www.komedija.hr\/www\/wp-content\/uploads\/2017\/11\/11S_0768.jpg","type":"image\/jpeg"}],"twitter_card":"summary_large_image","twitter_site":"@KKomedija","twitter_misc":{"Procijenjeno vrijeme \u010ditanja":"1 minuta"},"schema":{"@context":"https:\/\/schema.org","@graph":[{"@type":"WebPage","@id":"https:\/\/www.komedija.hr\/www\/arhiva-predstava\/v-balog-k-batinic-operetni-express-2-018\/","url":"https:\/\/www.komedija.hr\/www\/arhiva-predstava\/v-balog-k-batinic-operetni-express-2-018\/","name":"OPERETNI EXPRESS 2 018 - Kazali\u0161te Komedija","isPartOf":{"@id":"http:\/\/www.komedija.hr\/www\/#website"},"primaryImageOfPage":{"@id":"https:\/\/www.komedija.hr\/www\/arhiva-predstava\/v-balog-k-batinic-operetni-express-2-018\/#primaryimage"},"image":{"@id":"https:\/\/www.komedija.hr\/www\/arhiva-predstava\/v-balog-k-batinic-operetni-express-2-018\/#primaryimage"},"thumbnailUrl":"https:\/\/www.komedija.hr\/www\/wp-content\/uploads\/2017\/11\/11S_0768.jpg","datePublished":"2017-11-03T10:05:14+00:00","dateModified":"2018-10-01T11:08:34+00:00","breadcrumb":{"@id":"https:\/\/www.komedija.hr\/www\/arhiva-predstava\/v-balog-k-batinic-operetni-express-2-018\/#breadcrumb"},"inLanguage":"hr","potentialAction":[{"@type":"ReadAction","target":["https:\/\/www.komedija.hr\/www\/arhiva-predstava\/v-balog-k-batinic-operetni-express-2-018\/"]}]},{"@type":"ImageObject","inLanguage":"hr","@id":"https:\/\/www.komedija.hr\/www\/arhiva-predstava\/v-balog-k-batinic-operetni-express-2-018\/#primaryimage","url":"https:\/\/www.komedija.hr\/www\/wp-content\/uploads\/2017\/11\/11S_0768.jpg","contentUrl":"https:\/\/www.komedija.hr\/www\/wp-content\/uploads\/2017\/11\/11S_0768.jpg","width":2126,"height":1417},{"@type":"BreadcrumbList","@id":"https:\/\/www.komedija.hr\/www\/arhiva-predstava\/v-balog-k-batinic-operetni-express-2-018\/#breadcrumb","itemListElement":[{"@type":"ListItem","position":1,"name":"Po\u010detna stranica","item":"http:\/\/www.komedija.hr\/www\/"},{"@type":"ListItem","position":2,"name":"Arhiva predstava","item":"https:\/\/www.komedija.hr\/www\/arhiva-predstava\/"},{"@type":"ListItem","position":3,"name":"OPERETNI EXPRESS 2 018"}]},{"@type":"WebSite","@id":"http:\/\/www.komedija.hr\/www\/#website","url":"http:\/\/www.komedija.hr\/www\/","name":"Kazali\u0161te Komedija","description":"","publisher":{"@id":"http:\/\/www.komedija.hr\/www\/#organization"},"potentialAction":[{"@type":"SearchAction","target":{"@type":"EntryPoint","urlTemplate":"http:\/\/www.komedija.hr\/www\/?s={search_term_string}"},"query-input":{"@type":"PropertyValueSpecification","valueRequired":true,"valueName":"search_term_string"}}],"inLanguage":"hr"},{"@type":"Organization","@id":"http:\/\/www.komedija.hr\/www\/#organization","name":"Zagreba\u010dko gradsko Kazali\u0161ta Komedija","url":"http:\/\/www.komedija.hr\/www\/","logo":{"@type":"ImageObject","inLanguage":"hr","@id":"http:\/\/www.komedija.hr\/www\/#\/schema\/logo\/image\/","url":"https:\/\/www.komedija.hr\/www\/wp-content\/uploads\/2020\/02\/cropped-Kazaliste_Komedija_logo_2.png","contentUrl":"https:\/\/www.komedija.hr\/www\/wp-content\/uploads\/2020\/02\/cropped-Kazaliste_Komedija_logo_2.png","width":512,"height":512,"caption":"Zagreba\u010dko gradsko Kazali\u0161ta Komedija"},"image":{"@id":"http:\/\/www.komedija.hr\/www\/#\/schema\/logo\/image\/"},"sameAs":["https:\/\/www.facebook.com\/kazaliste.komedija\/","https:\/\/x.com\/KKomedija","https:\/\/www.instagram.com\/kazaliste_komedija\/","https:\/\/www.youtube.com\/channel\/UC1NcapMYUXJW3miW_oPxT5w\/videos"]}]}},"_links":{"self":[{"href":"https:\/\/www.komedija.hr\/www\/wp-json\/wp\/v2\/pages\/9027","targetHints":{"allow":["GET"]}}],"collection":[{"href":"https:\/\/www.komedija.hr\/www\/wp-json\/wp\/v2\/pages"}],"about":[{"href":"https:\/\/www.komedija.hr\/www\/wp-json\/wp\/v2\/types\/page"}],"author":[{"embeddable":true,"href":"https:\/\/www.komedija.hr\/www\/wp-json\/wp\/v2\/users\/5"}],"replies":[{"embeddable":true,"href":"https:\/\/www.komedija.hr\/www\/wp-json\/wp\/v2\/comments?post=9027"}],"version-history":[{"count":0,"href":"https:\/\/www.komedija.hr\/www\/wp-json\/wp\/v2\/pages\/9027\/revisions"}],"up":[{"embeddable":true,"href":"https:\/\/www.komedija.hr\/www\/wp-json\/wp\/v2\/pages\/1659"}],"wp:featuredmedia":[{"embeddable":true,"href":"https:\/\/www.komedija.hr\/www\/wp-json\/wp\/v2\/media\/9028"}],"wp:attachment":[{"href":"https:\/\/www.komedija.hr\/www\/wp-json\/wp\/v2\/media?parent=9027"}],"curies":[{"name":"wp","href":"https:\/\/api.w.org\/{rel}","templated":true}]}}