{"id":906,"date":"2011-08-02T19:46:52","date_gmt":"2011-08-02T17:46:52","guid":{"rendered":"http:\/\/www.komedija.hr\/web\/?page_id=906"},"modified":"2025-01-21T12:28:08","modified_gmt":"2025-01-21T11:28:08","slug":"appelt-dinko","status":"publish","type":"page","link":"https:\/\/www.komedija.hr\/www\/ansambl-2\/dirigenti\/appelt-dinko\/","title":{"rendered":"Dinko Appelt"},"content":{"rendered":"<table border=\"0\" width=\"100%\">\n<tbody>\n<tr>\n<td><a href=\"http:\/\/www.komedija.hr\/www\/wp-content\/uploads\/2011\/08\/Dinko-Appelt.jpg\"><img decoding=\"async\" class=\"alignnone wp-image-8382 size-medium\" src=\"http:\/\/www.komedija.hr\/www\/wp-content\/uploads\/2011\/08\/Dinko-Appelt-200x300.jpg\" alt=\"\" width=\"200\" height=\"300\" srcset=\"https:\/\/www.komedija.hr\/www\/wp-content\/uploads\/2011\/08\/Dinko-Appelt-200x300.jpg 200w, https:\/\/www.komedija.hr\/www\/wp-content\/uploads\/2011\/08\/Dinko-Appelt.jpg 532w\" sizes=\"(max-width: 200px) 100vw, 200px\" \/><\/a><\/td>\n<td>Dirigent<\/td>\n<\/tr>\n<tr valign=\"top\">\n<td colspan=\"2\" height=\"20\">&nbsp;<\/td>\n<\/tr>\n<tr>\n<td valign=\"top\" width=\"20%\" height=\"25\"><strong>DATUM I MJESTO RO\u0110ENJA <\/strong><\/td>\n<td valign=\"top\" width=\"80%\" height=\"25\">\n<div align=\"left\">3. lipnja 1976., Zagreb<\/div>\n<\/td>\n<\/tr>\n<tr>\n<td valign=\"top\" width=\"20%\" height=\"55\"><strong>ansambl<\/strong><\/td>\n<td valign=\"top\" width=\"80%\" height=\"55\">Kazali\u0161te &#8220;Komedija&#8221;, p.p. 428, Zagreb<br \/>\ntel.: +385 (0)1 48 13 200; fax: +385 (0)1 48 12 179<br \/>\ne-mail: <a title=\"blocked::mailto:dinkoappelt@gmail.com\" href=\"mailto:dinkoappelt@gmail.com\">dinkoappelt@gmail.com<\/a><\/td>\n<\/tr>\n<tr>\n<td valign=\"top\" width=\"20%\" height=\"25\"><strong>OBRAZOVANJE<\/strong><\/td>\n<td valign=\"top\" width=\"80%\" height=\"25\">Muzi\u010dka akademija Sveu\u010dili\u0161ta u Zagrebu, odjel dirigiranje, klasa Vjekoslava \u0160uteja<\/td>\n<\/tr>\n<tr>\n<td colspan=\"2\" valign=\"top\">&nbsp;<\/td>\n<\/tr>\n<tr>\n<td valign=\"top\" width=\"20%\" height=\"24\"><strong>KAZALI\u0160TE<\/strong><\/td>\n<td valign=\"top\" width=\"80%\" height=\"24\">HNK Ivana pl. Zajca: <strong>Krabuljin ples<\/strong>;<br \/>\nZGK &#8220;Komedija&#8221;: <strong>Jesus Christ Superstar (2000.),<\/strong> <strong><a title=\"Skidajte se do kraja\" href=\"http:\/\/www.komedija.hr\/web\/?page_id=616\">Skidajte se do kraja<\/a>, <a title=\"Aida\" href=\"http:\/\/www.komedija.hr\/web\/?page_id=247\">Aida<\/a>, <a title=\"Chicago\" href=\"http:\/\/www.komedija.hr\/web\/?page_id=832\">Chicago<\/a>, Kosa, Piaf, Mali du\u0107an strave,&nbsp; <a title=\"Briljantin\" href=\"http:\/\/www.komedija.hr\/web\/?page_id=304\">Briljantin<\/a>, Cabaret,&nbsp;<strong>Broadway u Komediji &#8211; Inventura; Mamma Mia!, Byron, Jesus Christ Superstar (2019.); Alfi Kabiljo: Moji mjuzikli #2; Ludnica s tenorima <\/strong><\/strong>(autor glazbe)<strong><strong>; Jadnici;&nbsp;<\/strong><\/strong><\/td>\n<\/tr>\n<tr>\n<td valign=\"top\" width=\"20%\" height=\"14\"><strong>KONCERTI<\/strong><\/td>\n<td valign=\"top\" width=\"80%\" height=\"14\"><strong><strong>Bo\u017ei\u0107ni koncert, Ciklus sfumato, <\/strong><\/strong>glazba za dodjelu <strong>Nagrade hrvatskog glumi\u0161ta<\/strong>, skladao glazbu&nbsp;za otvorenje <strong>\u0160ibenskog festivala<\/strong>, suradnja sa raznim redateljima u HNK Zagreb, Gavelli, Kerempuhu, Komediji, Maloj sceni, \u017dar ptici, Dubrova\u010dkim ljetnim igrama, SSG Trst, kazali\u0161tu Zorin Dom u Karlovcu, Tre\u0161nji, Kazali\u0161tu lutaka&#8230;<\/td>\n<\/tr>\n<tr>\n<td valign=\"top\" width=\"20%\" height=\"14\"><strong>ORKESTRI \/ ZBOROVI<\/strong><\/td>\n<td valign=\"top\" width=\"80%\" height=\"14\">zbor i orkestar ZGK &#8220;Komedija&#8221;, Zagreba\u010dka filharmonija, Simfonijski puha\u010dki orkestar Hrvatske vojske, Mje\u0161oviti zbor HRT-a<\/td>\n<\/tr>\n<tr>\n<td valign=\"top\" width=\"20%\" height=\"19\"><strong>OSTALO<\/strong><\/td>\n<td valign=\"top\" width=\"80%\" height=\"19\">skladao za film (<strong>Holding <\/strong>T. Radi\u0107a), televiziju (TV film <strong>Veliko spremanje <\/strong>Daniela Ku\u0161ana, <strong>Hrti\u0107-Hiti\u0107<\/strong>), radio (drama <strong>\u0160pacakomini<\/strong>, igra <strong>\u0160egrt Hlapi\u0107<\/strong>), kazali\u0161te (SK &#8220;Kerempuh&#8221;, Mala scena, Tre\u0161nja, ZGK &#8220;Komedija&#8221;, DK &#8220;Gavella&#8221;, Zorin dom Karlovac, zagreba\u010dko Kazali\u0161te lutaka); <strong>Dodjela nagrada hrvatskoga glumi\u0161ta 2002.<\/strong>Skladao je glazbu i za \u010detiri&nbsp; filma: <strong><em>Veliko spremanje <\/em><\/strong>Danijela Ku\u0161ana, <strong><em>Holding<\/em><\/strong> Tomislava Radi\u0107a, dugometra\u017eni animirani film <strong><em>Duga<\/em><\/strong>, Jo\u0161ka Maru\u0161i\u0107a i film <strong><em>Koko i duhovi<\/em> <\/strong>Danijela Ku\u0161ana, za koji je dobio i Zlatnu Arenu za najbolju glazbu 2011. Uspje\u0161no je sura\u0111ivao s redateljicom Dorom Ru\u017edjak Podolski 2006.godine na vi\u0161estruko nagra\u0111ivanoj predstavi Kazali\u0161ta Tre\u0161nja \u2013 <strong><em>Ljepotica i zvijer<\/em><\/strong>,a u velja\u010di 2009. premijerno se ,u istom kazali\u0161tu,izvodi i njegov prvi mjuzikl <strong><em>Svaki pas ima svoj dan <\/em><\/strong>za koji je tekst napisao Dubravko Mihanovi\u0107, a re\u017eiju potpisuje Dora Ru\u017e\u0111ak. Poslijednjih nekoliko godina redovito dirigira ciklusima koncerata za mlade u organizaciji Hrvatske glazbene mlade\u017ei i Zagreba\u010dke filharmonije,glazbu iz filmova <strong><em>Star Wars, Harry Potter i Gospodar prstenova<\/em><\/strong>&nbsp; te glazbenu bajku<em> <strong>Pe\u0107a i vuk<\/strong><\/em> koju je premijerno izveo i u Splitu sa orkestrom splitskog HNK u ljeto 2008.&nbsp;U jesen 2008. dirigirao je trima koncertima ZF u Osijeku, \u0110akovu i Vukovaru izvode\u0107i djela Dvoraka, Chaussona i Brahmsa.&nbsp;U prolje\u0107e 2009. sa Zagreba\u010dkom filharmonijom izvodi<strong><em> Slike s izlo\u017ebe<\/em>, <\/strong>M.P. Mussorgskog., a u prolje\u0107e 2010. <strong><em>\u0160eherezadu<\/em><\/strong> Nikolaja Rimski-Korsakova.<\/td>\n<\/tr>\n<tr>\n<td colspan=\"2\" valign=\"top\" height=\"32\">&nbsp;<\/td>\n<\/tr>\n<tr>\n<td valign=\"top\" width=\"20%\" height=\"19\"><strong>NAGRADE I PRIZNANJA<\/strong><\/td>\n<td valign=\"top\" width=\"80%\" height=\"19\"><strong>Nagrada hrvatskoga glumi\u0161ta <\/strong>godine 2004. za najbolje dirigentsko ostvarenje (<a title=\"Chicago\" href=\"http:\/\/www.komedija.hr\/web\/?page_id=832\">Chicago<\/a>)<br \/>\n<strong>Nagrada hrvatskog&nbsp;glumi\u0161ta<\/strong> godine 2006. za predstavu Full monty (<a title=\"Skidajte se do kraja\" href=\"http:\/\/www.komedija.hr\/web\/?page_id=616\">Skidajte se do kraja<\/a>)<br \/>\n<strong>Zlatna arena<\/strong> godine 2011. za najbolju glazbu (film &#8220;<strong>Koko i duhovi<\/strong><em>&#8220;)<\/em><\/td>\n<\/tr>\n<tr>\n<td colspan=\"2\" valign=\"top\" height=\"33\">&nbsp;<\/td>\n<\/tr>\n<tr>\n<td valign=\"top\" width=\"20%\" height=\"33\"><strong>STATUSI U &#8220;KOMEDIJI&#8221;<\/strong><\/td>\n<td valign=\"top\" width=\"80%\" height=\"33\">Prva premijera: 5. travnja 2000. (<a href=\"http:\/\/www.komedija.hr\/predstave\/jesus\/prva.htm\">Jesus Christ Superstar<\/a>); Zaposlen od 15. sije\u010dnja 2002.;<br \/>\ndirigent, aran\u017eer, skladatelj<\/td>\n<\/tr>\n<\/tbody>\n<\/table>\n","protected":false},"excerpt":{"rendered":"<p>Dirigent &nbsp; DATUM I MJESTO RO\u0110ENJA 3. lipnja 1976., Zagreb ansambl Kazali\u0161te &#8220;Komedija&#8221;, p.p. 428, Zagreb tel.: +385 (0)1 48 13 200; fax: +385 (0)1 48 12 179 e-mail: dinkoappelt@gmail.com OBRAZOVANJE Muzi\u010dka akademija Sveu\u010dili\u0161ta u Zagrebu, odjel dirigiranje, klasa Vjekoslava \u0160uteja &nbsp; KAZALI\u0160TE HNK Ivana pl. Zajca: Krabuljin ples; ZGK &#8220;Komedija&#8221;: Jesus Christ Superstar (2000.), [&hellip;]<\/p>\n","protected":false},"author":4,"featured_media":0,"parent":7025,"menu_order":0,"comment_status":"closed","ping_status":"closed","template":"","meta":{"ngg_post_thumbnail":0,"footnotes":""},"class_list":["post-906","page","type-page","status-publish","hentry"],"yoast_head":"<!-- This site is optimized with the Yoast SEO plugin v27.5 - https:\/\/yoast.com\/product\/yoast-seo-wordpress\/ -->\n<title>Dinko Appelt - Kazali\u0161te Komedija<\/title>\n<meta name=\"robots\" content=\"index, follow, max-snippet:-1, max-image-preview:large, max-video-preview:-1\" \/>\n<link rel=\"canonical\" href=\"https:\/\/www.komedija.hr\/www\/ansambl-2\/dirigenti\/appelt-dinko\/\" \/>\n<meta property=\"og:locale\" content=\"hr_HR\" \/>\n<meta property=\"og:type\" content=\"article\" \/>\n<meta property=\"og:title\" content=\"Dinko Appelt - Kazali\u0161te Komedija\" \/>\n<meta property=\"og:description\" content=\"Dirigent &nbsp; DATUM I MJESTO RO\u0110ENJA 3. lipnja 1976., Zagreb ansambl Kazali\u0161te &#8220;Komedija&#8221;, p.p. 428, Zagreb tel.: +385 (0)1 48 13 200; fax: +385 (0)1 48 12 179 e-mail: dinkoappelt@gmail.com OBRAZOVANJE Muzi\u010dka akademija Sveu\u010dili\u0161ta u Zagrebu, odjel dirigiranje, klasa Vjekoslava \u0160uteja &nbsp; KAZALI\u0160TE HNK Ivana pl. Zajca: Krabuljin ples; ZGK &#8220;Komedija&#8221;: Jesus Christ Superstar (2000.), [&hellip;]\" \/>\n<meta property=\"og:url\" content=\"https:\/\/www.komedija.hr\/www\/ansambl-2\/dirigenti\/appelt-dinko\/\" \/>\n<meta property=\"og:site_name\" content=\"Kazali\u0161te Komedija\" \/>\n<meta property=\"article:publisher\" content=\"https:\/\/www.facebook.com\/kazaliste.komedija\/\" \/>\n<meta property=\"article:modified_time\" content=\"2025-01-21T11:28:08+00:00\" \/>\n<meta property=\"og:image\" content=\"https:\/\/www.komedija.hr\/www\/wp-content\/uploads\/2011\/08\/Dinko-Appelt.jpg\" \/>\n\t<meta property=\"og:image:width\" content=\"532\" \/>\n\t<meta property=\"og:image:height\" content=\"800\" \/>\n\t<meta property=\"og:image:type\" content=\"image\/jpeg\" \/>\n<meta name=\"twitter:card\" content=\"summary_large_image\" \/>\n<meta name=\"twitter:site\" content=\"@KKomedija\" \/>\n<meta name=\"twitter:label1\" content=\"Procijenjeno vrijeme \u010ditanja\" \/>\n\t<meta name=\"twitter:data1\" content=\"3 minute\" \/>\n<script type=\"application\/ld+json\" class=\"yoast-schema-graph\">{\"@context\":\"https:\\\/\\\/schema.org\",\"@graph\":[{\"@type\":\"WebPage\",\"@id\":\"https:\\\/\\\/www.komedija.hr\\\/www\\\/ansambl-2\\\/dirigenti\\\/appelt-dinko\\\/\",\"url\":\"https:\\\/\\\/www.komedija.hr\\\/www\\\/ansambl-2\\\/dirigenti\\\/appelt-dinko\\\/\",\"name\":\"Dinko Appelt - Kazali\u0161te Komedija\",\"isPartOf\":{\"@id\":\"http:\\\/\\\/www.komedija.hr\\\/www\\\/#website\"},\"primaryImageOfPage\":{\"@id\":\"https:\\\/\\\/www.komedija.hr\\\/www\\\/ansambl-2\\\/dirigenti\\\/appelt-dinko\\\/#primaryimage\"},\"image\":{\"@id\":\"https:\\\/\\\/www.komedija.hr\\\/www\\\/ansambl-2\\\/dirigenti\\\/appelt-dinko\\\/#primaryimage\"},\"thumbnailUrl\":\"http:\\\/\\\/www.komedija.hr\\\/www\\\/wp-content\\\/uploads\\\/2011\\\/08\\\/Dinko-Appelt-200x300.jpg\",\"datePublished\":\"2011-08-02T17:46:52+00:00\",\"dateModified\":\"2025-01-21T11:28:08+00:00\",\"breadcrumb\":{\"@id\":\"https:\\\/\\\/www.komedija.hr\\\/www\\\/ansambl-2\\\/dirigenti\\\/appelt-dinko\\\/#breadcrumb\"},\"inLanguage\":\"hr\",\"potentialAction\":[{\"@type\":\"ReadAction\",\"target\":[\"https:\\\/\\\/www.komedija.hr\\\/www\\\/ansambl-2\\\/dirigenti\\\/appelt-dinko\\\/\"]}]},{\"@type\":\"ImageObject\",\"inLanguage\":\"hr\",\"@id\":\"https:\\\/\\\/www.komedija.hr\\\/www\\\/ansambl-2\\\/dirigenti\\\/appelt-dinko\\\/#primaryimage\",\"url\":\"https:\\\/\\\/www.komedija.hr\\\/www\\\/wp-content\\\/uploads\\\/2011\\\/08\\\/Dinko-Appelt.jpg\",\"contentUrl\":\"https:\\\/\\\/www.komedija.hr\\\/www\\\/wp-content\\\/uploads\\\/2011\\\/08\\\/Dinko-Appelt.jpg\",\"width\":532,\"height\":800},{\"@type\":\"BreadcrumbList\",\"@id\":\"https:\\\/\\\/www.komedija.hr\\\/www\\\/ansambl-2\\\/dirigenti\\\/appelt-dinko\\\/#breadcrumb\",\"itemListElement\":[{\"@type\":\"ListItem\",\"position\":1,\"name\":\"Po\u010detna stranica\",\"item\":\"http:\\\/\\\/www.komedija.hr\\\/www\\\/\"},{\"@type\":\"ListItem\",\"position\":2,\"name\":\"Ansambl\",\"item\":\"https:\\\/\\\/www.komedija.hr\\\/www\\\/ansambl-2\\\/\"},{\"@type\":\"ListItem\",\"position\":3,\"name\":\"Dirigenti\",\"item\":\"https:\\\/\\\/www.komedija.hr\\\/www\\\/ansambl-2\\\/dirigenti\\\/\"},{\"@type\":\"ListItem\",\"position\":4,\"name\":\"Dinko Appelt\"}]},{\"@type\":\"WebSite\",\"@id\":\"http:\\\/\\\/www.komedija.hr\\\/www\\\/#website\",\"url\":\"http:\\\/\\\/www.komedija.hr\\\/www\\\/\",\"name\":\"Kazali\u0161te Komedija\",\"description\":\"\",\"publisher\":{\"@id\":\"http:\\\/\\\/www.komedija.hr\\\/www\\\/#organization\"},\"potentialAction\":[{\"@type\":\"SearchAction\",\"target\":{\"@type\":\"EntryPoint\",\"urlTemplate\":\"http:\\\/\\\/www.komedija.hr\\\/www\\\/?s={search_term_string}\"},\"query-input\":{\"@type\":\"PropertyValueSpecification\",\"valueRequired\":true,\"valueName\":\"search_term_string\"}}],\"inLanguage\":\"hr\"},{\"@type\":\"Organization\",\"@id\":\"http:\\\/\\\/www.komedija.hr\\\/www\\\/#organization\",\"name\":\"Zagreba\u010dko gradsko Kazali\u0161ta Komedija\",\"url\":\"http:\\\/\\\/www.komedija.hr\\\/www\\\/\",\"logo\":{\"@type\":\"ImageObject\",\"inLanguage\":\"hr\",\"@id\":\"http:\\\/\\\/www.komedija.hr\\\/www\\\/#\\\/schema\\\/logo\\\/image\\\/\",\"url\":\"https:\\\/\\\/www.komedija.hr\\\/www\\\/wp-content\\\/uploads\\\/2020\\\/02\\\/cropped-Kazaliste_Komedija_logo_2.png\",\"contentUrl\":\"https:\\\/\\\/www.komedija.hr\\\/www\\\/wp-content\\\/uploads\\\/2020\\\/02\\\/cropped-Kazaliste_Komedija_logo_2.png\",\"width\":512,\"height\":512,\"caption\":\"Zagreba\u010dko gradsko Kazali\u0161ta Komedija\"},\"image\":{\"@id\":\"http:\\\/\\\/www.komedija.hr\\\/www\\\/#\\\/schema\\\/logo\\\/image\\\/\"},\"sameAs\":[\"https:\\\/\\\/www.facebook.com\\\/kazaliste.komedija\\\/\",\"https:\\\/\\\/x.com\\\/KKomedija\",\"https:\\\/\\\/www.instagram.com\\\/kazaliste_komedija\\\/\",\"https:\\\/\\\/www.youtube.com\\\/channel\\\/UC1NcapMYUXJW3miW_oPxT5w\\\/videos\"]}]}<\/script>\n<!-- \/ Yoast SEO plugin. -->","yoast_head_json":{"title":"Dinko Appelt - Kazali\u0161te Komedija","robots":{"index":"index","follow":"follow","max-snippet":"max-snippet:-1","max-image-preview":"max-image-preview:large","max-video-preview":"max-video-preview:-1"},"canonical":"https:\/\/www.komedija.hr\/www\/ansambl-2\/dirigenti\/appelt-dinko\/","og_locale":"hr_HR","og_type":"article","og_title":"Dinko Appelt - Kazali\u0161te Komedija","og_description":"Dirigent &nbsp; DATUM I MJESTO RO\u0110ENJA 3. lipnja 1976., Zagreb ansambl Kazali\u0161te &#8220;Komedija&#8221;, p.p. 428, Zagreb tel.: +385 (0)1 48 13 200; fax: +385 (0)1 48 12 179 e-mail: dinkoappelt@gmail.com OBRAZOVANJE Muzi\u010dka akademija Sveu\u010dili\u0161ta u Zagrebu, odjel dirigiranje, klasa Vjekoslava \u0160uteja &nbsp; KAZALI\u0160TE HNK Ivana pl. Zajca: Krabuljin ples; ZGK &#8220;Komedija&#8221;: Jesus Christ Superstar (2000.), [&hellip;]","og_url":"https:\/\/www.komedija.hr\/www\/ansambl-2\/dirigenti\/appelt-dinko\/","og_site_name":"Kazali\u0161te Komedija","article_publisher":"https:\/\/www.facebook.com\/kazaliste.komedija\/","article_modified_time":"2025-01-21T11:28:08+00:00","og_image":[{"width":532,"height":800,"url":"https:\/\/www.komedija.hr\/www\/wp-content\/uploads\/2011\/08\/Dinko-Appelt.jpg","type":"image\/jpeg"}],"twitter_card":"summary_large_image","twitter_site":"@KKomedija","twitter_misc":{"Procijenjeno vrijeme \u010ditanja":"3 minute"},"schema":{"@context":"https:\/\/schema.org","@graph":[{"@type":"WebPage","@id":"https:\/\/www.komedija.hr\/www\/ansambl-2\/dirigenti\/appelt-dinko\/","url":"https:\/\/www.komedija.hr\/www\/ansambl-2\/dirigenti\/appelt-dinko\/","name":"Dinko Appelt - Kazali\u0161te Komedija","isPartOf":{"@id":"http:\/\/www.komedija.hr\/www\/#website"},"primaryImageOfPage":{"@id":"https:\/\/www.komedija.hr\/www\/ansambl-2\/dirigenti\/appelt-dinko\/#primaryimage"},"image":{"@id":"https:\/\/www.komedija.hr\/www\/ansambl-2\/dirigenti\/appelt-dinko\/#primaryimage"},"thumbnailUrl":"http:\/\/www.komedija.hr\/www\/wp-content\/uploads\/2011\/08\/Dinko-Appelt-200x300.jpg","datePublished":"2011-08-02T17:46:52+00:00","dateModified":"2025-01-21T11:28:08+00:00","breadcrumb":{"@id":"https:\/\/www.komedija.hr\/www\/ansambl-2\/dirigenti\/appelt-dinko\/#breadcrumb"},"inLanguage":"hr","potentialAction":[{"@type":"ReadAction","target":["https:\/\/www.komedija.hr\/www\/ansambl-2\/dirigenti\/appelt-dinko\/"]}]},{"@type":"ImageObject","inLanguage":"hr","@id":"https:\/\/www.komedija.hr\/www\/ansambl-2\/dirigenti\/appelt-dinko\/#primaryimage","url":"https:\/\/www.komedija.hr\/www\/wp-content\/uploads\/2011\/08\/Dinko-Appelt.jpg","contentUrl":"https:\/\/www.komedija.hr\/www\/wp-content\/uploads\/2011\/08\/Dinko-Appelt.jpg","width":532,"height":800},{"@type":"BreadcrumbList","@id":"https:\/\/www.komedija.hr\/www\/ansambl-2\/dirigenti\/appelt-dinko\/#breadcrumb","itemListElement":[{"@type":"ListItem","position":1,"name":"Po\u010detna stranica","item":"http:\/\/www.komedija.hr\/www\/"},{"@type":"ListItem","position":2,"name":"Ansambl","item":"https:\/\/www.komedija.hr\/www\/ansambl-2\/"},{"@type":"ListItem","position":3,"name":"Dirigenti","item":"https:\/\/www.komedija.hr\/www\/ansambl-2\/dirigenti\/"},{"@type":"ListItem","position":4,"name":"Dinko Appelt"}]},{"@type":"WebSite","@id":"http:\/\/www.komedija.hr\/www\/#website","url":"http:\/\/www.komedija.hr\/www\/","name":"Kazali\u0161te Komedija","description":"","publisher":{"@id":"http:\/\/www.komedija.hr\/www\/#organization"},"potentialAction":[{"@type":"SearchAction","target":{"@type":"EntryPoint","urlTemplate":"http:\/\/www.komedija.hr\/www\/?s={search_term_string}"},"query-input":{"@type":"PropertyValueSpecification","valueRequired":true,"valueName":"search_term_string"}}],"inLanguage":"hr"},{"@type":"Organization","@id":"http:\/\/www.komedija.hr\/www\/#organization","name":"Zagreba\u010dko gradsko Kazali\u0161ta Komedija","url":"http:\/\/www.komedija.hr\/www\/","logo":{"@type":"ImageObject","inLanguage":"hr","@id":"http:\/\/www.komedija.hr\/www\/#\/schema\/logo\/image\/","url":"https:\/\/www.komedija.hr\/www\/wp-content\/uploads\/2020\/02\/cropped-Kazaliste_Komedija_logo_2.png","contentUrl":"https:\/\/www.komedija.hr\/www\/wp-content\/uploads\/2020\/02\/cropped-Kazaliste_Komedija_logo_2.png","width":512,"height":512,"caption":"Zagreba\u010dko gradsko Kazali\u0161ta Komedija"},"image":{"@id":"http:\/\/www.komedija.hr\/www\/#\/schema\/logo\/image\/"},"sameAs":["https:\/\/www.facebook.com\/kazaliste.komedija\/","https:\/\/x.com\/KKomedija","https:\/\/www.instagram.com\/kazaliste_komedija\/","https:\/\/www.youtube.com\/channel\/UC1NcapMYUXJW3miW_oPxT5w\/videos"]}]}},"_links":{"self":[{"href":"https:\/\/www.komedija.hr\/www\/wp-json\/wp\/v2\/pages\/906","targetHints":{"allow":["GET"]}}],"collection":[{"href":"https:\/\/www.komedija.hr\/www\/wp-json\/wp\/v2\/pages"}],"about":[{"href":"https:\/\/www.komedija.hr\/www\/wp-json\/wp\/v2\/types\/page"}],"author":[{"embeddable":true,"href":"https:\/\/www.komedija.hr\/www\/wp-json\/wp\/v2\/users\/4"}],"replies":[{"embeddable":true,"href":"https:\/\/www.komedija.hr\/www\/wp-json\/wp\/v2\/comments?post=906"}],"version-history":[{"count":1,"href":"https:\/\/www.komedija.hr\/www\/wp-json\/wp\/v2\/pages\/906\/revisions"}],"predecessor-version":[{"id":20084,"href":"https:\/\/www.komedija.hr\/www\/wp-json\/wp\/v2\/pages\/906\/revisions\/20084"}],"up":[{"embeddable":true,"href":"https:\/\/www.komedija.hr\/www\/wp-json\/wp\/v2\/pages\/7025"}],"wp:attachment":[{"href":"https:\/\/www.komedija.hr\/www\/wp-json\/wp\/v2\/media?parent=906"}],"curies":[{"name":"wp","href":"https:\/\/api.w.org\/{rel}","templated":true}]}}