{"id":946,"date":"2011-08-02T20:15:48","date_gmt":"2011-08-02T18:15:48","guid":{"rendered":"http:\/\/www.komedija.hr\/web\/?page_id=946"},"modified":"2024-03-15T12:54:43","modified_gmt":"2024-03-15T11:54:43","slug":"duvnjak-zeljko","status":"publish","type":"page","link":"https:\/\/www.komedija.hr\/www\/ansambl-2\/glumci\/duvnjak-zeljko\/","title":{"rendered":"\u017deljko Duvnjak"},"content":{"rendered":"<table border=\"0\" width=\"100%\">\n<tbody>\n<tr>\n<td><a href=\"http:\/\/www.komedija.hr\/www\/wp-content\/uploads\/2011\/08\/zeljko_duvnjak.jpg\" target=\"_blank\" rel=\"noopener noreferrer\"><img decoding=\"async\" class=\"alignnone wp-image-7303 size-medium\" src=\"http:\/\/www.komedija.hr\/www\/wp-content\/uploads\/2011\/08\/zeljko_duvnjak-200x300.jpg\" alt=\"zeljko_duvnjak\" width=\"200\" height=\"300\" srcset=\"https:\/\/www.komedija.hr\/www\/wp-content\/uploads\/2011\/08\/zeljko_duvnjak-200x300.jpg 200w, https:\/\/www.komedija.hr\/www\/wp-content\/uploads\/2011\/08\/zeljko_duvnjak.jpg 533w\" sizes=\"(max-width: 200px) 100vw, 200px\" \/><\/a><\/td>\n<td>Glumac<\/td>\n<\/tr>\n<tr>\n<td valign=\"top\" width=\"18%\" height=\"25\"><strong>MJESTO RO\u0110ENJA <\/strong><\/td>\n<td valign=\"top\" width=\"82%\" height=\"25\">\n<div align=\"left\">Zagreb<\/div>\n<\/td>\n<\/tr>\n<tr>\n<td valign=\"top\" width=\"18%\" height=\"53\"><strong>ansambl<\/strong><\/td>\n<td valign=\"top\" width=\"82%\" height=\"53\">Kazali\u0161te &#8220;Komedija&#8221;, p.p. 428, Zagreb<br \/>\ntel.: +385 (0)1 48 13 200; fax: +385 (0)1 48 12 179<br \/>\ne-mail: <a href=\"mailto:komedija@komedija.hr\">komedija@komedija.hr<\/a><\/td>\n<\/tr>\n<tr>\n<td valign=\"top\" width=\"18%\" height=\"25\"><strong>OBRAZOVANJE<\/strong><\/td>\n<td valign=\"top\" width=\"82%\" height=\"25\">Akademija dramske umjetnosti Sveu\u010dili\u0161ta u Zagrebu<\/td>\n<\/tr>\n<tr>\n<td colspan=\"2\" valign=\"top\">&nbsp;<\/td>\n<\/tr>\n<tr>\n<td valign=\"top\" width=\"18%\" height=\"275\"><strong>KAZALI\u0160TE<\/strong><\/td>\n<td valign=\"top\" width=\"82%\" height=\"275\">ZGK &#8220;Komedija&#8221;: <strong>Car Franjo Josip u Zagrebu, Dubravka, Gusla\u010d na krovu, Kidaj od svoje \u017eene, Lady \u0160ram, Muka i uskrsnu\u0107e spasitelja na\u0161ega, Colombe, Matija\u0161 Grabancija\u0161 Dijak, Crna kraljica, Glembajevi\u0107, \u0160trudl od tre\u0161anja, Pri\u010da s ju\u017ene strane, Od kreveta do kreveta, Luda lova, Voza\u010di za sva vremena, \u0160to sve \u010dinimo zbog ljubavi, Gospodsko dijete, Gostioni\u010darka, Veliki manevri u tijesnim ulicama, Cigle svete Elizabete, \u010caruga, San ivanjske no\u0107i, Mali du\u0107an strave, Patnje gospodina Mockinpotta, Skidajte se do kraja,&nbsp;<strong>Monty Python&#8217;s Spamalot, Mala kavana, Gospo\u0111ica iz Maxima<\/strong><\/strong>; <strong>Zaljubljeni Shakespeare, Grofica Marica, Mnogo vike niza\u0161to; Velo misto; Krava na granici<\/strong><br \/>\nADU: <strong>Umi\u0161ljeni bolesnik, Gri\u017eula, <\/strong>Dubrova\u010dke ljetne igre:<strong> Ecce homo, Skup, Romeo i Giulieta, Posjet stare dame<\/strong>; DG &#8220;Histrion&#8221;: <strong>K\u0107i Lotr\u0161\u010daka, Vitez slavonske ravni, Gri\u010dka vje\u0161tica, Kavana Torso, Diogene\u0161, Domagojada, Vesele \u017eenske s Gri\u010da<\/strong>; HNK Zagreb: <strong>Vu\u010djak, Antigona<\/strong>; DK &#8220;Gavella&#8221;: <strong>Ludi dani (Figaro se \u017eeni &#8211; Figaro se rastavlja)<\/strong>; &amp;TD: <strong>Lukava udovica<\/strong>; MKT\/Kazali\u0161te &#8220;Tre\u0161nja&#8221;: <strong>Pri\u010da za tri pljuske, Eko Eko, Rotkvica, Majstor Rumcajz<\/strong>; Teatar &#8220;Lapsus&#8221;: <strong>Scapinove spletke<\/strong>; Epilog teatar: <strong>Tra\u017ei se novi suprug<\/strong><\/td>\n<\/tr>\n<tr>\n<td valign=\"top\" width=\"18%\" height=\"14\"><strong>FILM<\/strong><\/td>\n<td valign=\"top\" width=\"82%\" height=\"14\"><strong>Zlatne godine<\/strong> (\u017dmega\u010d), <strong>Manifesto<\/strong> (Makavejev), <strong>Sands of Time<\/strong> (Nelson), <strong>Bogorodica<\/strong> (Hitrec), <strong>Potonulo groblje<\/strong> (Juran); sinkronizacija ma\u010dka Zvonimira u obje <strong>Velike pustolovine Stuarta Malog<\/strong><\/td>\n<\/tr>\n<tr>\n<td valign=\"top\" width=\"18%\" height=\"20\"><strong>TELEVIZIJA<\/strong><\/td>\n<td valign=\"top\" width=\"82%\" height=\"20\"><strong>Smogovci <\/strong>(HTV), <strong>\u017denidba &#8211; udaja <\/strong>(HTV),<strong> Mali raj<\/strong> (HTV), <strong>Moja ku\u0107ica, moja slobodica<\/strong> (HTV), <strong>Oskar me\u0111u detektivima<\/strong> (HTV), <strong>Lukavi lisac<\/strong> (HTV), <strong>Dr\u017e&#8217;te lopova<\/strong> (HTV), <strong>Policijske pri\u010de <\/strong>(HTV), <strong>Rad i dar &#8211; Grga i Florijan<\/strong> (HTV); brojne TV drame, dokumentarne i obrazovne emisije, sinkronizacije animiranih filmova<\/td>\n<\/tr>\n<tr>\n<td valign=\"top\" width=\"18%\" height=\"20\"><strong>RADIO<\/strong><\/td>\n<td valign=\"top\" width=\"82%\" height=\"20\">brojne radio drame (Dramski program HR), radijske propagandne poruke, ure\u0111ivanje i vo\u0111enje radijskih emisija (Radio Velika Gorica)<\/td>\n<\/tr>\n<tr>\n<td colspan=\"2\" valign=\"top\" height=\"33\">&nbsp;<\/td>\n<\/tr>\n<tr>\n<td valign=\"top\" width=\"18%\" height=\"33\"><strong>STATUSI U &#8220;KOMEDIJI&#8221;<\/strong><\/td>\n<td valign=\"top\" width=\"82%\" height=\"33\">prva premijera 31. o\u017eujka 1989. (Car Franjo Josip u Zagrebu), zaposlen od 1. svibnja 1989.<\/td>\n<\/tr>\n<\/tbody>\n<\/table>\n","protected":false},"excerpt":{"rendered":"<p>Glumac MJESTO RO\u0110ENJA Zagreb ansambl Kazali\u0161te &#8220;Komedija&#8221;, p.p. 428, Zagreb tel.: +385 (0)1 48 13 200; fax: +385 (0)1 48 12 179 e-mail: komedija@komedija.hr OBRAZOVANJE Akademija dramske umjetnosti Sveu\u010dili\u0161ta u Zagrebu &nbsp; KAZALI\u0160TE ZGK &#8220;Komedija&#8221;: Car Franjo Josip u Zagrebu, Dubravka, Gusla\u010d na krovu, Kidaj od svoje \u017eene, Lady \u0160ram, Muka i uskrsnu\u0107e spasitelja na\u0161ega, [&hellip;]<\/p>\n","protected":false},"author":4,"featured_media":0,"parent":6992,"menu_order":0,"comment_status":"closed","ping_status":"closed","template":"","meta":{"ngg_post_thumbnail":0,"footnotes":""},"class_list":["post-946","page","type-page","status-publish","hentry"],"yoast_head":"<!-- This site is optimized with the Yoast SEO plugin v27.5 - https:\/\/yoast.com\/product\/yoast-seo-wordpress\/ -->\n<title>\u017deljko Duvnjak - Kazali\u0161te Komedija<\/title>\n<meta name=\"robots\" content=\"index, follow, max-snippet:-1, max-image-preview:large, max-video-preview:-1\" \/>\n<link rel=\"canonical\" href=\"https:\/\/www.komedija.hr\/www\/ansambl-2\/glumci\/duvnjak-zeljko\/\" \/>\n<meta property=\"og:locale\" content=\"hr_HR\" \/>\n<meta property=\"og:type\" content=\"article\" \/>\n<meta property=\"og:title\" content=\"\u017deljko Duvnjak - Kazali\u0161te Komedija\" \/>\n<meta property=\"og:description\" content=\"Glumac MJESTO RO\u0110ENJA Zagreb ansambl Kazali\u0161te &#8220;Komedija&#8221;, p.p. 428, Zagreb tel.: +385 (0)1 48 13 200; fax: +385 (0)1 48 12 179 e-mail: komedija@komedija.hr OBRAZOVANJE Akademija dramske umjetnosti Sveu\u010dili\u0161ta u Zagrebu &nbsp; KAZALI\u0160TE ZGK &#8220;Komedija&#8221;: Car Franjo Josip u Zagrebu, Dubravka, Gusla\u010d na krovu, Kidaj od svoje \u017eene, Lady \u0160ram, Muka i uskrsnu\u0107e spasitelja na\u0161ega, [&hellip;]\" \/>\n<meta property=\"og:url\" content=\"https:\/\/www.komedija.hr\/www\/ansambl-2\/glumci\/duvnjak-zeljko\/\" \/>\n<meta property=\"og:site_name\" content=\"Kazali\u0161te Komedija\" \/>\n<meta property=\"article:publisher\" content=\"https:\/\/www.facebook.com\/kazaliste.komedija\/\" \/>\n<meta property=\"article:modified_time\" content=\"2024-03-15T11:54:43+00:00\" \/>\n<meta property=\"og:image\" content=\"http:\/\/www.komedija.hr\/www\/wp-content\/uploads\/2011\/08\/zeljko_duvnjak-200x300.jpg\" \/>\n<meta name=\"twitter:card\" content=\"summary_large_image\" \/>\n<meta name=\"twitter:site\" content=\"@KKomedija\" \/>\n<meta name=\"twitter:label1\" content=\"Procijenjeno vrijeme \u010ditanja\" \/>\n\t<meta name=\"twitter:data1\" content=\"2 minute\" \/>\n<script type=\"application\/ld+json\" class=\"yoast-schema-graph\">{\"@context\":\"https:\\\/\\\/schema.org\",\"@graph\":[{\"@type\":\"WebPage\",\"@id\":\"https:\\\/\\\/www.komedija.hr\\\/www\\\/ansambl-2\\\/glumci\\\/duvnjak-zeljko\\\/\",\"url\":\"https:\\\/\\\/www.komedija.hr\\\/www\\\/ansambl-2\\\/glumci\\\/duvnjak-zeljko\\\/\",\"name\":\"\u017deljko Duvnjak - Kazali\u0161te Komedija\",\"isPartOf\":{\"@id\":\"http:\\\/\\\/www.komedija.hr\\\/www\\\/#website\"},\"primaryImageOfPage\":{\"@id\":\"https:\\\/\\\/www.komedija.hr\\\/www\\\/ansambl-2\\\/glumci\\\/duvnjak-zeljko\\\/#primaryimage\"},\"image\":{\"@id\":\"https:\\\/\\\/www.komedija.hr\\\/www\\\/ansambl-2\\\/glumci\\\/duvnjak-zeljko\\\/#primaryimage\"},\"thumbnailUrl\":\"http:\\\/\\\/www.komedija.hr\\\/www\\\/wp-content\\\/uploads\\\/2011\\\/08\\\/zeljko_duvnjak-200x300.jpg\",\"datePublished\":\"2011-08-02T18:15:48+00:00\",\"dateModified\":\"2024-03-15T11:54:43+00:00\",\"breadcrumb\":{\"@id\":\"https:\\\/\\\/www.komedija.hr\\\/www\\\/ansambl-2\\\/glumci\\\/duvnjak-zeljko\\\/#breadcrumb\"},\"inLanguage\":\"hr\",\"potentialAction\":[{\"@type\":\"ReadAction\",\"target\":[\"https:\\\/\\\/www.komedija.hr\\\/www\\\/ansambl-2\\\/glumci\\\/duvnjak-zeljko\\\/\"]}]},{\"@type\":\"ImageObject\",\"inLanguage\":\"hr\",\"@id\":\"https:\\\/\\\/www.komedija.hr\\\/www\\\/ansambl-2\\\/glumci\\\/duvnjak-zeljko\\\/#primaryimage\",\"url\":\"https:\\\/\\\/www.komedija.hr\\\/www\\\/wp-content\\\/uploads\\\/2011\\\/08\\\/zeljko_duvnjak.jpg\",\"contentUrl\":\"https:\\\/\\\/www.komedija.hr\\\/www\\\/wp-content\\\/uploads\\\/2011\\\/08\\\/zeljko_duvnjak.jpg\",\"width\":533,\"height\":800},{\"@type\":\"BreadcrumbList\",\"@id\":\"https:\\\/\\\/www.komedija.hr\\\/www\\\/ansambl-2\\\/glumci\\\/duvnjak-zeljko\\\/#breadcrumb\",\"itemListElement\":[{\"@type\":\"ListItem\",\"position\":1,\"name\":\"Po\u010detna stranica\",\"item\":\"http:\\\/\\\/www.komedija.hr\\\/www\\\/\"},{\"@type\":\"ListItem\",\"position\":2,\"name\":\"Ansambl\",\"item\":\"https:\\\/\\\/www.komedija.hr\\\/www\\\/ansambl-2\\\/\"},{\"@type\":\"ListItem\",\"position\":3,\"name\":\"Glumci\",\"item\":\"https:\\\/\\\/www.komedija.hr\\\/www\\\/ansambl-2\\\/glumci\\\/\"},{\"@type\":\"ListItem\",\"position\":4,\"name\":\"\u017deljko Duvnjak\"}]},{\"@type\":\"WebSite\",\"@id\":\"http:\\\/\\\/www.komedija.hr\\\/www\\\/#website\",\"url\":\"http:\\\/\\\/www.komedija.hr\\\/www\\\/\",\"name\":\"Kazali\u0161te Komedija\",\"description\":\"\",\"publisher\":{\"@id\":\"http:\\\/\\\/www.komedija.hr\\\/www\\\/#organization\"},\"potentialAction\":[{\"@type\":\"SearchAction\",\"target\":{\"@type\":\"EntryPoint\",\"urlTemplate\":\"http:\\\/\\\/www.komedija.hr\\\/www\\\/?s={search_term_string}\"},\"query-input\":{\"@type\":\"PropertyValueSpecification\",\"valueRequired\":true,\"valueName\":\"search_term_string\"}}],\"inLanguage\":\"hr\"},{\"@type\":\"Organization\",\"@id\":\"http:\\\/\\\/www.komedija.hr\\\/www\\\/#organization\",\"name\":\"Zagreba\u010dko gradsko Kazali\u0161ta Komedija\",\"url\":\"http:\\\/\\\/www.komedija.hr\\\/www\\\/\",\"logo\":{\"@type\":\"ImageObject\",\"inLanguage\":\"hr\",\"@id\":\"http:\\\/\\\/www.komedija.hr\\\/www\\\/#\\\/schema\\\/logo\\\/image\\\/\",\"url\":\"https:\\\/\\\/www.komedija.hr\\\/www\\\/wp-content\\\/uploads\\\/2020\\\/02\\\/cropped-Kazaliste_Komedija_logo_2.png\",\"contentUrl\":\"https:\\\/\\\/www.komedija.hr\\\/www\\\/wp-content\\\/uploads\\\/2020\\\/02\\\/cropped-Kazaliste_Komedija_logo_2.png\",\"width\":512,\"height\":512,\"caption\":\"Zagreba\u010dko gradsko Kazali\u0161ta Komedija\"},\"image\":{\"@id\":\"http:\\\/\\\/www.komedija.hr\\\/www\\\/#\\\/schema\\\/logo\\\/image\\\/\"},\"sameAs\":[\"https:\\\/\\\/www.facebook.com\\\/kazaliste.komedija\\\/\",\"https:\\\/\\\/x.com\\\/KKomedija\",\"https:\\\/\\\/www.instagram.com\\\/kazaliste_komedija\\\/\",\"https:\\\/\\\/www.youtube.com\\\/channel\\\/UC1NcapMYUXJW3miW_oPxT5w\\\/videos\"]}]}<\/script>\n<!-- \/ Yoast SEO plugin. -->","yoast_head_json":{"title":"\u017deljko Duvnjak - Kazali\u0161te Komedija","robots":{"index":"index","follow":"follow","max-snippet":"max-snippet:-1","max-image-preview":"max-image-preview:large","max-video-preview":"max-video-preview:-1"},"canonical":"https:\/\/www.komedija.hr\/www\/ansambl-2\/glumci\/duvnjak-zeljko\/","og_locale":"hr_HR","og_type":"article","og_title":"\u017deljko Duvnjak - Kazali\u0161te Komedija","og_description":"Glumac MJESTO RO\u0110ENJA Zagreb ansambl Kazali\u0161te &#8220;Komedija&#8221;, p.p. 428, Zagreb tel.: +385 (0)1 48 13 200; fax: +385 (0)1 48 12 179 e-mail: komedija@komedija.hr OBRAZOVANJE Akademija dramske umjetnosti Sveu\u010dili\u0161ta u Zagrebu &nbsp; KAZALI\u0160TE ZGK &#8220;Komedija&#8221;: Car Franjo Josip u Zagrebu, Dubravka, Gusla\u010d na krovu, Kidaj od svoje \u017eene, Lady \u0160ram, Muka i uskrsnu\u0107e spasitelja na\u0161ega, [&hellip;]","og_url":"https:\/\/www.komedija.hr\/www\/ansambl-2\/glumci\/duvnjak-zeljko\/","og_site_name":"Kazali\u0161te Komedija","article_publisher":"https:\/\/www.facebook.com\/kazaliste.komedija\/","article_modified_time":"2024-03-15T11:54:43+00:00","og_image":[{"url":"http:\/\/www.komedija.hr\/www\/wp-content\/uploads\/2011\/08\/zeljko_duvnjak-200x300.jpg","type":"","width":"","height":""}],"twitter_card":"summary_large_image","twitter_site":"@KKomedija","twitter_misc":{"Procijenjeno vrijeme \u010ditanja":"2 minute"},"schema":{"@context":"https:\/\/schema.org","@graph":[{"@type":"WebPage","@id":"https:\/\/www.komedija.hr\/www\/ansambl-2\/glumci\/duvnjak-zeljko\/","url":"https:\/\/www.komedija.hr\/www\/ansambl-2\/glumci\/duvnjak-zeljko\/","name":"\u017deljko Duvnjak - Kazali\u0161te Komedija","isPartOf":{"@id":"http:\/\/www.komedija.hr\/www\/#website"},"primaryImageOfPage":{"@id":"https:\/\/www.komedija.hr\/www\/ansambl-2\/glumci\/duvnjak-zeljko\/#primaryimage"},"image":{"@id":"https:\/\/www.komedija.hr\/www\/ansambl-2\/glumci\/duvnjak-zeljko\/#primaryimage"},"thumbnailUrl":"http:\/\/www.komedija.hr\/www\/wp-content\/uploads\/2011\/08\/zeljko_duvnjak-200x300.jpg","datePublished":"2011-08-02T18:15:48+00:00","dateModified":"2024-03-15T11:54:43+00:00","breadcrumb":{"@id":"https:\/\/www.komedija.hr\/www\/ansambl-2\/glumci\/duvnjak-zeljko\/#breadcrumb"},"inLanguage":"hr","potentialAction":[{"@type":"ReadAction","target":["https:\/\/www.komedija.hr\/www\/ansambl-2\/glumci\/duvnjak-zeljko\/"]}]},{"@type":"ImageObject","inLanguage":"hr","@id":"https:\/\/www.komedija.hr\/www\/ansambl-2\/glumci\/duvnjak-zeljko\/#primaryimage","url":"https:\/\/www.komedija.hr\/www\/wp-content\/uploads\/2011\/08\/zeljko_duvnjak.jpg","contentUrl":"https:\/\/www.komedija.hr\/www\/wp-content\/uploads\/2011\/08\/zeljko_duvnjak.jpg","width":533,"height":800},{"@type":"BreadcrumbList","@id":"https:\/\/www.komedija.hr\/www\/ansambl-2\/glumci\/duvnjak-zeljko\/#breadcrumb","itemListElement":[{"@type":"ListItem","position":1,"name":"Po\u010detna stranica","item":"http:\/\/www.komedija.hr\/www\/"},{"@type":"ListItem","position":2,"name":"Ansambl","item":"https:\/\/www.komedija.hr\/www\/ansambl-2\/"},{"@type":"ListItem","position":3,"name":"Glumci","item":"https:\/\/www.komedija.hr\/www\/ansambl-2\/glumci\/"},{"@type":"ListItem","position":4,"name":"\u017deljko Duvnjak"}]},{"@type":"WebSite","@id":"http:\/\/www.komedija.hr\/www\/#website","url":"http:\/\/www.komedija.hr\/www\/","name":"Kazali\u0161te Komedija","description":"","publisher":{"@id":"http:\/\/www.komedija.hr\/www\/#organization"},"potentialAction":[{"@type":"SearchAction","target":{"@type":"EntryPoint","urlTemplate":"http:\/\/www.komedija.hr\/www\/?s={search_term_string}"},"query-input":{"@type":"PropertyValueSpecification","valueRequired":true,"valueName":"search_term_string"}}],"inLanguage":"hr"},{"@type":"Organization","@id":"http:\/\/www.komedija.hr\/www\/#organization","name":"Zagreba\u010dko gradsko Kazali\u0161ta Komedija","url":"http:\/\/www.komedija.hr\/www\/","logo":{"@type":"ImageObject","inLanguage":"hr","@id":"http:\/\/www.komedija.hr\/www\/#\/schema\/logo\/image\/","url":"https:\/\/www.komedija.hr\/www\/wp-content\/uploads\/2020\/02\/cropped-Kazaliste_Komedija_logo_2.png","contentUrl":"https:\/\/www.komedija.hr\/www\/wp-content\/uploads\/2020\/02\/cropped-Kazaliste_Komedija_logo_2.png","width":512,"height":512,"caption":"Zagreba\u010dko gradsko Kazali\u0161ta Komedija"},"image":{"@id":"http:\/\/www.komedija.hr\/www\/#\/schema\/logo\/image\/"},"sameAs":["https:\/\/www.facebook.com\/kazaliste.komedija\/","https:\/\/x.com\/KKomedija","https:\/\/www.instagram.com\/kazaliste_komedija\/","https:\/\/www.youtube.com\/channel\/UC1NcapMYUXJW3miW_oPxT5w\/videos"]}]}},"_links":{"self":[{"href":"https:\/\/www.komedija.hr\/www\/wp-json\/wp\/v2\/pages\/946","targetHints":{"allow":["GET"]}}],"collection":[{"href":"https:\/\/www.komedija.hr\/www\/wp-json\/wp\/v2\/pages"}],"about":[{"href":"https:\/\/www.komedija.hr\/www\/wp-json\/wp\/v2\/types\/page"}],"author":[{"embeddable":true,"href":"https:\/\/www.komedija.hr\/www\/wp-json\/wp\/v2\/users\/4"}],"replies":[{"embeddable":true,"href":"https:\/\/www.komedija.hr\/www\/wp-json\/wp\/v2\/comments?post=946"}],"version-history":[{"count":1,"href":"https:\/\/www.komedija.hr\/www\/wp-json\/wp\/v2\/pages\/946\/revisions"}],"predecessor-version":[{"id":18604,"href":"https:\/\/www.komedija.hr\/www\/wp-json\/wp\/v2\/pages\/946\/revisions\/18604"}],"up":[{"embeddable":true,"href":"https:\/\/www.komedija.hr\/www\/wp-json\/wp\/v2\/pages\/6992"}],"wp:attachment":[{"href":"https:\/\/www.komedija.hr\/www\/wp-json\/wp\/v2\/media?parent=946"}],"curies":[{"name":"wp","href":"https:\/\/api.w.org\/{rel}","templated":true}]}}